{"id":24414,"date":"2019-02-08T14:20:03","date_gmt":"2019-02-08T19:20:03","guid":{"rendered":"https:\/\/www.petmobile.ca\/?page_id=24414"},"modified":"2023-09-21T11:58:46","modified_gmt":"2023-09-21T16:58:46","slug":"confidentialite-et-securite","status":"publish","type":"page","link":"https:\/\/marketplace.petmobile.ca\/fr\/confidentialite-et-securite\/","title":{"rendered":"Confidentialit\u00e9 et s\u00e9curit\u00e9"},"content":{"rendered":"<div class=\"fusion-fullwidth fullwidth-box fusion-builder-row-1 fusion-flex-container nonhundred-percent-fullwidth non-hundred-percent-height-scrolling\" style=\"--awb-border-radius-top-left:0px;--awb-border-radius-top-right:0px;--awb-border-radius-bottom-right:0px;--awb-border-radius-bottom-left:0px;--awb-flex-wrap:wrap;\" ><div class=\"fusion-builder-row fusion-row fusion-flex-align-items-flex-start fusion-flex-content-wrap\" style=\"max-width:1216.8px;margin-left: calc(-4% \/ 2 );margin-right: calc(-4% \/ 2 );\"><div class=\"fusion-layout-column fusion_builder_column fusion-builder-column-0 fusion_builder_column_1_1 1_1 fusion-flex-column\" style=\"--awb-bg-size:cover;--awb-width-large:100%;--awb-margin-top-large:0px;--awb-spacing-right-large:1.92%;--awb-margin-bottom-large:0px;--awb-spacing-left-large:1.92%;--awb-width-medium:100%;--awb-spacing-right-medium:1.92%;--awb-spacing-left-medium:1.92%;--awb-width-small:100%;--awb-spacing-right-small:1.92%;--awb-spacing-left-small:1.92%;\"><div class=\"fusion-column-wrapper fusion-flex-justify-content-flex-start fusion-content-layout-column\"><div class=\"fusion-text fusion-text-1\"><h1>La protection de votre vie priv\u00e9e &#8211; notre priorit\u00e9<\/h1>\n<p><strong><em>Nous nous engageons \u00e0 prot\u00e9ger la confidentialit\u00e9 des donn\u00e9es personnelles de nos clients.<br \/>\nPetmobile.ca ne d\u00e9voile ou ne partage aucune information personnelle de ses clients \u00e0 aucun tiers.<\/em><\/strong><\/p>\n<h2 style=\"margin-bottom: 0; color: #8d9d5c;\">Responsable de la protection des renseignements personnels<\/h2>\n<p><strong>G\u00e9rald Trembay<\/strong><br \/>\n<a href=\"mailto:service@petmobile.ca\">service@petmobile.ca<\/a><\/p>\n<hr \/>\n<p><strong style=\"color: #8d9d5c;\">CONFIDENTIALIT\u00c9<\/strong><br \/>\nNous nous engageons \u00e0 prot\u00e9ger la confidentialit\u00e9 des donn\u00e9es personnelles de nos clients dans un environnement \u00e9lectronique. Cette section \u00e9nonce notre protocole en ce qui concerne la collecte et l\u2019utilisation des renseignements que vous nous communiquez par Internet.<\/p>\n<p>En visitant Petmobile.ca vous acceptez les conditions et termes l\u00e9gaux de la pr\u00e9sente convention de confidentialit\u00e9. Vous devrez nous fournir certains renseignements personnels lors de votre inscription au compte Petmobile.ca.<br \/>\nNous attirerons votre attention sur ce point avant de recueillir ce type de renseignement en vous demandant de remplir un formulaire d\u2019adh\u00e9sion.<br \/>\nNous avons besoin de ces renseignements pour informer nos clients de nos promotions et\/ou pour le soutien \u00e0 la client\u00e8le.<\/p>\n<p>Petmobile.ca ne d\u00e9voile \u00e0 aucun tiers les renseignements confidentiels sur ses clients, \u00e0 l\u2019exception de fournisseurs internes avec qui nous travaillons ou contractons pour faciliter l\u2019exploitation d\u2019un ou plusieurs aspects de notre commerce, produits et services que nous vous offrons.<br \/>\nCes fournisseurs internes sont sujets \u00e0 une clause de confidentialit\u00e9 et des restrictions l\u00e9gales qui les emp\u00eachent d\u2019utiliser l\u2019information que nous leur fournissons pour tout autre fin que celles \u00e9num\u00e9r\u00e9es ci haut, \u00e0 moins que vous en ayez fait explicitement la demande ou donn\u00e9 votre autorisation pr\u00e9c\u00e9demment pour toute utilisation suppl\u00e9mentaire.<\/p>\n<p>Si vous nous communiquez vos informations personnelles et curriculum vitae pour fin d\u2019embauche, ces informations seront strictement utilis\u00e9es pour \u00e9valuer vos qualifications pour le poste d\u00e9sir\u00e9 et possiblement pour un contact futur afin d\u2019obtenir plus d\u2019informations.<\/p>\n<hr\/>\n<p><strong>Ce site Web, comme de nombreux autres, fait appel aux outils Google Analytics afin d\u2019analyser le comportement des utilisateurs sur PetMobile.<\/strong><\/p>\n<p><strong style=\"color: #8d9d5c;\">GOOGLE ANALYTICS<\/strong><br \/>\nGoogle Analytics est un service d\u2019analyse Web offert par Google. Google collige des donn\u00e9es anonymis\u00e9es recueillies pendant une session de navigation d\u2019un utilisateur, les classe et permet de les visualiser. Il recueille des donn\u00e9es notamment sur les habitudes de navigation (y compris les liens sur lesquels l\u2019utilisateur a cliqu\u00e9 et les pages qu\u2019il a visit\u00e9es), la r\u00e9gion d\u2019origine (selon le protocole IP), la source du trafic (p. ex., les sites r\u00e9f\u00e9rents), la langue pr\u00e9f\u00e9r\u00e9e, le type de navigateur et la taille de l\u2019\u00e9cran.<\/p>\n<p>Google peut se servir des donn\u00e9es recueillies pour contextualiser et personnaliser les annonces diffus\u00e9es par son propre r\u00e9seau de publicit\u00e9.<\/p>\n<p>Donn\u00e9es personnelles collig\u00e9es : t\u00e9moins et donn\u00e9es relatives \u00e0 l\u2019utilisation<\/p>\n<p>Pour obtenir de plus amples renseignements, veuillez consulter la politique de confidentialit\u00e9 de Google.<\/p>\n<\/div><\/div><\/div><\/div><\/div>\n","protected":false},"excerpt":{"rendered":"","protected":false},"author":1978,"featured_media":0,"parent":0,"menu_order":0,"comment_status":"closed","ping_status":"closed","template":"","meta":{"_acf_changed":false,"_themeisle_gutenberg_block_has_review":false,"footnotes":""},"class_list":["post-24414","page","type-page","status-publish","hentry"],"acf":[],"_links":{"self":[{"href":"https:\/\/marketplace.petmobile.ca\/fr\/wp-json\/wp\/v2\/pages\/24414","targetHints":{"allow":["GET"]}}],"collection":[{"href":"https:\/\/marketplace.petmobile.ca\/fr\/wp-json\/wp\/v2\/pages"}],"about":[{"href":"https:\/\/marketplace.petmobile.ca\/fr\/wp-json\/wp\/v2\/types\/page"}],"author":[{"embeddable":true,"href":"https:\/\/marketplace.petmobile.ca\/fr\/wp-json\/wp\/v2\/users\/1978"}],"replies":[{"embeddable":true,"href":"https:\/\/marketplace.petmobile.ca\/fr\/wp-json\/wp\/v2\/comments?post=24414"}],"version-history":[{"count":2,"href":"https:\/\/marketplace.petmobile.ca\/fr\/wp-json\/wp\/v2\/pages\/24414\/revisions"}],"predecessor-version":[{"id":72314,"href":"https:\/\/marketplace.petmobile.ca\/fr\/wp-json\/wp\/v2\/pages\/24414\/revisions\/72314"}],"wp:attachment":[{"href":"https:\/\/marketplace.petmobile.ca\/fr\/wp-json\/wp\/v2\/media?parent=24414"}],"curies":[{"name":"wp","href":"https:\/\/api.w.org\/{rel}","templated":true}]}}