{"id":25,"date":"2018-11-30T21:12:05","date_gmt":"2018-11-30T20:12:05","guid":{"rendered":"https:\/\/www.petmobile.ca\/?page_id=25"},"modified":"2019-09-25T12:02:04","modified_gmt":"2019-09-25T16:02:04","slug":"a-propos","status":"publish","type":"page","link":"https:\/\/marketplace.petmobile.ca\/fr\/a-propos\/","title":{"rendered":"\u00c0 propos"},"content":{"rendered":"<div class=\"fusion-fullwidth fullwidth-box fusion-builder-row-1 nonhundred-percent-fullwidth non-hundred-percent-height-scrolling\" style=\"--awb-border-radius-top-left:0px;--awb-border-radius-top-right:0px;--awb-border-radius-bottom-right:0px;--awb-border-radius-bottom-left:0px;--awb-flex-wrap:wrap;\" ><div class=\"fusion-builder-row fusion-row\"><div class=\"fusion-layout-column fusion_builder_column fusion-builder-column-0 fusion_builder_column_1_1 1_1 fusion-one-full fusion-column-first fusion-column-last\" style=\"--awb-bg-size:cover;--awb-margin-top:0px;--awb-margin-bottom:0px;\"><div class=\"fusion-column-wrapper fusion-flex-column-wrapper-legacy\"><div class=\"fusion-text fusion-text-1\"><p style=\"font-weight: 400;\"><strong>Qui sommes-nous?<\/strong><\/p>\n<p style=\"font-weight: 400;\">Petmobile est un leader du march\u00e9 sp\u00e9cialis\u00e9 dans la livraison \u00e0 domicile d&rsquo;aliments et d&rsquo;accessoires pour animaux de compagnie. Fond\u00e9 au Qu\u00e9bec en 1996, Petmobile est fier de vous offrir un vaste choix d\u2019aliments de haute qualit\u00e9, ainsi que plus de 10 000 produits et d&rsquo;accessoires pour tous les types d\u2019animaux de compagnie. De plus, nous souhaitons \u00eatre le carrefour de ressources pour tout ce qui a trait aux divers ressources li\u00e9es aux animaux de compagnie.<\/p>\n<p style=\"font-weight: 400;\"><strong>Nous nous engageons \u00e0 \u00e9tablir des relations de confiance avec nos clients et \u00e0 assurer le bien-\u00eatre de vos animaux domestiques.<\/strong><\/p>\n<p>Petmobile est aussi une nouvelle plateforme web o\u00f9 vous aller trouver de tout pour votre animal de compagnie. Vous avez besoin de nourriture livr\u00e9e directement \u00e0 votre porte par un conseiller en nutrition animal? Vous \u00eates \u00e0 la recherche d&rsquo;un toiletteur dans votre r\u00e9gion ou d&rsquo;un marcheur de chien? Nous commen\u00e7ons \u00e0 recueillir des offres de services dans votre secteur et nous voudrions conna\u00eetre vos besoins pour vous offrir des services \u00e0 la hauteur de ceux-ci!<\/p>\n<p>Allez sur <strong>PetMobile.ca<\/strong> et vous pouvez vous faire livrer <strong>gratuitement<\/strong> votre nourriture \u00e0 la maison. Commencer \u00e0 accumuler vos points PetMobile, \u00e9changeables sur tous nos produits et services. Venez nous voir nous sommes un magasin virtuel pour tous vos besoins pour vos animaux de compagnie.<\/p>\n<\/div><div class=\"fusion-clearfix\"><\/div><\/div><\/div><\/div><\/div>\n","protected":false},"excerpt":{"rendered":"","protected":false},"author":1978,"featured_media":0,"parent":0,"menu_order":0,"comment_status":"closed","ping_status":"closed","template":"","meta":{"_acf_changed":false,"_themeisle_gutenberg_block_has_review":false,"footnotes":""},"class_list":["post-25","page","type-page","status-publish","hentry"],"acf":[],"_links":{"self":[{"href":"https:\/\/marketplace.petmobile.ca\/fr\/wp-json\/wp\/v2\/pages\/25","targetHints":{"allow":["GET"]}}],"collection":[{"href":"https:\/\/marketplace.petmobile.ca\/fr\/wp-json\/wp\/v2\/pages"}],"about":[{"href":"https:\/\/marketplace.petmobile.ca\/fr\/wp-json\/wp\/v2\/types\/page"}],"author":[{"embeddable":true,"href":"https:\/\/marketplace.petmobile.ca\/fr\/wp-json\/wp\/v2\/users\/1978"}],"replies":[{"embeddable":true,"href":"https:\/\/marketplace.petmobile.ca\/fr\/wp-json\/wp\/v2\/comments?post=25"}],"version-history":[{"count":0,"href":"https:\/\/marketplace.petmobile.ca\/fr\/wp-json\/wp\/v2\/pages\/25\/revisions"}],"wp:attachment":[{"href":"https:\/\/marketplace.petmobile.ca\/fr\/wp-json\/wp\/v2\/media?parent=25"}],"curies":[{"name":"wp","href":"https:\/\/api.w.org\/{rel}","templated":true}]}}