{"id":28591,"date":"2019-09-16T18:05:24","date_gmt":"2019-09-16T22:05:24","guid":{"rendered":"https:\/\/www.petmobile.ca\/?page_id=28591"},"modified":"2022-09-22T14:52:31","modified_gmt":"2022-09-22T19:52:31","slug":"enviromagic","status":"publish","type":"page","link":"https:\/\/marketplace.petmobile.ca\/fr\/marques\/enviromagic\/","title":{"rendered":"EnviroMagic"},"content":{"rendered":"<div class=\"fusion-fullwidth fullwidth-box fusion-builder-row-1 nonhundred-percent-fullwidth non-hundred-percent-height-scrolling\" style=\"--awb-border-radius-top-left:0px;--awb-border-radius-top-right:0px;--awb-border-radius-bottom-right:0px;--awb-border-radius-bottom-left:0px;--awb-flex-wrap:wrap;\" ><div class=\"fusion-builder-row fusion-row\"><div class=\"fusion-layout-column fusion_builder_column fusion-builder-column-0 fusion_builder_column_1_1 1_1 fusion-one-full fusion-column-first fusion-column-last\" style=\"--awb-bg-size:cover;--awb-margin-top:0px;--awb-margin-bottom:0px;\"><div class=\"fusion-column-wrapper fusion-flex-column-wrapper-legacy\"><div class=\"fusion-text fusion-text-1\"><h2>EnviroMagic<\/h2>\n<\/div><div class=\"fusion-text fusion-text-2\"><p>EnviroMagic est une marque de tr\u00e8s grande qualit\u00e9 \u00e0 un prix abordable. Elle est faite \u00e0 partir d\u2019agile et de Z\u00e9olite selon les cas. Le Z\u00e9olite aide \u00e0 une meilleure absorption des liquides. Toutes les liti\u00e8res EnviroMagic sont \u00e0 99,9% d\u00e9poussi\u00e9r\u00e9, ce qui est parfait surtout dans des petits endroits. La liti\u00e8re contient un agent absorbant unique qui contient l\u2019odeur de l\u2019ammoniaque. Faites-en l\u2019essai, vous allez l\u2019adorer.<\/p>\n<p><a href=\"https:\/\/marketplace.petmobile.ca\/fr\/?s=Enviro&#038;lang=fr\"><strong>D\u00e9couvrez nos produits &gt;<\/strong><\/a><\/p>\n<\/div><div class=\"fusion-clearfix\"><\/div><\/div><\/div><\/div><\/div>\n","protected":false},"excerpt":{"rendered":"","protected":false},"author":1978,"featured_media":0,"parent":28339,"menu_order":0,"comment_status":"closed","ping_status":"closed","template":"","meta":{"_acf_changed":false,"_themeisle_gutenberg_block_has_review":false,"footnotes":""},"class_list":["post-28591","page","type-page","status-publish","hentry"],"acf":[],"_links":{"self":[{"href":"https:\/\/marketplace.petmobile.ca\/fr\/wp-json\/wp\/v2\/pages\/28591","targetHints":{"allow":["GET"]}}],"collection":[{"href":"https:\/\/marketplace.petmobile.ca\/fr\/wp-json\/wp\/v2\/pages"}],"about":[{"href":"https:\/\/marketplace.petmobile.ca\/fr\/wp-json\/wp\/v2\/types\/page"}],"author":[{"embeddable":true,"href":"https:\/\/marketplace.petmobile.ca\/fr\/wp-json\/wp\/v2\/users\/1978"}],"replies":[{"embeddable":true,"href":"https:\/\/marketplace.petmobile.ca\/fr\/wp-json\/wp\/v2\/comments?post=28591"}],"version-history":[{"count":1,"href":"https:\/\/marketplace.petmobile.ca\/fr\/wp-json\/wp\/v2\/pages\/28591\/revisions"}],"predecessor-version":[{"id":70670,"href":"https:\/\/marketplace.petmobile.ca\/fr\/wp-json\/wp\/v2\/pages\/28591\/revisions\/70670"}],"up":[{"embeddable":true,"href":"https:\/\/marketplace.petmobile.ca\/fr\/wp-json\/wp\/v2\/pages\/28339"}],"wp:attachment":[{"href":"https:\/\/marketplace.petmobile.ca\/fr\/wp-json\/wp\/v2\/media?parent=28591"}],"curies":[{"name":"wp","href":"https:\/\/api.w.org\/{rel}","templated":true}]}}