{"id":29835,"date":"2019-11-22T14:49:21","date_gmt":"2019-11-22T18:49:21","guid":{"rendered":"https:\/\/www.petmobile.ca\/?page_id=29835"},"modified":"2019-11-22T14:49:21","modified_gmt":"2019-11-22T18:49:21","slug":"termes-et-conditions","status":"publish","type":"page","link":"https:\/\/marketplace.petmobile.ca\/fr\/termes-et-conditions\/","title":{"rendered":"Termes et Conditions"},"content":{"rendered":"<h1>MODALIT\u00c9S ET CONDITIONS D\u2019UTILISATION<\/h1>\n<p><strong>Ce site est la propri\u00e9t\u00e9 de et est contr\u00f4l\u00e9 par Petmobile.ca. Vous \u00eates pri\u00e9s de prendre connaissance des modalit\u00e9s et conditions \u2013 lesquelles peuvent \u00eatre modifi\u00e9es \u00e0 tout moment et sans pr\u00e9avis \u00e9crit par Petmobile.ca \u2013 r\u00e9gissant l\u2019utilisation de ce site.<\/strong><\/p>\n<p>S\u2019il y a un changement \u00e0 notre politique de confidentialit\u00e9, la politique r\u00e9vis\u00e9e sera affich\u00e9e sur notre site Internet. Peu importe le changement fait \u00e0 notre politique de renseignement, nous utiliserons votre information personnelle selon la politique de confidentialit\u00e9 en vigueur au moment o\u00f9 vous avez donn\u00e9 l\u2019information, \u00e0 moins que vous nous donniez votre consentement \u00e0 une date ult\u00e9rieure pour tout autre utilisation.<\/p>\n<p>Le contenu int\u00e9gral, y compris, sans s\u2019y limiter, tous les textes, designs, ic\u00f4nes, photographies, codes et logiciels utilis\u00e9s ou int\u00e9gr\u00e9s \u00e0 ce site, ainsi que l\u2019organisation et la pr\u00e9sentation de son contenu sont des marques d\u00e9pos\u00e9es, des informations prot\u00e9g\u00e9es par le droit d\u2019auteur ou un autre droit de propri\u00e9t\u00e9 intellectuelle de Petmobile.ca.Le contenu de notre site Internet est destin\u00e9 uniquement \u00e0 votre usage personnel et non \u00e0 un usage commercial. Il vous est permis de copier \u00e9lectroniquement ou d\u2019imprimer sur papier toute page du site pour votre usage personnel, seulement pour magasiner chez Petmobile.ca ou pour passer une commande.\u00c0 l\u2019exclusion des dispositions \u00e9nonc\u00e9es ci-dessus, il vous est interdit de reproduire, publier, transmettre, distribuer, afficher, modifier, vendre de fa\u00e7on directe ou indirecte, ou d\u2019exploiter toute information ou article contenus dans ce site, ou m\u00eame de cr\u00e9er une ouvre d\u00e9riv\u00e9e \u00e0 cet \u00e9gard.<\/p>\n<p>Ce site Internet peut contenir des liens \u00e0 d\u2019autres sites Internet. Petmobile.ca ne prend aucun engagement ou responsabilit\u00e9 concernant tout site Internet auquel vous pourriez avoir acc\u00e8s via ce site et se d\u00e9clare tout \u00e0 fait ind\u00e9pendante face \u00e0 ces sites. Petmobile.ca n\u2019exerce aucun contr\u00f4le sur le contenu de ces sites et la pr\u00e9sence de ces liens ne constitue d\u2019aucune fa\u00e7on son adh\u00e9sion aux autres sites Internet.Les renseignements, produits et services de ce site sont fournis \u00ab tels quels \u00bb sans garanties d\u2019aucune sorte.<\/p>\n<p>Malgr\u00e9 tous les efforts raisonnables d\u00e9ploy\u00e9s pour assurer l\u2019exactitude et la mise \u00e0 jour du contenu de son site, Petmobile.ca n\u2019assume aucune responsabilit\u00e9 \u00e0 l\u2019\u00e9gard de l\u2019exactitude ou de la validit\u00e9 des d\u00e9clarations renferm\u00e9es dans les documents contenus sur ce site Internet.<\/p>\n<p>Vous vous engagez \u00e0 utiliser ce site Internet \u00e0 vos propres risques. Les pr\u00e9sentes modalit\u00e9s et conditions d\u2019utilisation ainsi que toute transaction faite par l\u2019entremise de ce site sont r\u00e9gies et interpr\u00e9t\u00e9es conform\u00e9ment aux lois de la province de Qu\u00e9bec, nonobstant tout conflit de juridiction.<\/p>\n<p>Tout litige relatif \u00e0 ce site Internet, aux modalit\u00e9s et conditions, ou \u00e0 toute transaction, incluant la vente d\u2019un produit, en utilisant ce site Internet sera r\u00e9git par les lois de la province du Qu\u00e9bec.<\/p>\n<p>Si vous avez des questions ou des commentaires, n\u2019h\u00e9sitez pas \u00e0 les adresser \u00e0\u00a0<a href=\"mailto:info@petmobile.ca\">info@petmobile.ca<\/a><\/p>\n<p>&nbsp;<\/p>\n","protected":false},"excerpt":{"rendered":"<p>MODALIT\u00c9S ET CONDITIONS D\u2019UTILISATION Ce site est la propri\u00e9t\u00e9 de et est contr\u00f4l\u00e9 par Petmobile.ca. Vous \u00eates pri\u00e9s de prendre<\/p>\n","protected":false},"author":1978,"featured_media":0,"parent":0,"menu_order":0,"comment_status":"closed","ping_status":"closed","template":"","meta":{"_acf_changed":false,"_themeisle_gutenberg_block_has_review":false,"footnotes":""},"class_list":["post-29835","page","type-page","status-publish","hentry"],"acf":[],"_links":{"self":[{"href":"https:\/\/marketplace.petmobile.ca\/fr\/wp-json\/wp\/v2\/pages\/29835","targetHints":{"allow":["GET"]}}],"collection":[{"href":"https:\/\/marketplace.petmobile.ca\/fr\/wp-json\/wp\/v2\/pages"}],"about":[{"href":"https:\/\/marketplace.petmobile.ca\/fr\/wp-json\/wp\/v2\/types\/page"}],"author":[{"embeddable":true,"href":"https:\/\/marketplace.petmobile.ca\/fr\/wp-json\/wp\/v2\/users\/1978"}],"replies":[{"embeddable":true,"href":"https:\/\/marketplace.petmobile.ca\/fr\/wp-json\/wp\/v2\/comments?post=29835"}],"version-history":[{"count":0,"href":"https:\/\/marketplace.petmobile.ca\/fr\/wp-json\/wp\/v2\/pages\/29835\/revisions"}],"wp:attachment":[{"href":"https:\/\/marketplace.petmobile.ca\/fr\/wp-json\/wp\/v2\/media?parent=29835"}],"curies":[{"name":"wp","href":"https:\/\/api.w.org\/{rel}","templated":true}]}}