{"id":62255,"date":"2022-07-22T15:23:10","date_gmt":"2022-07-22T20:23:10","guid":{"rendered":"https:\/\/marketplace.petmobile.ca\/?page_id=62255"},"modified":"2022-09-19T14:15:21","modified_gmt":"2022-09-19T19:15:21","slug":"articulation-du-chien","status":"publish","type":"page","link":"https:\/\/marketplace.petmobile.ca\/fr\/articulation-du-chien\/","title":{"rendered":"Articulation du chien"},"content":{"rendered":"<div class=\"fusion-fullwidth fullwidth-box fusion-builder-row-1 nonhundred-percent-fullwidth non-hundred-percent-height-scrolling\" style=\"--awb-border-radius-top-left:0px;--awb-border-radius-top-right:0px;--awb-border-radius-bottom-right:0px;--awb-border-radius-bottom-left:0px;--awb-flex-wrap:wrap;\" ><div class=\"fusion-builder-row fusion-row\"><div class=\"fusion-layout-column fusion_builder_column fusion-builder-column-0 fusion_builder_column_1_1 1_1 fusion-one-full fusion-column-first fusion-column-last\" style=\"--awb-bg-size:cover;--awb-margin-bottom:20px;\"><div class=\"fusion-column-wrapper fusion-column-has-shadow fusion-flex-column-wrapper-legacy\"><div class=\"fusion-title title fusion-title-1 fusion-title-text fusion-title-size-two\" style=\"--awb-margin-top-small:0px;--awb-margin-right-small:0px;--awb-margin-bottom-small:20px;--awb-margin-left-small:0px;\"><h2 class=\"fusion-title-heading title-heading-left fusion-responsive-typography-calculated\" style=\"margin:0;--fontSize:32;line-height:1.26;\">Articulation du chien<\/h2><span class=\"awb-title-spacer\"><\/span><div class=\"title-sep-container\"><div class=\"title-sep sep- sep-solid\" style=\"border-color:#e0dede;\"><\/div><\/div><\/div><div class=\"fusion-text fusion-text-1\"><p>Les animaux de compagnies ont besoin particuli\u00e8rement quand ils sont en croissance ou plus \u00e2g\u00e9s d\u2019ajout de glucosamine pour renforcer leurs articulations. Savez-vous qu\u2019un chiot de grande race peut grandir d\u2019un demi-pouce par jour dans la pousser de croissance\u00a0? Il faut des produits adapter \u00e0 leur stade de vie.<\/p>\n<\/div><div class=\"fusion-clearfix\"><\/div><\/div><\/div><div class=\"fusion-layout-column fusion_builder_column fusion-builder-column-1 fusion_builder_column_1_1 1_1 fusion-one-full fusion-column-first fusion-column-last\" style=\"--awb-bg-size:cover;\"><div class=\"fusion-column-wrapper fusion-column-has-shadow fusion-flex-column-wrapper-legacy\"><div class=\"fusion-title title fusion-title-2 fusion-title-text fusion-title-size-three\" style=\"--awb-text-color:#47a6ba;--awb-margin-top-small:0px;--awb-margin-right-small:0px;--awb-margin-bottom-small:20px;--awb-margin-left-small:0px;\"><h3 class=\"fusion-title-heading title-heading-left fusion-responsive-typography-calculated\" style=\"margin:0;--fontSize:16;--minFontSize:16;line-height:1.2;\"><strong>Chiot<\/strong><\/h3><span class=\"awb-title-spacer\"><\/span><div class=\"title-sep-container\"><div class=\"title-sep sep- sep-solid\" style=\"border-color:#e0dede;\"><\/div><\/div><\/div><div class=\"woocommerce columns-3 \"><ul class=\"products clearfix products-3\">\n<li class=\"has-subscription-plans product type-product post-68048 status-publish first instock product_cat-nourriture-et-produits-pour-chien product_cat-chien-nourriture product_cat-chien-nourriture-seche product_tag-multi-menu has-post-thumbnail taxable shipping-taxable purchasable product-type-variable product-grid-view\">\n\t<div class=\"fusion-product-wrapper\">\n\n<div class=\"fusion-clean-product-image-wrapper \">\n\t<div  class=\"fusion-image-wrapper fusion-image-size-fixed\" aria-haspopup=\"true\">\n\t\t\t\t<img decoding=\"async\" width=\"500\" height=\"500\" src=\"https:\/\/marketplace.petmobile.ca\/wp-content\/uploads\/2022\/07\/19129-Marketech-Image_catalogue_enligne_MultiMenu_Chien_bleu-1200x1200_Plan-de-travail-1-copie-4-4-500x500.jpg\" class=\"attachment-woocommerce_thumbnail size-woocommerce_thumbnail lazyload wp-post-image\" alt=\"\" srcset=\"data:image\/svg+xml,%3Csvg%20xmlns%3D%27http%3A%2F%2Fwww.w3.org%2F2000%2Fsvg%27%20width%3D%271201%27%20height%3D%271200%27%20viewBox%3D%270%200%201201%201200%27%3E%3Crect%20width%3D%271201%27%20height%3D%271200%27%20fill-opacity%3D%220%22%2F%3E%3C%2Fsvg%3E\" data-orig-src=\"https:\/\/marketplace.petmobile.ca\/wp-content\/uploads\/2022\/07\/19129-Marketech-Image_catalogue_enligne_MultiMenu_Chien_bleu-1200x1200_Plan-de-travail-1-copie-4-4-500x500.jpg\" data-srcset=\"https:\/\/marketplace.petmobile.ca\/wp-content\/uploads\/2022\/07\/19129-Marketech-Image_catalogue_enligne_MultiMenu_Chien_bleu-1200x1200_Plan-de-travail-1-copie-4-4-66x66.jpg 66w, https:\/\/marketplace.petmobile.ca\/wp-content\/uploads\/2022\/07\/19129-Marketech-Image_catalogue_enligne_MultiMenu_Chien_bleu-1200x1200_Plan-de-travail-1-copie-4-4-100x100.jpg 100w, https:\/\/marketplace.petmobile.ca\/wp-content\/uploads\/2022\/07\/19129-Marketech-Image_catalogue_enligne_MultiMenu_Chien_bleu-1200x1200_Plan-de-travail-1-copie-4-4-150x150.jpg 150w, https:\/\/marketplace.petmobile.ca\/wp-content\/uploads\/2022\/07\/19129-Marketech-Image_catalogue_enligne_MultiMenu_Chien_bleu-1200x1200_Plan-de-travail-1-copie-4-4-200x200.jpg 200w, https:\/\/marketplace.petmobile.ca\/wp-content\/uploads\/2022\/07\/19129-Marketech-Image_catalogue_enligne_MultiMenu_Chien_bleu-1200x1200_Plan-de-travail-1-copie-4-4-300x300.jpg 300w, https:\/\/marketplace.petmobile.ca\/wp-content\/uploads\/2022\/07\/19129-Marketech-Image_catalogue_enligne_MultiMenu_Chien_bleu-1200x1200_Plan-de-travail-1-copie-4-4-400x400.jpg 400w, https:\/\/marketplace.petmobile.ca\/wp-content\/uploads\/2022\/07\/19129-Marketech-Image_catalogue_enligne_MultiMenu_Chien_bleu-1200x1200_Plan-de-travail-1-copie-4-4-500x500.jpg 500w, https:\/\/marketplace.petmobile.ca\/wp-content\/uploads\/2022\/07\/19129-Marketech-Image_catalogue_enligne_MultiMenu_Chien_bleu-1200x1200_Plan-de-travail-1-copie-4-4-600x600.jpg 600w, https:\/\/marketplace.petmobile.ca\/wp-content\/uploads\/2022\/07\/19129-Marketech-Image_catalogue_enligne_MultiMenu_Chien_bleu-1200x1200_Plan-de-travail-1-copie-4-4-700x699.jpg 700w, https:\/\/marketplace.petmobile.ca\/wp-content\/uploads\/2022\/07\/19129-Marketech-Image_catalogue_enligne_MultiMenu_Chien_bleu-1200x1200_Plan-de-travail-1-copie-4-4-768x767.jpg 768w, https:\/\/marketplace.petmobile.ca\/wp-content\/uploads\/2022\/07\/19129-Marketech-Image_catalogue_enligne_MultiMenu_Chien_bleu-1200x1200_Plan-de-travail-1-copie-4-4-800x799.jpg 800w, https:\/\/marketplace.petmobile.ca\/wp-content\/uploads\/2022\/07\/19129-Marketech-Image_catalogue_enligne_MultiMenu_Chien_bleu-1200x1200_Plan-de-travail-1-copie-4-4-1024x1024.jpg 1024w, https:\/\/marketplace.petmobile.ca\/wp-content\/uploads\/2022\/07\/19129-Marketech-Image_catalogue_enligne_MultiMenu_Chien_bleu-1200x1200_Plan-de-travail-1-copie-4-4.jpg 1201w\" data-sizes=\"auto\" \/><div class=\"fusion-rollover\">\n\t<div class=\"fusion-rollover-content\">\n\n\t\t\t\t\n\t\t\n\t\t\t\t\t\t\t\t\n\t\t\t\t\t\t\t\t\n\t\t\n\t\t\t\t\t\t\t\t\t\t\t\t\t\t\t\n\t\t\t\t\t\t\n\t\t\t\t\t\t\t\t\t\t<div class=\"fusion-product-buttons\">\n\t\t\t\t\t<a href=\"https:\/\/marketplace.petmobile.ca\/fr\/produit\/multi-menu-croissance\/\" aria-describedby=\"woocommerce_loop_add_to_cart_link_describedby_68048\" data-quantity=\"1\" class=\"button product_type_variable add_to_cart_button\" data-product_id=\"68048\" data-product_sku=\"28.14\" aria-label=\"S\u00e9lectionner les options pour &ldquo;Multi Menu  Croissance&rdquo;\" rel=\"nofollow\"><i class=\"fas fa-shopping-cart\"><\/i><\/a>\t<span id=\"woocommerce_loop_add_to_cart_link_describedby_68048\" class=\"screen-reader-text\">\n\t\tCe produit a plusieurs variations. Les options peuvent \u00eatre choisies sur la page du produit\t<\/span>\n<span class=\"fusion-rollover-linebreak\">\n\t\/<\/span>\n<!--  \n<a href=\"https:\/\/marketplace.petmobile.ca\/fr\/produit\/multi-menu-croissance\/\" class=\"show_details_button\">D\u00e9tails<\/a>-->\n\n<a href=\"https:\/\/marketplace.petmobile.ca\/fr\/produit\/multi-menu-croissance\/\" class=\"show_details_button\">\n<i class=\"fas fa-search\"><\/i>\n<\/a>\t\t\t\t<\/div>\n\t\t\t\t\t\t\t\t\t<a class=\"fusion-link-wrapper\" href=\"https:\/\/marketplace.petmobile.ca\/fr\/produit\/multi-menu-croissance\/\" aria-label=\"Multi Menu &lt;br&gt; Croissance\"><\/a>\n\t<\/div>\n<\/div>\n<\/div>\n<\/div>\n<div class=\"fusion-product-content\">\n\t<div class=\"product-details\">\n\t\t<div class=\"product-details-container\">\n<h3 class=\"product-title\">\n\t<a href=\"https:\/\/marketplace.petmobile.ca\/fr\/produit\/multi-menu-croissance\/\">\n\t\tMulti Menu <br> Croissance\t<\/a>\n<\/h3>\n<div class=\"fusion-price-rating\">\n\n\t<span class=\"price\"><span class=\"woocommerce-Price-amount amount\" aria-hidden=\"true\"><bdi>30.99<span class=\"woocommerce-Price-currencySymbol\">&#36;<\/span><\/bdi><\/span> <span aria-hidden=\"true\">\u00a0\u2013\u00a0<\/span> <span class=\"woocommerce-Price-amount amount\" aria-hidden=\"true\"><bdi>73.99<span class=\"woocommerce-Price-currencySymbol\">&#36;<\/span><\/bdi><\/span><span class=\"screen-reader-text\">Plage de prix\u00a0: 30.99&#36; \u00e0 73.99&#36;<\/span><small class=\"wcsatt-sub-options\"> <span class=\"wcsatt-dash\">\u2014<\/span> disponible en abonnement\r\n<\/small><\/span>\n\t\t<\/div>\n\t<\/div>\n<\/div>\n\n\t<\/div> \n\n\n<\/div>\n<\/li>\n<\/ul>\n<\/div><div class=\"fusion-clearfix\"><\/div><\/div><\/div><div class=\"fusion-layout-column fusion_builder_column fusion-builder-column-2 fusion_builder_column_1_1 1_1 fusion-one-full fusion-column-first fusion-column-last\" style=\"--awb-bg-size:cover;\"><div class=\"fusion-column-wrapper fusion-column-has-shadow fusion-flex-column-wrapper-legacy\"><div class=\"fusion-title title fusion-title-3 fusion-title-text fusion-title-size-three\" style=\"--awb-text-color:#47a6ba;--awb-margin-top-small:0px;--awb-margin-right-small:0px;--awb-margin-bottom-small:20px;--awb-margin-left-small:0px;\"><h3 class=\"fusion-title-heading title-heading-left fusion-responsive-typography-calculated\" style=\"margin:0;--fontSize:16;--minFontSize:16;line-height:1.2;\"><div class=\"ZyvIDe\">\n<div class=\"a8FIud X0rvP L6rCcb\" data-apply-responsive-style=\"true\" data-classes=\"\" data-initial-translation-length=\"41\" data-saved-translation-limit-reached=\"false\">\n<div data-show-delay-ms=\"250\" data-append-to-body=\"false\" data-propagate-tooltip-mouseover-events=\"true\" data-anchor-corner=\"bottom-end\" data-enable-skip-handler=\"false\" data-popup-corner=\"top-end\">\n<div class=\"VfPpkd-Bz112c-RLmnJb\">\n<p>Chien \u00e2g\u00e9<\/p>\n<\/div>\n<\/div>\n<\/div>\n<\/div><\/h3><span class=\"awb-title-spacer\"><\/span><div class=\"title-sep-container\"><div class=\"title-sep sep- sep-solid\" style=\"border-color:#e0dede;\"><\/div><\/div><\/div><div class=\"woocommerce columns-3 \"><ul class=\"products clearfix products-3\">\n<li class=\"has-subscription-plans product type-product post-68021 status-publish first instock product_cat-nourriture-et-produits-pour-chien product_cat-chiens-avec-surpoids product_cat-conseiller product_cat-chien-nourriture product_cat-chien-nourriture-seche product_tag-multi-menu has-post-thumbnail taxable shipping-taxable purchasable product-type-variable product-grid-view\">\n\t<div class=\"fusion-product-wrapper\">\n\n<div class=\"fusion-clean-product-image-wrapper \">\n\t<div  class=\"fusion-image-wrapper fusion-image-size-fixed\" aria-haspopup=\"true\">\n\t\t\t\t<img decoding=\"async\" width=\"500\" height=\"500\" src=\"https:\/\/marketplace.petmobile.ca\/wp-content\/uploads\/2022\/07\/19129-Marketech-Image_catalogue_enligne_MultiMenu_Chien_blanc-1200x1200_Plan-de-travail-1-copie-2-4-500x500.jpg\" class=\"attachment-woocommerce_thumbnail size-woocommerce_thumbnail lazyload wp-post-image\" alt=\"\" srcset=\"data:image\/svg+xml,%3Csvg%20xmlns%3D%27http%3A%2F%2Fwww.w3.org%2F2000%2Fsvg%27%20width%3D%271201%27%20height%3D%271200%27%20viewBox%3D%270%200%201201%201200%27%3E%3Crect%20width%3D%271201%27%20height%3D%271200%27%20fill-opacity%3D%220%22%2F%3E%3C%2Fsvg%3E\" data-orig-src=\"https:\/\/marketplace.petmobile.ca\/wp-content\/uploads\/2022\/07\/19129-Marketech-Image_catalogue_enligne_MultiMenu_Chien_blanc-1200x1200_Plan-de-travail-1-copie-2-4-500x500.jpg\" data-srcset=\"https:\/\/marketplace.petmobile.ca\/wp-content\/uploads\/2022\/07\/19129-Marketech-Image_catalogue_enligne_MultiMenu_Chien_blanc-1200x1200_Plan-de-travail-1-copie-2-4-66x66.jpg 66w, https:\/\/marketplace.petmobile.ca\/wp-content\/uploads\/2022\/07\/19129-Marketech-Image_catalogue_enligne_MultiMenu_Chien_blanc-1200x1200_Plan-de-travail-1-copie-2-4-100x100.jpg 100w, https:\/\/marketplace.petmobile.ca\/wp-content\/uploads\/2022\/07\/19129-Marketech-Image_catalogue_enligne_MultiMenu_Chien_blanc-1200x1200_Plan-de-travail-1-copie-2-4-150x150.jpg 150w, https:\/\/marketplace.petmobile.ca\/wp-content\/uploads\/2022\/07\/19129-Marketech-Image_catalogue_enligne_MultiMenu_Chien_blanc-1200x1200_Plan-de-travail-1-copie-2-4-200x200.jpg 200w, https:\/\/marketplace.petmobile.ca\/wp-content\/uploads\/2022\/07\/19129-Marketech-Image_catalogue_enligne_MultiMenu_Chien_blanc-1200x1200_Plan-de-travail-1-copie-2-4-300x300.jpg 300w, https:\/\/marketplace.petmobile.ca\/wp-content\/uploads\/2022\/07\/19129-Marketech-Image_catalogue_enligne_MultiMenu_Chien_blanc-1200x1200_Plan-de-travail-1-copie-2-4-400x400.jpg 400w, https:\/\/marketplace.petmobile.ca\/wp-content\/uploads\/2022\/07\/19129-Marketech-Image_catalogue_enligne_MultiMenu_Chien_blanc-1200x1200_Plan-de-travail-1-copie-2-4-500x500.jpg 500w, https:\/\/marketplace.petmobile.ca\/wp-content\/uploads\/2022\/07\/19129-Marketech-Image_catalogue_enligne_MultiMenu_Chien_blanc-1200x1200_Plan-de-travail-1-copie-2-4-600x600.jpg 600w, https:\/\/marketplace.petmobile.ca\/wp-content\/uploads\/2022\/07\/19129-Marketech-Image_catalogue_enligne_MultiMenu_Chien_blanc-1200x1200_Plan-de-travail-1-copie-2-4-700x699.jpg 700w, https:\/\/marketplace.petmobile.ca\/wp-content\/uploads\/2022\/07\/19129-Marketech-Image_catalogue_enligne_MultiMenu_Chien_blanc-1200x1200_Plan-de-travail-1-copie-2-4-768x767.jpg 768w, https:\/\/marketplace.petmobile.ca\/wp-content\/uploads\/2022\/07\/19129-Marketech-Image_catalogue_enligne_MultiMenu_Chien_blanc-1200x1200_Plan-de-travail-1-copie-2-4-800x799.jpg 800w, https:\/\/marketplace.petmobile.ca\/wp-content\/uploads\/2022\/07\/19129-Marketech-Image_catalogue_enligne_MultiMenu_Chien_blanc-1200x1200_Plan-de-travail-1-copie-2-4-1024x1024.jpg 1024w, https:\/\/marketplace.petmobile.ca\/wp-content\/uploads\/2022\/07\/19129-Marketech-Image_catalogue_enligne_MultiMenu_Chien_blanc-1200x1200_Plan-de-travail-1-copie-2-4.jpg 1201w\" data-sizes=\"auto\" \/><div class=\"fusion-rollover\">\n\t<div class=\"fusion-rollover-content\">\n\n\t\t\t\t\n\t\t\n\t\t\t\t\t\t\t\t\n\t\t\t\t\t\t\t\t\n\t\t\n\t\t\t\t\t\t\t\t\t\t\t\t\t\t\t\n\t\t\t\t\t\t\n\t\t\t\t\t\t\t\t\t\t<div class=\"fusion-product-buttons\">\n\t\t\t\t\t<a href=\"https:\/\/marketplace.petmobile.ca\/fr\/produit\/multi-menu-senior\/\" aria-describedby=\"woocommerce_loop_add_to_cart_link_describedby_68021\" data-quantity=\"1\" class=\"button product_type_variable add_to_cart_button\" data-product_id=\"68021\" data-product_sku=\"21.8S\" aria-label=\"S\u00e9lectionner les options pour &ldquo;Multi Menu  S\u00e9nior&rdquo;\" rel=\"nofollow\"><i class=\"fas fa-shopping-cart\"><\/i><\/a>\t<span id=\"woocommerce_loop_add_to_cart_link_describedby_68021\" class=\"screen-reader-text\">\n\t\tCe produit a plusieurs variations. Les options peuvent \u00eatre choisies sur la page du produit\t<\/span>\n<span class=\"fusion-rollover-linebreak\">\n\t\/<\/span>\n<!--  \n<a href=\"https:\/\/marketplace.petmobile.ca\/fr\/produit\/multi-menu-senior\/\" class=\"show_details_button\">D\u00e9tails<\/a>-->\n\n<a href=\"https:\/\/marketplace.petmobile.ca\/fr\/produit\/multi-menu-senior\/\" class=\"show_details_button\">\n<i class=\"fas fa-search\"><\/i>\n<\/a>\t\t\t\t<\/div>\n\t\t\t\t\t\t\t\t\t<a class=\"fusion-link-wrapper\" href=\"https:\/\/marketplace.petmobile.ca\/fr\/produit\/multi-menu-senior\/\" aria-label=\"Multi Menu &lt;br&gt; S\u00e9nior\"><\/a>\n\t<\/div>\n<\/div>\n<\/div>\n<\/div>\n<div class=\"fusion-product-content\">\n\t<div class=\"product-details\">\n\t\t<div class=\"product-details-container\">\n<h3 class=\"product-title\">\n\t<a href=\"https:\/\/marketplace.petmobile.ca\/fr\/produit\/multi-menu-senior\/\">\n\t\tMulti Menu <br> S\u00e9nior\t<\/a>\n<\/h3>\n<div class=\"fusion-price-rating\">\n\n\t<span class=\"price\"><span class=\"woocommerce-Price-amount amount\" aria-hidden=\"true\"><bdi>36.49<span class=\"woocommerce-Price-currencySymbol\">&#36;<\/span><\/bdi><\/span> <span aria-hidden=\"true\">\u00a0\u2013\u00a0<\/span> <span class=\"woocommerce-Price-amount amount\" aria-hidden=\"true\"><bdi>89.99<span class=\"woocommerce-Price-currencySymbol\">&#36;<\/span><\/bdi><\/span><span class=\"screen-reader-text\">Plage de prix\u00a0: 36.49&#36; \u00e0 89.99&#36;<\/span><small class=\"wcsatt-sub-options\"> <span class=\"wcsatt-dash\">\u2014<\/span> disponible en abonnement\r\n<\/small><\/span>\n\t\t<\/div>\n\t<\/div>\n<\/div>\n\n\t<\/div> \n\n\n<\/div>\n<\/li>\n<li class=\"has-subscription-plans product type-product post-68198 status-publish instock product_cat-nourriture-et-produits-pour-chien product_cat-chiens-avec-surpoids product_cat-conseiller product_cat-chien-nourriture product_cat-chien-nourriture-seche product_tag-amibouff-fr has-post-thumbnail taxable shipping-taxable purchasable product-type-variable product-grid-view\">\n\t<div class=\"fusion-product-wrapper\">\n\n<div class=\"fusion-clean-product-image-wrapper \">\n\t<div  class=\"fusion-image-wrapper fusion-image-size-fixed\" aria-haspopup=\"true\">\n\t\t\t\t<img decoding=\"async\" width=\"500\" height=\"500\" src=\"https:\/\/marketplace.petmobile.ca\/wp-content\/uploads\/2022\/07\/19129-Marketech-Image_catalogue_enligne_Amibouff_Husky-1200x1200_Plan-de-travail-1-copie-5-2-500x500.jpg\" class=\"attachment-woocommerce_thumbnail size-woocommerce_thumbnail lazyload wp-post-image\" alt=\"\" srcset=\"data:image\/svg+xml,%3Csvg%20xmlns%3D%27http%3A%2F%2Fwww.w3.org%2F2000%2Fsvg%27%20width%3D%271200%27%20height%3D%271200%27%20viewBox%3D%270%200%201200%201200%27%3E%3Crect%20width%3D%271200%27%20height%3D%271200%27%20fill-opacity%3D%220%22%2F%3E%3C%2Fsvg%3E\" data-orig-src=\"https:\/\/marketplace.petmobile.ca\/wp-content\/uploads\/2022\/07\/19129-Marketech-Image_catalogue_enligne_Amibouff_Husky-1200x1200_Plan-de-travail-1-copie-5-2-500x500.jpg\" data-srcset=\"https:\/\/marketplace.petmobile.ca\/wp-content\/uploads\/2022\/07\/19129-Marketech-Image_catalogue_enligne_Amibouff_Husky-1200x1200_Plan-de-travail-1-copie-5-2-66x66.jpg 66w, https:\/\/marketplace.petmobile.ca\/wp-content\/uploads\/2022\/07\/19129-Marketech-Image_catalogue_enligne_Amibouff_Husky-1200x1200_Plan-de-travail-1-copie-5-2-100x100.jpg 100w, https:\/\/marketplace.petmobile.ca\/wp-content\/uploads\/2022\/07\/19129-Marketech-Image_catalogue_enligne_Amibouff_Husky-1200x1200_Plan-de-travail-1-copie-5-2-150x150.jpg 150w, https:\/\/marketplace.petmobile.ca\/wp-content\/uploads\/2022\/07\/19129-Marketech-Image_catalogue_enligne_Amibouff_Husky-1200x1200_Plan-de-travail-1-copie-5-2-200x200.jpg 200w, https:\/\/marketplace.petmobile.ca\/wp-content\/uploads\/2022\/07\/19129-Marketech-Image_catalogue_enligne_Amibouff_Husky-1200x1200_Plan-de-travail-1-copie-5-2-300x300.jpg 300w, https:\/\/marketplace.petmobile.ca\/wp-content\/uploads\/2022\/07\/19129-Marketech-Image_catalogue_enligne_Amibouff_Husky-1200x1200_Plan-de-travail-1-copie-5-2-400x400.jpg 400w, https:\/\/marketplace.petmobile.ca\/wp-content\/uploads\/2022\/07\/19129-Marketech-Image_catalogue_enligne_Amibouff_Husky-1200x1200_Plan-de-travail-1-copie-5-2-500x500.jpg 500w, https:\/\/marketplace.petmobile.ca\/wp-content\/uploads\/2022\/07\/19129-Marketech-Image_catalogue_enligne_Amibouff_Husky-1200x1200_Plan-de-travail-1-copie-5-2-600x600.jpg 600w, https:\/\/marketplace.petmobile.ca\/wp-content\/uploads\/2022\/07\/19129-Marketech-Image_catalogue_enligne_Amibouff_Husky-1200x1200_Plan-de-travail-1-copie-5-2-700x700.jpg 700w, https:\/\/marketplace.petmobile.ca\/wp-content\/uploads\/2022\/07\/19129-Marketech-Image_catalogue_enligne_Amibouff_Husky-1200x1200_Plan-de-travail-1-copie-5-2-768x768.jpg 768w, https:\/\/marketplace.petmobile.ca\/wp-content\/uploads\/2022\/07\/19129-Marketech-Image_catalogue_enligne_Amibouff_Husky-1200x1200_Plan-de-travail-1-copie-5-2-800x800.jpg 800w, https:\/\/marketplace.petmobile.ca\/wp-content\/uploads\/2022\/07\/19129-Marketech-Image_catalogue_enligne_Amibouff_Husky-1200x1200_Plan-de-travail-1-copie-5-2-1024x1024.jpg 1024w, https:\/\/marketplace.petmobile.ca\/wp-content\/uploads\/2022\/07\/19129-Marketech-Image_catalogue_enligne_Amibouff_Husky-1200x1200_Plan-de-travail-1-copie-5-2.jpg 1200w\" data-sizes=\"auto\" \/><div class=\"fusion-rollover\">\n\t<div class=\"fusion-rollover-content\">\n\n\t\t\t\t\n\t\t\n\t\t\t\t\t\t\t\t\n\t\t\t\t\t\t\t\t\n\t\t\n\t\t\t\t\t\t\t\t\t\t\t\t\t\t\t\n\t\t\t\t\t\t\n\t\t\t\t\t\t\t\t\t\t<div class=\"fusion-product-buttons\">\n\t\t\t\t\t<a href=\"https:\/\/marketplace.petmobile.ca\/fr\/produit\/amibouff-senior\/\" aria-describedby=\"woocommerce_loop_add_to_cart_link_describedby_68198\" data-quantity=\"1\" class=\"button product_type_variable add_to_cart_button\" data-product_id=\"68198\" data-product_sku=\"ADS\" aria-label=\"S\u00e9lectionner les options pour &ldquo;AMIBOUFF  S\u00e9nior&rdquo;\" rel=\"nofollow\"><i class=\"fas fa-shopping-cart\"><\/i><\/a>\t<span id=\"woocommerce_loop_add_to_cart_link_describedby_68198\" class=\"screen-reader-text\">\n\t\tCe produit a plusieurs variations. Les options peuvent \u00eatre choisies sur la page du produit\t<\/span>\n<span class=\"fusion-rollover-linebreak\">\n\t\/<\/span>\n<!--  \n<a href=\"https:\/\/marketplace.petmobile.ca\/fr\/produit\/amibouff-senior\/\" class=\"show_details_button\">D\u00e9tails<\/a>-->\n\n<a href=\"https:\/\/marketplace.petmobile.ca\/fr\/produit\/amibouff-senior\/\" class=\"show_details_button\">\n<i class=\"fas fa-search\"><\/i>\n<\/a>\t\t\t\t<\/div>\n\t\t\t\t\t\t\t\t\t<a class=\"fusion-link-wrapper\" href=\"https:\/\/marketplace.petmobile.ca\/fr\/produit\/amibouff-senior\/\" aria-label=\"AMIBOUFF &lt;br&gt; S\u00e9nior\"><\/a>\n\t<\/div>\n<\/div>\n<\/div>\n<\/div>\n<div class=\"fusion-product-content\">\n\t<div class=\"product-details\">\n\t\t<div class=\"product-details-container\">\n<h3 class=\"product-title\">\n\t<a href=\"https:\/\/marketplace.petmobile.ca\/fr\/produit\/amibouff-senior\/\">\n\t\tAMIBOUFF <br> S\u00e9nior\t<\/a>\n<\/h3>\n<div class=\"fusion-price-rating\">\n\n\t<span class=\"price\"><span class=\"woocommerce-Price-amount amount\" aria-hidden=\"true\"><bdi>29.49<span class=\"woocommerce-Price-currencySymbol\">&#36;<\/span><\/bdi><\/span> <span aria-hidden=\"true\">\u00a0\u2013\u00a0<\/span> <span class=\"woocommerce-Price-amount amount\" aria-hidden=\"true\"><bdi>82.99<span class=\"woocommerce-Price-currencySymbol\">&#36;<\/span><\/bdi><\/span><span class=\"screen-reader-text\">Plage de prix\u00a0: 29.49&#36; \u00e0 82.99&#36;<\/span><small class=\"wcsatt-sub-options\"> <span class=\"wcsatt-dash\">\u2014<\/span> disponible en abonnement\r\n<\/small><\/span>\n\t\t<\/div>\n\t<\/div>\n<\/div>\n\n\t<\/div> \n\n\n<\/div>\n<\/li>\n<\/ul>\n<\/div><div class=\"fusion-clearfix\"><\/div><\/div><\/div><\/div><\/div>\n","protected":false},"excerpt":{"rendered":"","protected":false},"author":1978,"featured_media":0,"parent":0,"menu_order":0,"comment_status":"closed","ping_status":"closed","template":"100-width.php","meta":{"_acf_changed":false,"_themeisle_gutenberg_block_has_review":false,"footnotes":""},"class_list":["post-62255","page","type-page","status-publish","hentry","has-subscription-plans"],"acf":[],"_links":{"self":[{"href":"https:\/\/marketplace.petmobile.ca\/fr\/wp-json\/wp\/v2\/pages\/62255","targetHints":{"allow":["GET"]}}],"collection":[{"href":"https:\/\/marketplace.petmobile.ca\/fr\/wp-json\/wp\/v2\/pages"}],"about":[{"href":"https:\/\/marketplace.petmobile.ca\/fr\/wp-json\/wp\/v2\/types\/page"}],"author":[{"embeddable":true,"href":"https:\/\/marketplace.petmobile.ca\/fr\/wp-json\/wp\/v2\/users\/1978"}],"replies":[{"embeddable":true,"href":"https:\/\/marketplace.petmobile.ca\/fr\/wp-json\/wp\/v2\/comments?post=62255"}],"version-history":[{"count":2,"href":"https:\/\/marketplace.petmobile.ca\/fr\/wp-json\/wp\/v2\/pages\/62255\/revisions"}],"predecessor-version":[{"id":70342,"href":"https:\/\/marketplace.petmobile.ca\/fr\/wp-json\/wp\/v2\/pages\/62255\/revisions\/70342"}],"wp:attachment":[{"href":"https:\/\/marketplace.petmobile.ca\/fr\/wp-json\/wp\/v2\/media?parent=62255"}],"curies":[{"name":"wp","href":"https:\/\/api.w.org\/{rel}","templated":true}]}}