{"id":62269,"date":"2022-07-22T15:42:07","date_gmt":"2022-07-22T20:42:07","guid":{"rendered":"https:\/\/marketplace.petmobile.ca\/?page_id=62269"},"modified":"2022-09-19T14:24:39","modified_gmt":"2022-09-19T19:24:39","slug":"boule-de-poils","status":"publish","type":"page","link":"https:\/\/marketplace.petmobile.ca\/fr\/boule-de-poils\/","title":{"rendered":"Boule de poils"},"content":{"rendered":"<div class=\"fusion-fullwidth fullwidth-box fusion-builder-row-1 nonhundred-percent-fullwidth non-hundred-percent-height-scrolling\" style=\"--awb-border-radius-top-left:0px;--awb-border-radius-top-right:0px;--awb-border-radius-bottom-right:0px;--awb-border-radius-bottom-left:0px;--awb-flex-wrap:wrap;\" ><div class=\"fusion-builder-row fusion-row\"><div class=\"fusion-layout-column fusion_builder_column fusion-builder-column-0 fusion_builder_column_1_1 1_1 fusion-one-full fusion-column-first fusion-column-last\" style=\"--awb-bg-size:cover;--awb-margin-bottom:20px;\"><div class=\"fusion-column-wrapper fusion-column-has-shadow fusion-flex-column-wrapper-legacy\"><div class=\"fusion-title title fusion-title-1 fusion-title-text fusion-title-size-two\" style=\"--awb-margin-top-small:0px;--awb-margin-right-small:0px;--awb-margin-bottom-small:20px;--awb-margin-left-small:0px;\"><h2 class=\"fusion-title-heading title-heading-left fusion-responsive-typography-calculated\" style=\"margin:0;--fontSize:32;line-height:1.26;\">Boule de poils<\/h2><span class=\"awb-title-spacer\"><\/span><div class=\"title-sep-container\"><div class=\"title-sep sep- sep-solid\" style=\"border-color:#e0dede;\"><\/div><\/div><\/div><div class=\"fusion-text fusion-text-1\"><p>Le probl\u00e8me le plus fr\u00e9quent chez les chats, est les boules de poils. Pour avoir une efficacit\u00e9 rechercher des ingr\u00e9dients comme la cellulose et des moules. Ses deux ingr\u00e9dients aideront votre chat \u00e0 diminuer les d\u00e9g\u00e2ts tr\u00e8s ennuyants.<\/p>\n<p>En plus ils ne contiennent pas de ma\u00efs.<\/p>\n<\/div><div class=\"fusion-clearfix\"><\/div><\/div><\/div><div class=\"fusion-layout-column fusion_builder_column fusion-builder-column-1 fusion_builder_column_1_1 1_1 fusion-one-full fusion-column-first fusion-column-last\" style=\"--awb-bg-size:cover;\"><div class=\"fusion-column-wrapper fusion-column-has-shadow fusion-flex-column-wrapper-legacy\"><div class=\"woocommerce columns-3 \"><ul class=\"products clearfix products-3\">\n<li class=\"has-subscription-plans product type-product post-68150 status-publish first instock product_cat-produits-pour-chat product_cat-chats-avec-boules-de-poils product_cat-conseiller product_cat-chat-nourriture product_cat-chat-nourriture-seche product_tag-amibouff-fr has-post-thumbnail taxable shipping-taxable purchasable product-type-variable product-grid-view\">\n\t<div class=\"fusion-product-wrapper\">\n\n<div class=\"fusion-clean-product-image-wrapper \">\n\t<div  class=\"fusion-image-wrapper fusion-image-size-fixed\" aria-haspopup=\"true\">\n\t\t\t\t<img decoding=\"async\" width=\"500\" height=\"500\" src=\"https:\/\/marketplace.petmobile.ca\/wp-content\/uploads\/2022\/07\/19129-Marketech-Image_catalogue_enligne_Amibouff_Chat-1200x1200_Plan-de-travail-1-1-2-500x500.jpg\" class=\"attachment-woocommerce_thumbnail size-woocommerce_thumbnail lazyload wp-post-image\" alt=\"\" srcset=\"data:image\/svg+xml,%3Csvg%20xmlns%3D%27http%3A%2F%2Fwww.w3.org%2F2000%2Fsvg%27%20width%3D%271200%27%20height%3D%271200%27%20viewBox%3D%270%200%201200%201200%27%3E%3Crect%20width%3D%271200%27%20height%3D%271200%27%20fill-opacity%3D%220%22%2F%3E%3C%2Fsvg%3E\" data-orig-src=\"https:\/\/marketplace.petmobile.ca\/wp-content\/uploads\/2022\/07\/19129-Marketech-Image_catalogue_enligne_Amibouff_Chat-1200x1200_Plan-de-travail-1-1-2-500x500.jpg\" data-srcset=\"https:\/\/marketplace.petmobile.ca\/wp-content\/uploads\/2022\/07\/19129-Marketech-Image_catalogue_enligne_Amibouff_Chat-1200x1200_Plan-de-travail-1-1-2-66x66.jpg 66w, https:\/\/marketplace.petmobile.ca\/wp-content\/uploads\/2022\/07\/19129-Marketech-Image_catalogue_enligne_Amibouff_Chat-1200x1200_Plan-de-travail-1-1-2-100x100.jpg 100w, https:\/\/marketplace.petmobile.ca\/wp-content\/uploads\/2022\/07\/19129-Marketech-Image_catalogue_enligne_Amibouff_Chat-1200x1200_Plan-de-travail-1-1-2-150x150.jpg 150w, https:\/\/marketplace.petmobile.ca\/wp-content\/uploads\/2022\/07\/19129-Marketech-Image_catalogue_enligne_Amibouff_Chat-1200x1200_Plan-de-travail-1-1-2-200x200.jpg 200w, https:\/\/marketplace.petmobile.ca\/wp-content\/uploads\/2022\/07\/19129-Marketech-Image_catalogue_enligne_Amibouff_Chat-1200x1200_Plan-de-travail-1-1-2-300x300.jpg 300w, https:\/\/marketplace.petmobile.ca\/wp-content\/uploads\/2022\/07\/19129-Marketech-Image_catalogue_enligne_Amibouff_Chat-1200x1200_Plan-de-travail-1-1-2-400x400.jpg 400w, https:\/\/marketplace.petmobile.ca\/wp-content\/uploads\/2022\/07\/19129-Marketech-Image_catalogue_enligne_Amibouff_Chat-1200x1200_Plan-de-travail-1-1-2-500x500.jpg 500w, https:\/\/marketplace.petmobile.ca\/wp-content\/uploads\/2022\/07\/19129-Marketech-Image_catalogue_enligne_Amibouff_Chat-1200x1200_Plan-de-travail-1-1-2-600x600.jpg 600w, https:\/\/marketplace.petmobile.ca\/wp-content\/uploads\/2022\/07\/19129-Marketech-Image_catalogue_enligne_Amibouff_Chat-1200x1200_Plan-de-travail-1-1-2-700x700.jpg 700w, https:\/\/marketplace.petmobile.ca\/wp-content\/uploads\/2022\/07\/19129-Marketech-Image_catalogue_enligne_Amibouff_Chat-1200x1200_Plan-de-travail-1-1-2-768x768.jpg 768w, https:\/\/marketplace.petmobile.ca\/wp-content\/uploads\/2022\/07\/19129-Marketech-Image_catalogue_enligne_Amibouff_Chat-1200x1200_Plan-de-travail-1-1-2-800x800.jpg 800w, https:\/\/marketplace.petmobile.ca\/wp-content\/uploads\/2022\/07\/19129-Marketech-Image_catalogue_enligne_Amibouff_Chat-1200x1200_Plan-de-travail-1-1-2-1024x1024.jpg 1024w, https:\/\/marketplace.petmobile.ca\/wp-content\/uploads\/2022\/07\/19129-Marketech-Image_catalogue_enligne_Amibouff_Chat-1200x1200_Plan-de-travail-1-1-2.jpg 1200w\" data-sizes=\"auto\" \/><div class=\"fusion-rollover\">\n\t<div class=\"fusion-rollover-content\">\n\n\t\t\t\t\n\t\t\n\t\t\t\t\t\t\t\t\n\t\t\t\t\t\t\t\t\n\t\t\n\t\t\t\t\t\t\t\t\t\t\t\t\t\t\t\n\t\t\t\t\t\t\n\t\t\t\t\t\t\t\t\t\t<div class=\"fusion-product-buttons\">\n\t\t\t\t\t<a href=\"https:\/\/marketplace.petmobile.ca\/fr\/produit\/amibouff-felin-supreme\/\" aria-describedby=\"woocommerce_loop_add_to_cart_link_describedby_68150\" data-quantity=\"1\" class=\"button product_type_variable add_to_cart_button\" data-product_id=\"68150\" data-product_sku=\"ACFS\" aria-label=\"S\u00e9lectionner les options pour &ldquo;Amibouff  F\u00e9lin Supr\u00eame&rdquo;\" rel=\"nofollow\"><i class=\"fas fa-shopping-cart\"><\/i><\/a>\t<span id=\"woocommerce_loop_add_to_cart_link_describedby_68150\" class=\"screen-reader-text\">\n\t\tCe produit a plusieurs variations. Les options peuvent \u00eatre choisies sur la page du produit\t<\/span>\n<span class=\"fusion-rollover-linebreak\">\n\t\/<\/span>\n<!--  \n<a href=\"https:\/\/marketplace.petmobile.ca\/fr\/produit\/amibouff-felin-supreme\/\" class=\"show_details_button\">D\u00e9tails<\/a>-->\n\n<a href=\"https:\/\/marketplace.petmobile.ca\/fr\/produit\/amibouff-felin-supreme\/\" class=\"show_details_button\">\n<i class=\"fas fa-search\"><\/i>\n<\/a>\t\t\t\t<\/div>\n\t\t\t\t\t\t\t\t\t<a class=\"fusion-link-wrapper\" href=\"https:\/\/marketplace.petmobile.ca\/fr\/produit\/amibouff-felin-supreme\/\" aria-label=\"Amibouff &lt;br&gt; F\u00e9lin Supr\u00eame\"><\/a>\n\t<\/div>\n<\/div>\n<\/div>\n<\/div>\n<div class=\"fusion-product-content\">\n\t<div class=\"product-details\">\n\t\t<div class=\"product-details-container\">\n<h3 class=\"product-title\">\n\t<a href=\"https:\/\/marketplace.petmobile.ca\/fr\/produit\/amibouff-felin-supreme\/\">\n\t\tAmibouff <br> F\u00e9lin Supr\u00eame\t<\/a>\n<\/h3>\n<div class=\"fusion-price-rating\">\n\n\t<span class=\"price\"><span class=\"woocommerce-Price-amount amount\" aria-hidden=\"true\"><bdi>34.99<span class=\"woocommerce-Price-currencySymbol\">&#36;<\/span><\/bdi><\/span> <span aria-hidden=\"true\">\u00a0\u2013\u00a0<\/span> <span class=\"woocommerce-Price-amount amount\" aria-hidden=\"true\"><bdi>124.99<span class=\"woocommerce-Price-currencySymbol\">&#36;<\/span><\/bdi><\/span><span class=\"screen-reader-text\">Plage de prix\u00a0: 34.99&#36; \u00e0 124.99&#36;<\/span><small class=\"wcsatt-sub-options\"> <span class=\"wcsatt-dash\">\u2014<\/span> disponible en abonnement\r\n<\/small><\/span>\n\t\t<\/div>\n\t<\/div>\n<\/div>\n\n\t<\/div> \n\n\n<\/div>\n<\/li>\n<li class=\"has-subscription-plans product type-product post-68063 status-publish instock product_cat-produits-pour-chat product_cat-chats-avec-boules-de-poils product_cat-conseiller product_cat-chat-nourriture product_cat-chat-nourriture-seche product_tag-multi-menu has-post-thumbnail taxable shipping-taxable purchasable product-type-variable product-grid-view\">\n\t<div class=\"fusion-product-wrapper\">\n\n<div class=\"fusion-clean-product-image-wrapper \">\n\t<div  class=\"fusion-image-wrapper fusion-image-size-fixed\" aria-haspopup=\"true\">\n\t\t\t\t<img decoding=\"async\" width=\"500\" height=\"500\" src=\"https:\/\/marketplace.petmobile.ca\/wp-content\/uploads\/2019\/01\/Supre\u2560eme-500x500.png\" class=\"attachment-woocommerce_thumbnail size-woocommerce_thumbnail lazyload wp-post-image\" alt=\"\" srcset=\"data:image\/svg+xml,%3Csvg%20xmlns%3D%27http%3A%2F%2Fwww.w3.org%2F2000%2Fsvg%27%20width%3D%271080%27%20height%3D%271080%27%20viewBox%3D%270%200%201080%201080%27%3E%3Crect%20width%3D%271080%27%20height%3D%271080%27%20fill-opacity%3D%220%22%2F%3E%3C%2Fsvg%3E\" data-orig-src=\"https:\/\/marketplace.petmobile.ca\/wp-content\/uploads\/2019\/01\/Supre\u2560eme-500x500.png\" data-srcset=\"https:\/\/marketplace.petmobile.ca\/wp-content\/uploads\/2019\/01\/Supre\u2560eme-66x66.png 66w, https:\/\/marketplace.petmobile.ca\/wp-content\/uploads\/2019\/01\/Supre\u2560eme-100x100.png 100w, https:\/\/marketplace.petmobile.ca\/wp-content\/uploads\/2019\/01\/Supre\u2560eme-150x150.png 150w, https:\/\/marketplace.petmobile.ca\/wp-content\/uploads\/2019\/01\/Supre\u2560eme-200x200.png 200w, https:\/\/marketplace.petmobile.ca\/wp-content\/uploads\/2019\/01\/Supre\u2560eme-300x300.png 300w, https:\/\/marketplace.petmobile.ca\/wp-content\/uploads\/2019\/01\/Supre\u2560eme-400x400.png 400w, https:\/\/marketplace.petmobile.ca\/wp-content\/uploads\/2019\/01\/Supre\u2560eme-500x500.png 500w, https:\/\/marketplace.petmobile.ca\/wp-content\/uploads\/2019\/01\/Supre\u2560eme-600x600.png 600w, https:\/\/marketplace.petmobile.ca\/wp-content\/uploads\/2019\/01\/Supre\u2560eme-700x700.png 700w, https:\/\/marketplace.petmobile.ca\/wp-content\/uploads\/2019\/01\/Supre\u2560eme-768x768.png 768w, https:\/\/marketplace.petmobile.ca\/wp-content\/uploads\/2019\/01\/Supre\u2560eme-800x800.png 800w, https:\/\/marketplace.petmobile.ca\/wp-content\/uploads\/2019\/01\/Supre\u2560eme-1024x1024.png 1024w, https:\/\/marketplace.petmobile.ca\/wp-content\/uploads\/2019\/01\/Supre\u2560eme.png 1080w\" data-sizes=\"auto\" \/><div class=\"fusion-rollover\">\n\t<div class=\"fusion-rollover-content\">\n\n\t\t\t\t\n\t\t\n\t\t\t\t\t\t\t\t\n\t\t\t\t\t\t\t\t\n\t\t\n\t\t\t\t\t\t\t\t\t\t\t\t\t\t\t\n\t\t\t\t\t\t\n\t\t\t\t\t\t\t\t\t\t<div class=\"fusion-product-buttons\">\n\t\t\t\t\t<a href=\"https:\/\/marketplace.petmobile.ca\/fr\/produit\/multi-menu-supreme\/\" aria-describedby=\"woocommerce_loop_add_to_cart_link_describedby_68063\" data-quantity=\"1\" class=\"button product_type_variable add_to_cart_button\" data-product_id=\"68063\" data-product_sku=\"30.18S\" aria-label=\"S\u00e9lectionner les options pour &ldquo;Multi Menu  Supr\u00eame&rdquo;\" rel=\"nofollow\"><i class=\"fas fa-shopping-cart\"><\/i><\/a>\t<span id=\"woocommerce_loop_add_to_cart_link_describedby_68063\" class=\"screen-reader-text\">\n\t\tCe produit a plusieurs variations. Les options peuvent \u00eatre choisies sur la page du produit\t<\/span>\n<span class=\"fusion-rollover-linebreak\">\n\t\/<\/span>\n<!--  \n<a href=\"https:\/\/marketplace.petmobile.ca\/fr\/produit\/multi-menu-supreme\/\" class=\"show_details_button\">D\u00e9tails<\/a>-->\n\n<a href=\"https:\/\/marketplace.petmobile.ca\/fr\/produit\/multi-menu-supreme\/\" class=\"show_details_button\">\n<i class=\"fas fa-search\"><\/i>\n<\/a>\t\t\t\t<\/div>\n\t\t\t\t\t\t\t\t\t<a class=\"fusion-link-wrapper\" href=\"https:\/\/marketplace.petmobile.ca\/fr\/produit\/multi-menu-supreme\/\" aria-label=\"Multi Menu &lt;br&gt; Supr\u00eame\"><\/a>\n\t<\/div>\n<\/div>\n<\/div>\n<\/div>\n<div class=\"fusion-product-content\">\n\t<div class=\"product-details\">\n\t\t<div class=\"product-details-container\">\n<h3 class=\"product-title\">\n\t<a href=\"https:\/\/marketplace.petmobile.ca\/fr\/produit\/multi-menu-supreme\/\">\n\t\tMulti Menu <br> Supr\u00eame\t<\/a>\n<\/h3>\n<div class=\"fusion-price-rating\">\n\n\t<span class=\"price\"><span class=\"woocommerce-Price-amount amount\" aria-hidden=\"true\"><bdi>51.99<span class=\"woocommerce-Price-currencySymbol\">&#36;<\/span><\/bdi><\/span> <span aria-hidden=\"true\">\u00a0\u2013\u00a0<\/span> <span class=\"woocommerce-Price-amount amount\" aria-hidden=\"true\"><bdi>125.99<span class=\"woocommerce-Price-currencySymbol\">&#36;<\/span><\/bdi><\/span><span class=\"screen-reader-text\">Plage de prix\u00a0: 51.99&#36; \u00e0 125.99&#36;<\/span><small class=\"wcsatt-sub-options\"> <span class=\"wcsatt-dash\">\u2014<\/span> disponible en abonnement\r\n<\/small><\/span>\n\t\t<\/div>\n\t<\/div>\n<\/div>\n\n\t<\/div> \n\n\n<\/div>\n<\/li>\n<\/ul>\n<\/div><div class=\"fusion-clearfix\"><\/div><\/div><\/div><\/div><\/div>\n","protected":false},"excerpt":{"rendered":"","protected":false},"author":1978,"featured_media":0,"parent":0,"menu_order":0,"comment_status":"closed","ping_status":"closed","template":"100-width.php","meta":{"_acf_changed":false,"_themeisle_gutenberg_block_has_review":false,"footnotes":""},"class_list":["post-62269","page","type-page","status-publish","hentry","has-subscription-plans"],"acf":[],"_links":{"self":[{"href":"https:\/\/marketplace.petmobile.ca\/fr\/wp-json\/wp\/v2\/pages\/62269","targetHints":{"allow":["GET"]}}],"collection":[{"href":"https:\/\/marketplace.petmobile.ca\/fr\/wp-json\/wp\/v2\/pages"}],"about":[{"href":"https:\/\/marketplace.petmobile.ca\/fr\/wp-json\/wp\/v2\/types\/page"}],"author":[{"embeddable":true,"href":"https:\/\/marketplace.petmobile.ca\/fr\/wp-json\/wp\/v2\/users\/1978"}],"replies":[{"embeddable":true,"href":"https:\/\/marketplace.petmobile.ca\/fr\/wp-json\/wp\/v2\/comments?post=62269"}],"version-history":[{"count":1,"href":"https:\/\/marketplace.petmobile.ca\/fr\/wp-json\/wp\/v2\/pages\/62269\/revisions"}],"predecessor-version":[{"id":70349,"href":"https:\/\/marketplace.petmobile.ca\/fr\/wp-json\/wp\/v2\/pages\/62269\/revisions\/70349"}],"wp:attachment":[{"href":"https:\/\/marketplace.petmobile.ca\/fr\/wp-json\/wp\/v2\/media?parent=62269"}],"curies":[{"name":"wp","href":"https:\/\/api.w.org\/{rel}","templated":true}]}}