{"id":29756,"date":"2019-11-01T11:46:48","date_gmt":"2019-11-01T16:46:48","guid":{"rendered":"https:\/\/www.petmobile.ca\/?post_type=product&#038;p=29756"},"modified":"2023-01-06T16:52:59","modified_gmt":"2023-01-06T21:52:59","slug":"advantage-poulet-et-riz-brun","status":"publish","type":"product","link":"https:\/\/marketplace.petmobile.ca\/fr\/produit\/advantage-poulet-et-riz-brun\/","title":{"rendered":"Advantage <br> Poulet et riz brun"},"content":{"rendered":"<p><strong>INGR\u00c9DIENTS : <\/strong><\/p>\n<p>Poulet, riz brun entier, farine de sous-produits de volaille, gras de volaille (conserv\u00e9 avec vitamine E), orge entier, graines de lin, saveur de poulet naturel, acide ascorbique (vitamine C), pommes enti\u00e8res s\u00e8ches, carottes enti\u00e8res s\u00e8ches, canneberges enti\u00e8res s\u00e8ches, pois entiers secs, \u00e9pinards entiers secs, patates douces enti\u00e8res s\u00e8ches, tomates enti\u00e8res s\u00e8ches, min\u00e9raux ch\u00e9lat\u00e9s<\/p>\n<p><strong>AG : <\/strong><\/p>\n<p>Prot\u00e9ines brutes (MIN.) 26 %<br \/>\nMati\u00e8res grasses brutes (MIN.) 16 %<br \/>\nFibres brutes (MAX.) 4 %<br \/>\nHumidit\u00e9 (MAX.) 10 %<\/p>\n<p><strong>CONTENU CALORIQUE : <\/strong><\/p>\n<p>\u00c9nergie m\u00e9tabolisable (calcul\u00e9e) 3600 KCAL\/KG<\/p>\n","protected":false},"excerpt":{"rendered":"<p>INGR\u00c9DIENTS : Poulet, riz brun entier, farine de sous-produits de volaille, gras de volaille (conserv\u00e9 avec vitamine E), orge entier,<\/p>\n","protected":false},"featured_media":32144,"comment_status":"closed","ping_status":"closed","template":"","meta":{"_acf_changed":false,"_themeisle_gutenberg_block_has_review":false},"product_brand":[],"product_cat":[15],"product_tag":[],"class_list":{"0":"post-29756","1":"product","2":"type-product","3":"status-publish","4":"has-post-thumbnail","6":"product_cat-produits","7":"pa_format-1-80kg","8":"has-subscription-plans","10":"first","11":"instock","12":"taxable","13":"shipping-taxable","14":"purchasable","15":"product-type-variable"},"acf":[],"_links":{"self":[{"href":"https:\/\/marketplace.petmobile.ca\/fr\/wp-json\/wp\/v2\/product\/29756","targetHints":{"allow":["GET"]}}],"collection":[{"href":"https:\/\/marketplace.petmobile.ca\/fr\/wp-json\/wp\/v2\/product"}],"about":[{"href":"https:\/\/marketplace.petmobile.ca\/fr\/wp-json\/wp\/v2\/types\/product"}],"replies":[{"embeddable":true,"href":"https:\/\/marketplace.petmobile.ca\/fr\/wp-json\/wp\/v2\/comments?post=29756"}],"wp:featuredmedia":[{"embeddable":true,"href":"https:\/\/marketplace.petmobile.ca\/fr\/wp-json\/wp\/v2\/media\/32144"}],"wp:attachment":[{"href":"https:\/\/marketplace.petmobile.ca\/fr\/wp-json\/wp\/v2\/media?parent=29756"}],"wp:term":[{"taxonomy":"product_brand","embeddable":true,"href":"https:\/\/marketplace.petmobile.ca\/fr\/wp-json\/wp\/v2\/product_brand?post=29756"},{"taxonomy":"product_cat","embeddable":true,"href":"https:\/\/marketplace.petmobile.ca\/fr\/wp-json\/wp\/v2\/product_cat?post=29756"},{"taxonomy":"product_tag","embeddable":true,"href":"https:\/\/marketplace.petmobile.ca\/fr\/wp-json\/wp\/v2\/product_tag?post=29756"}],"curies":[{"name":"wp","href":"https:\/\/api.w.org\/{rel}","templated":true}]}}