{"id":34026,"date":"2020-04-09T09:22:37","date_gmt":"2020-04-09T14:22:37","guid":{"rendered":"https:\/\/marketplace.petmobile.ca\/?post_type=product&#038;p=34026"},"modified":"2022-11-04T11:31:37","modified_gmt":"2022-11-04T16:31:37","slug":"petsafe-harnais-easy-sport-noir","status":"publish","type":"product","link":"https:\/\/marketplace.petmobile.ca\/fr\/produit\/petsafe-harnais-easy-sport-noir\/","title":{"rendered":"EasySport <br>Noir"},"content":{"rendered":"<p>Petit<br \/>\nP\u00e9rim\u00e8tre 46-56 cm<\/p>\n<p>M\u00e9dium<br \/>\nP\u00e9rim\u00e8tre 55-72 cm<\/p>\n<p>Grand<br \/>\nP\u00e9rim\u00e8tre 71-107 cm<\/p>\n","protected":false},"excerpt":{"rendered":"<p>Petit P\u00e9rim\u00e8tre 46-56 cm M\u00e9dium P\u00e9rim\u00e8tre 55-72 cm Grand P\u00e9rim\u00e8tre 71-107 cm<\/p>\n","protected":false},"featured_media":34031,"comment_status":"closed","ping_status":"closed","template":"","meta":{"_acf_changed":false,"_themeisle_gutenberg_block_has_review":false},"product_brand":[],"product_cat":[1117,1109,1118],"product_tag":[2222],"class_list":{"0":"post-34026","1":"product","2":"type-product","3":"status-publish","4":"has-post-thumbnail","6":"product_cat-chien-accessoires","7":"product_cat-nourriture-et-produits-pour-chien","8":"product_cat-chien-accessoires-laisse-collier-harnais","9":"product_tag-petsafe","10":"pa_animal-chien","11":"pa_format-grand","12":"pa_format-moyen","13":"pa_format-petit","14":"pa_marque-petsafe","15":"has-subscription-plans","17":"first","18":"instock","19":"taxable","20":"shipping-taxable","21":"purchasable","22":"product-type-variable"},"acf":[],"_links":{"self":[{"href":"https:\/\/marketplace.petmobile.ca\/fr\/wp-json\/wp\/v2\/product\/34026","targetHints":{"allow":["GET"]}}],"collection":[{"href":"https:\/\/marketplace.petmobile.ca\/fr\/wp-json\/wp\/v2\/product"}],"about":[{"href":"https:\/\/marketplace.petmobile.ca\/fr\/wp-json\/wp\/v2\/types\/product"}],"replies":[{"embeddable":true,"href":"https:\/\/marketplace.petmobile.ca\/fr\/wp-json\/wp\/v2\/comments?post=34026"}],"wp:featuredmedia":[{"embeddable":true,"href":"https:\/\/marketplace.petmobile.ca\/fr\/wp-json\/wp\/v2\/media\/34031"}],"wp:attachment":[{"href":"https:\/\/marketplace.petmobile.ca\/fr\/wp-json\/wp\/v2\/media?parent=34026"}],"wp:term":[{"taxonomy":"product_brand","embeddable":true,"href":"https:\/\/marketplace.petmobile.ca\/fr\/wp-json\/wp\/v2\/product_brand?post=34026"},{"taxonomy":"product_cat","embeddable":true,"href":"https:\/\/marketplace.petmobile.ca\/fr\/wp-json\/wp\/v2\/product_cat?post=34026"},{"taxonomy":"product_tag","embeddable":true,"href":"https:\/\/marketplace.petmobile.ca\/fr\/wp-json\/wp\/v2\/product_tag?post=34026"}],"curies":[{"name":"wp","href":"https:\/\/api.w.org\/{rel}","templated":true}]}}