{"id":34477,"date":"2020-04-29T12:10:55","date_gmt":"2020-04-29T17:10:55","guid":{"rendered":"https:\/\/marketplace.petmobile.ca\/?post_type=product&#038;p=34477"},"modified":"2026-04-03T08:52:09","modified_gmt":"2026-04-03T13:52:09","slug":"penis-de-veau","status":"publish","type":"product","link":"https:\/\/marketplace.petmobile.ca\/fr\/produit\/penis-de-veau\/","title":{"rendered":"Bellerive <br> B\u00e2tons de veau (10 par pqt)"},"content":{"rendered":"<p>Les b\u00e2tons de veau sont riches en prot\u00e9ines, faibles en gras et remplis de calcium, de magn\u00e9sium et de taurine; tous importants pour la sant\u00e9 osseuse, des yeux et du c\u0153ur. Les b\u00e2tons \u00e0 m\u00e2cher favorisent des dents fortes et saines tout en offrant \u00e0 votre chien une collation \u00e0 m\u00e2cher de longue dur\u00e9e. Sans agents de pr\u00e9servation, fait \u00e0 100% de p\u00e9nis de veau.<\/p>\n<p>Plusieurs tailles de b\u00e2tons disponibles.<\/p>\n<p>Fabriqu\u00e9 au Qu\u00e9bec.<\/p>\n","protected":false},"excerpt":{"rendered":"<p>Les b\u00e2tons de veau sont riches en prot\u00e9ines, faibles en gras et remplis de calcium, de magn\u00e9sium et de taurine;<\/p>\n","protected":false},"featured_media":34716,"comment_status":"closed","ping_status":"closed","template":"","meta":{"_acf_changed":false,"_themeisle_gutenberg_block_has_review":false},"product_brand":[],"product_cat":[1109,1115,1114],"product_tag":[2258],"class_list":{"0":"post-34477","1":"product","2":"type-product","3":"status-publish","4":"has-post-thumbnail","6":"product_cat-nourriture-et-produits-pour-chien","7":"product_cat-chien-gateries","8":"product_cat-chien-gateries-os-cuir-brut-parties-animales","9":"product_tag-produit-bellerive","10":"pa_animal-chien","11":"pa_format-4-6","12":"pa_format-9-12","13":"pa_marque-bellerive","14":"has-subscription-plans","16":"first","17":"instock","18":"taxable","19":"shipping-taxable","20":"purchasable","21":"product-type-variable"},"acf":[],"_links":{"self":[{"href":"https:\/\/marketplace.petmobile.ca\/fr\/wp-json\/wp\/v2\/product\/34477","targetHints":{"allow":["GET"]}}],"collection":[{"href":"https:\/\/marketplace.petmobile.ca\/fr\/wp-json\/wp\/v2\/product"}],"about":[{"href":"https:\/\/marketplace.petmobile.ca\/fr\/wp-json\/wp\/v2\/types\/product"}],"replies":[{"embeddable":true,"href":"https:\/\/marketplace.petmobile.ca\/fr\/wp-json\/wp\/v2\/comments?post=34477"}],"wp:featuredmedia":[{"embeddable":true,"href":"https:\/\/marketplace.petmobile.ca\/fr\/wp-json\/wp\/v2\/media\/34716"}],"wp:attachment":[{"href":"https:\/\/marketplace.petmobile.ca\/fr\/wp-json\/wp\/v2\/media?parent=34477"}],"wp:term":[{"taxonomy":"product_brand","embeddable":true,"href":"https:\/\/marketplace.petmobile.ca\/fr\/wp-json\/wp\/v2\/product_brand?post=34477"},{"taxonomy":"product_cat","embeddable":true,"href":"https:\/\/marketplace.petmobile.ca\/fr\/wp-json\/wp\/v2\/product_cat?post=34477"},{"taxonomy":"product_tag","embeddable":true,"href":"https:\/\/marketplace.petmobile.ca\/fr\/wp-json\/wp\/v2\/product_tag?post=34477"}],"curies":[{"name":"wp","href":"https:\/\/api.w.org\/{rel}","templated":true}]}}