{"id":36348,"date":"2020-07-07T13:57:11","date_gmt":"2020-07-07T18:57:11","guid":{"rendered":"https:\/\/marketplace.petmobile.ca\/?post_type=product&#038;p=36348"},"modified":"2026-04-01T09:51:48","modified_gmt":"2026-04-01T14:51:48","slug":"1st-choice-sante-dentaire-formule-poulet","status":"publish","type":"product","link":"https:\/\/marketplace.petmobile.ca\/fr\/produit\/1st-choice-sante-dentaire-formule-poulet\/","title":{"rendered":"1st Choice <br> Sant\u00e9 dentaire &#8211; Formule poulet"},"content":{"rendered":"<p><strong>INGR\u00c9DIENTS\u00a0:<\/strong><\/p>\n<p>INGR\u00c9DIENTS : Farine de poulet, riz brun, pois, orge, avoine, gras de poulet conserv\u00e9 avec un m\u00e9lange de tocoph\u00e9rols, graines de lin, poudre de luzerne,<br \/>\nsaveur naturelle, fibre de pois, extrait de levure, extrait de chicor\u00e9e (une source d\u2019inuline), phosphate monocalcique, propionate de calcium (comme agent<br \/>\nde conservation), chlorure de potassium, carbonate de calcium, sel, sulfate ferreux, hexam\u00e9taphosphate de sodium, ac\u00e9tate d\u2019alpha-tocoph\u00e9rol (une source de<br \/>\nvitamine E), acide ascorbique (vitamine C), oxyde de zinc, extrait de yucca schidigera, lactos\u00e9rum, oxyde manganeux, prot\u00e9inate de zinc, niacine, pantoth\u00e9nate de<br \/>\nd-calcium, prot\u00e9inate de mangan\u00e8se, menthe s\u00e9ch\u00e9e, persil s\u00e9ch\u00e9, extrait de th\u00e9 vert, gingembre s\u00e9ch\u00e9, ananas s\u00e9ch\u00e9, suppl\u00e9ment de vitamine A, chol\u00e9calcif\u00e9rol<br \/>\n(une source de vitamine D3), mononitrate de thiamine, biotine, s\u00e9l\u00e9nite de sodium, prot\u00e9inate de cuivre, riboflavine, chlorydrate de pyridoxine, suppl\u00e9ment de<br \/>\nvitamine B12, iodate de calcium, acide folique.<\/p>\n<p><strong>ANALYSES GARANTIES\u00a0:<\/strong><\/p>\n<p>Prot\u00e9ines brutes 24 % minimum, mati\u00e8res grasses brutes 13 % minimum, fibres brutes 3,7 % maximum, humidit\u00e9 10 % maximum, cendres 6,5 %<br \/>\nmaximum, calcium 1,1 % minimum, phosphore 0,8 % minimum, sodium 0,18 % minimum, vitamine A 14 000 UI\/kg minimum, vitamine D3 1 500 UI\/kg minimum, vitamine E<br \/>\n150 UI\/kg minimum<\/p>\n","protected":false},"excerpt":{"rendered":"<p>INGR\u00c9DIENTS\u00a0: INGR\u00c9DIENTS : Farine de poulet, riz brun, pois, orge, avoine, gras de poulet conserv\u00e9 avec un m\u00e9lange de tocoph\u00e9rols,<\/p>\n","protected":false},"featured_media":36349,"comment_status":"closed","ping_status":"closed","template":"","meta":{"_acf_changed":false,"_themeisle_gutenberg_block_has_review":false},"product_brand":[],"product_cat":[1109,1110,1111],"product_tag":[2328],"class_list":{"0":"post-36348","1":"product","2":"type-product","3":"status-publish","4":"has-post-thumbnail","6":"product_cat-nourriture-et-produits-pour-chien","7":"product_cat-chien-nourriture","8":"product_cat-chien-nourriture-seche","9":"product_tag-1st-choice-fr","10":"pa_animal-chien","11":"pa_format-12-kg-fr","12":"pa_format-2kg","13":"pa_marque-1st-choice-fr","14":"has-subscription-plans","16":"first","17":"instock","18":"taxable","19":"shipping-taxable","20":"purchasable","21":"product-type-variable"},"acf":[],"_links":{"self":[{"href":"https:\/\/marketplace.petmobile.ca\/fr\/wp-json\/wp\/v2\/product\/36348","targetHints":{"allow":["GET"]}}],"collection":[{"href":"https:\/\/marketplace.petmobile.ca\/fr\/wp-json\/wp\/v2\/product"}],"about":[{"href":"https:\/\/marketplace.petmobile.ca\/fr\/wp-json\/wp\/v2\/types\/product"}],"replies":[{"embeddable":true,"href":"https:\/\/marketplace.petmobile.ca\/fr\/wp-json\/wp\/v2\/comments?post=36348"}],"wp:featuredmedia":[{"embeddable":true,"href":"https:\/\/marketplace.petmobile.ca\/fr\/wp-json\/wp\/v2\/media\/36349"}],"wp:attachment":[{"href":"https:\/\/marketplace.petmobile.ca\/fr\/wp-json\/wp\/v2\/media?parent=36348"}],"wp:term":[{"taxonomy":"product_brand","embeddable":true,"href":"https:\/\/marketplace.petmobile.ca\/fr\/wp-json\/wp\/v2\/product_brand?post=36348"},{"taxonomy":"product_cat","embeddable":true,"href":"https:\/\/marketplace.petmobile.ca\/fr\/wp-json\/wp\/v2\/product_cat?post=36348"},{"taxonomy":"product_tag","embeddable":true,"href":"https:\/\/marketplace.petmobile.ca\/fr\/wp-json\/wp\/v2\/product_tag?post=36348"}],"curies":[{"name":"wp","href":"https:\/\/api.w.org\/{rel}","templated":true}]}}