{"id":36588,"date":"2020-07-13T08:16:53","date_gmt":"2020-07-13T13:19:13","guid":{"rendered":"https:\/\/marketplace.petmobile.ca\/?post_type=product&#038;p=36588"},"modified":"2023-11-17T09:19:16","modified_gmt":"2023-11-17T14:19:16","slug":"pronature-life-moov-deboned-chicken","status":"publish","type":"product","link":"https:\/\/marketplace.petmobile.ca\/fr\/produit\/pronature-life-moov-deboned-chicken\/","title":{"rendered":"Pronature Life &#8211; MOOV &#8211; Poulet d\u00e9soss\u00e9"},"content":{"rendered":"<p><strong>INGR\u00c9DIENTS :<\/strong><\/p>\n<p>Farine de poulet, pois, flocons d&rsquo;avoine, graisse de poulet conserv\u00e9e avec un m\u00e9lange de tocoph\u00e9rols, poulet d\u00e9soss\u00e9, farine de poisson, orge d\u00e9cortiqu\u00e9, farine de luzerne s\u00e9ch\u00e9e au soleil, ar\u00f4me naturel, l\u00e9cithine, fibre de pois, sel, \u0153uf en poudre, phosphate monosodique, carbonate de calcium, sulfate ferreux, alpha -ac\u00e9tate de tocoph\u00e9rol (source de vitamine E), oxyde de zinc, lactos\u00e9rum s\u00e9ch\u00e9, extrait de romarin, oxyde manganeux, niacine, d-pantoth\u00e9nate de calcium, prot\u00e9inate de zinc, ac\u00e9tate de r\u00e9tinol, chol\u00e9calcif\u00e9rol (source de vitamine D3), mononitrate de thiamine, biotine, s\u00e9l\u00e9nite de sodium, prot\u00e9inate de mangan\u00e8se, riboflavine, chlorhydrate de pyridoxine, suppl\u00e9ment de vitamine B12, graines de chia, noix de coco s\u00e9ch\u00e9e, moule verte de Nouvelle-Z\u00e9lande, poires s\u00e9ch\u00e9es, varech s\u00e9ch\u00e9, prot\u00e9inate de cuivre, iodate de calcium, acide folique.<\/p>\n<p><strong>ANALYSE GARANTIE :<\/strong><\/p>\n<p>Prot\u00e9ine brute 29% minimum, mati\u00e8res grasses brutes 17% minimum, cellulose brute 5,5% maximum, humidit\u00e9 10% maximum, cendres 9% maximum, calcium 1,3% minimum, phosphore 0,9% minimum, sodium 0,28% minimum, magn\u00e9sium 0,13% maximum, vitamine A 18 000 UI\/kg minimum, vitamine D3 1 700 UI\/kg minimum, vitamine E 100 UI\/kg minimum.<\/p>\n","protected":false},"excerpt":{"rendered":"<p>INGR\u00c9DIENTS : Farine de poulet, pois, flocons d&rsquo;avoine, graisse de poulet conserv\u00e9e avec un m\u00e9lange de tocoph\u00e9rols, poulet d\u00e9soss\u00e9, farine<\/p>\n","protected":false},"featured_media":36585,"comment_status":"closed","ping_status":"closed","template":"","meta":{"_acf_changed":false,"_themeisle_gutenberg_block_has_review":false},"product_brand":[],"product_cat":[1109,1110,1111],"product_tag":[2115,2889],"class_list":{"0":"post-36588","1":"product","2":"type-product","3":"status-publish","4":"has-post-thumbnail","6":"product_cat-nourriture-et-produits-pour-chien","7":"product_cat-chien-nourriture","8":"product_cat-chien-nourriture-seche","9":"product_tag-pronature-fr-2","10":"product_tag-vp24","11":"pa_animal-dog-fr","12":"pa_format-11-3kg-fr","13":"pa_format-2-27kg-fr","14":"pa_marque-pronature-fr","15":"has-subscription-plans","17":"first","18":"instock","19":"taxable","20":"shipping-taxable","21":"purchasable","22":"product-type-variable","23":"has-default-attributes"},"acf":[],"_links":{"self":[{"href":"https:\/\/marketplace.petmobile.ca\/fr\/wp-json\/wp\/v2\/product\/36588","targetHints":{"allow":["GET"]}}],"collection":[{"href":"https:\/\/marketplace.petmobile.ca\/fr\/wp-json\/wp\/v2\/product"}],"about":[{"href":"https:\/\/marketplace.petmobile.ca\/fr\/wp-json\/wp\/v2\/types\/product"}],"replies":[{"embeddable":true,"href":"https:\/\/marketplace.petmobile.ca\/fr\/wp-json\/wp\/v2\/comments?post=36588"}],"wp:featuredmedia":[{"embeddable":true,"href":"https:\/\/marketplace.petmobile.ca\/fr\/wp-json\/wp\/v2\/media\/36585"}],"wp:attachment":[{"href":"https:\/\/marketplace.petmobile.ca\/fr\/wp-json\/wp\/v2\/media?parent=36588"}],"wp:term":[{"taxonomy":"product_brand","embeddable":true,"href":"https:\/\/marketplace.petmobile.ca\/fr\/wp-json\/wp\/v2\/product_brand?post=36588"},{"taxonomy":"product_cat","embeddable":true,"href":"https:\/\/marketplace.petmobile.ca\/fr\/wp-json\/wp\/v2\/product_cat?post=36588"},{"taxonomy":"product_tag","embeddable":true,"href":"https:\/\/marketplace.petmobile.ca\/fr\/wp-json\/wp\/v2\/product_tag?post=36588"}],"curies":[{"name":"wp","href":"https:\/\/api.w.org\/{rel}","templated":true}]}}