{"id":36641,"date":"2020-07-13T10:05:06","date_gmt":"2020-07-13T15:06:40","guid":{"rendered":"https:\/\/marketplace.petmobile.ca\/?post_type=product&#038;p=36641"},"modified":"2025-05-29T10:45:32","modified_gmt":"2025-05-29T15:45:32","slug":"pronature-original-recette-poulet-avec-avoine-2","status":"publish","type":"product","link":"https:\/\/marketplace.petmobile.ca\/fr\/produit\/pronature-original-recette-poulet-avec-avoine-2\/","title":{"rendered":"Pronature Original <br> S\u00e9nior &#8211; Recette poulet"},"content":{"rendered":"<p><strong>INGR\u00c9DIENTS :<\/strong><\/p>\n<p>Farine de poulet (une source de sulfate de chondro\u00eftine), ma\u00efs, avoine, orge enti\u00e8re, gras de poulet conserv\u00e9 naturellement avec un m\u00e9lange de tocoph\u00e9rols, pulpe de betteraves s\u00e9ch\u00e9e, saveur naturelle, carbonate de calcium, graines de lin enti\u00e8res, chlorure de choline, proprionate de calcium (comme agent de conservation), sulfate ferreux, sulfate de glucosamine, ac\u00e9tate d\u2019alpha-tocoph\u00e9rol (une source de vitamine E), oxyde de zinc, extrait de Yucca schidigera, extrait de romarin, oxyde manganeux, acide nicotinique, pantoth\u00e9nate de d-calcium, suppl\u00e9ment de vitamine A, chol\u00e9calcif\u00e9rol (une source de vitamine D3), mononitrate de thiamine, biotine, s\u00e9l\u00e9nite de sodium, riboflavine, chlorhydrate de pyridoxine, suppl\u00e9ment de vitamine B12, iodate de calcium, acide folique.<\/p>\n<p><strong>ANALYSES GARANTIES :<\/strong><\/p>\n<p>Prot\u00e9ines brutes 21 % minimum, mati\u00e8res grasses brutes 11 % minimum, fibres brutes 5 % maximum, humidit\u00e9 10 % maximum, cendres 7.5 % maximum, calcium 1 % minimum, phosphore 0,7 % minimum, sodium 0,15 % minimum, vitamine A 12 500 UI\/kg minimum, vitamine D3 1150 UI\/kg minimum, vitamine E 80 UI\/kg minimum, sulfate de glucosamine 300 mg\/kg minimum, sulfate de chondro\u00eftine 250 mg\/kg minimum.<\/p>\n","protected":false},"excerpt":{"rendered":"<p>INGR\u00c9DIENTS : Farine de poulet (une source de sulfate de chondro\u00eftine), ma\u00efs, avoine, orge enti\u00e8re, gras de poulet conserv\u00e9 naturellement<\/p>\n","protected":false},"featured_media":88948,"comment_status":"closed","ping_status":"closed","template":"","meta":{"_acf_changed":false,"_themeisle_gutenberg_block_has_review":false},"product_brand":[],"product_cat":[1109,1110,1111],"product_tag":[2115],"class_list":{"0":"post-36641","1":"product","2":"type-product","3":"status-publish","4":"has-post-thumbnail","6":"product_cat-nourriture-et-produits-pour-chien","7":"product_cat-chien-nourriture","8":"product_cat-chien-nourriture-seche","9":"product_tag-pronature-fr-2","10":"pa_animal-dog-fr","11":"pa_format-11-3kg-fr","12":"pa_marque-pronature-fr","13":"has-subscription-plans","15":"first","16":"instock","17":"taxable","18":"shipping-taxable","19":"purchasable","20":"product-type-simple"},"acf":[],"_links":{"self":[{"href":"https:\/\/marketplace.petmobile.ca\/fr\/wp-json\/wp\/v2\/product\/36641","targetHints":{"allow":["GET"]}}],"collection":[{"href":"https:\/\/marketplace.petmobile.ca\/fr\/wp-json\/wp\/v2\/product"}],"about":[{"href":"https:\/\/marketplace.petmobile.ca\/fr\/wp-json\/wp\/v2\/types\/product"}],"replies":[{"embeddable":true,"href":"https:\/\/marketplace.petmobile.ca\/fr\/wp-json\/wp\/v2\/comments?post=36641"}],"wp:featuredmedia":[{"embeddable":true,"href":"https:\/\/marketplace.petmobile.ca\/fr\/wp-json\/wp\/v2\/media\/88948"}],"wp:attachment":[{"href":"https:\/\/marketplace.petmobile.ca\/fr\/wp-json\/wp\/v2\/media?parent=36641"}],"wp:term":[{"taxonomy":"product_brand","embeddable":true,"href":"https:\/\/marketplace.petmobile.ca\/fr\/wp-json\/wp\/v2\/product_brand?post=36641"},{"taxonomy":"product_cat","embeddable":true,"href":"https:\/\/marketplace.petmobile.ca\/fr\/wp-json\/wp\/v2\/product_cat?post=36641"},{"taxonomy":"product_tag","embeddable":true,"href":"https:\/\/marketplace.petmobile.ca\/fr\/wp-json\/wp\/v2\/product_tag?post=36641"}],"curies":[{"name":"wp","href":"https:\/\/api.w.org\/{rel}","templated":true}]}}