{"id":37040,"date":"2020-07-27T15:20:56","date_gmt":"2020-07-27T20:20:56","guid":{"rendered":"https:\/\/marketplace.petmobile.ca\/?post_type=product&#038;p=37040"},"modified":"2024-06-03T08:56:37","modified_gmt":"2024-06-03T13:56:37","slug":"hunter-collier-en-nylon-double-1-x-18","status":"publish","type":"product","link":"https:\/\/marketplace.petmobile.ca\/fr\/produit\/hunter-collier-en-nylon-double-1-x-18\/","title":{"rendered":"Hunter <br> Collier en nylon double 1\u00a0\u00bb x 18\u00a0\u00bb"},"content":{"rendered":"<p>R\u00e9sistant pratique et abordable, voici l&rsquo;un des nombreux colliers de haute qualit\u00e9 con\u00e7us \u00e0 Montr\u00e9al chez Hunter Brand. Ce mod\u00e8le classique, en nylon plat ou double, est disponible en deux couleurs. Une boucle de m\u00e9tal et un anneau en \u00a0\u00bbD\u00a0\u00bb permettent un ajustement rapide et une attache solide.<\/p>\n","protected":false},"excerpt":{"rendered":"<p>R\u00e9sistant pratique et abordable, voici l&rsquo;un des nombreux colliers de haute qualit\u00e9 con\u00e7us \u00e0 Montr\u00e9al chez Hunter Brand. Ce mod\u00e8le<\/p>\n","protected":false},"featured_media":40522,"comment_status":"closed","ping_status":"closed","template":"","meta":{"_acf_changed":false,"_themeisle_gutenberg_block_has_review":false},"product_brand":[],"product_cat":[1117,1109,1118],"product_tag":[2408],"class_list":{"0":"post-37040","1":"product","2":"type-product","3":"status-publish","4":"has-post-thumbnail","6":"product_cat-chien-accessoires","7":"product_cat-nourriture-et-produits-pour-chien","8":"product_cat-chien-accessoires-laisse-collier-harnais","9":"product_tag-hunter-fr","10":"pa_couleur-marin","11":"pa_couleur-rose","12":"has-subscription-plans","14":"first","15":"instock","16":"taxable","17":"shipping-taxable","18":"purchasable","19":"product-type-variable"},"acf":[],"_links":{"self":[{"href":"https:\/\/marketplace.petmobile.ca\/fr\/wp-json\/wp\/v2\/product\/37040","targetHints":{"allow":["GET"]}}],"collection":[{"href":"https:\/\/marketplace.petmobile.ca\/fr\/wp-json\/wp\/v2\/product"}],"about":[{"href":"https:\/\/marketplace.petmobile.ca\/fr\/wp-json\/wp\/v2\/types\/product"}],"replies":[{"embeddable":true,"href":"https:\/\/marketplace.petmobile.ca\/fr\/wp-json\/wp\/v2\/comments?post=37040"}],"wp:featuredmedia":[{"embeddable":true,"href":"https:\/\/marketplace.petmobile.ca\/fr\/wp-json\/wp\/v2\/media\/40522"}],"wp:attachment":[{"href":"https:\/\/marketplace.petmobile.ca\/fr\/wp-json\/wp\/v2\/media?parent=37040"}],"wp:term":[{"taxonomy":"product_brand","embeddable":true,"href":"https:\/\/marketplace.petmobile.ca\/fr\/wp-json\/wp\/v2\/product_brand?post=37040"},{"taxonomy":"product_cat","embeddable":true,"href":"https:\/\/marketplace.petmobile.ca\/fr\/wp-json\/wp\/v2\/product_cat?post=37040"},{"taxonomy":"product_tag","embeddable":true,"href":"https:\/\/marketplace.petmobile.ca\/fr\/wp-json\/wp\/v2\/product_tag?post=37040"}],"curies":[{"name":"wp","href":"https:\/\/api.w.org\/{rel}","templated":true}]}}