{"id":38172,"date":"2020-12-11T15:34:09","date_gmt":"2020-12-11T20:34:09","guid":{"rendered":"https:\/\/marketplace.petmobile.ca\/?post_type=product&#038;p=38172"},"modified":"2026-01-12T13:33:26","modified_gmt":"2026-01-12T18:33:26","slug":"deglacant-doux-pour-animaux","status":"publish","type":"product","link":"https:\/\/marketplace.petmobile.ca\/fr\/produit\/deglacant-doux-pour-animaux\/","title":{"rendered":"D\u00c9GLACANT DOUX POUR ANIMAUX"},"content":{"rendered":"<p>D\u00c9GLACANT<\/p>\n<ul>\n<li>SANS SEL NI CHLORURES<\/li>\n<li>SANS DANGER POUR LE B\u00c9TON ET LA V\u00c9G\u00c9TATION<\/li>\n<li>100% BIO D\u00c9GRADABLE<\/li>\n<li>NE LAISSE PAS DE TRACE<\/li>\n<li>S\u00c9CURITAIRE POUR LES ENFANTS<\/li>\n<li>PEUT \u00caTRE APPLIQU\u00c9 \u00c0 L&rsquo;AVANCE AFIN DE PR\u00c9VENIR L&rsquo;ACCUMULATION DE GLACE<\/li>\n<li>EFFICACE JUSQU&rsquo;A -12 DEGR\u00c9 CELCIUS<\/li>\n<\/ul>\n","protected":false},"excerpt":{"rendered":"<p>D\u00c9GLACANT SANS SEL NI CHLORURES SANS DANGER POUR LE B\u00c9TON ET LA V\u00c9G\u00c9TATION 100% BIO D\u00c9GRADABLE NE LAISSE PAS DE<\/p>\n","protected":false},"featured_media":38143,"comment_status":"closed","ping_status":"closed","template":"","meta":{"_acf_changed":false,"_themeisle_gutenberg_block_has_review":false},"product_brand":[],"product_cat":[1117,1109,2290],"product_tag":[],"class_list":{"0":"post-38172","1":"product","2":"type-product","3":"status-publish","4":"has-post-thumbnail","6":"product_cat-chien-accessoires","7":"product_cat-nourriture-et-produits-pour-chien","8":"product_cat-chien-soins","9":"pa_animal-chien","10":"pa_format-4-kg","11":"pa_marque-warwick","12":"has-subscription-plans","14":"first","15":"instock","16":"sale","17":"taxable","18":"shipping-taxable","19":"purchasable","20":"product-type-simple"},"acf":[],"_links":{"self":[{"href":"https:\/\/marketplace.petmobile.ca\/fr\/wp-json\/wp\/v2\/product\/38172","targetHints":{"allow":["GET"]}}],"collection":[{"href":"https:\/\/marketplace.petmobile.ca\/fr\/wp-json\/wp\/v2\/product"}],"about":[{"href":"https:\/\/marketplace.petmobile.ca\/fr\/wp-json\/wp\/v2\/types\/product"}],"replies":[{"embeddable":true,"href":"https:\/\/marketplace.petmobile.ca\/fr\/wp-json\/wp\/v2\/comments?post=38172"}],"wp:featuredmedia":[{"embeddable":true,"href":"https:\/\/marketplace.petmobile.ca\/fr\/wp-json\/wp\/v2\/media\/38143"}],"wp:attachment":[{"href":"https:\/\/marketplace.petmobile.ca\/fr\/wp-json\/wp\/v2\/media?parent=38172"}],"wp:term":[{"taxonomy":"product_brand","embeddable":true,"href":"https:\/\/marketplace.petmobile.ca\/fr\/wp-json\/wp\/v2\/product_brand?post=38172"},{"taxonomy":"product_cat","embeddable":true,"href":"https:\/\/marketplace.petmobile.ca\/fr\/wp-json\/wp\/v2\/product_cat?post=38172"},{"taxonomy":"product_tag","embeddable":true,"href":"https:\/\/marketplace.petmobile.ca\/fr\/wp-json\/wp\/v2\/product_tag?post=38172"}],"curies":[{"name":"wp","href":"https:\/\/api.w.org\/{rel}","templated":true}]}}