{"id":64756,"date":"2020-06-13T13:38:28","date_gmt":"2020-06-13T18:38:28","guid":{"rendered":"https:\/\/marketplace.petmobile.ca\/product\/1st-choice-hypoallergene\/"},"modified":"2022-08-05T05:56:23","modified_gmt":"2022-08-05T10:56:23","slug":"1st-choice-hypoallergene","status":"publish","type":"product","link":"https:\/\/marketplace.petmobile.ca\/fr\/produit\/1st-choice-hypoallergene\/","title":{"rendered":"1st Choice <br> Hypoallerg\u00e8ne"},"content":{"rendered":"<p><strong>INGR\u00c9DIENTS : <\/strong><\/p>\n<p>Patates douces, canard, prot\u00e9ine de riz, prot\u00e9ine de pois, huile v\u00e9g\u00e9tale, pulpe de betteraves, saveur naturelle, carbonate de calcium, l\u00e9cithine, fibre de pois, phosphate monocalcique, graines de lin enti\u00e8res, huile de saumon, luzerne d\u00e9shydrat\u00e9e, chlorure de potassium, chlorure de choline, phosphate monosodique, sel, propionate de calcium (comme agent de conservation), bisulfate de sodium, taurine, DL-m\u00e9thionine, extrait de levure (une source de mannaneoligosaccharides), L-lysine, sulfate ferreux, acide ascorbique (vitamine C), extrait de chicor\u00e9e (une source d\u2019inuline), L-cystine, oxyde zinc, s\u00e9l\u00e9nite de sodium, ac\u00e9tate d\u2019alphatocoph\u00e9rol (une source de vitamine E), sulfate de glucosamine, acide nicotinique, extrait de yucca schidigera, sulfate de chondro\u00eftine, iodate de calcium, oxyde manganeux, L-carnitine, pantoth\u00e9nate de d-calcium, mononitrate de thiamine, riboflavine, chlorhydrate de pyridoxine, suppl\u00e9ment de vitamine A, chol\u00e9calcif\u00e9rol (une source de vitamine D3), biotine, menthe s\u00e9ch\u00e9e, persil s\u00e9ch\u00e9, extrait de th\u00e9 vert, gingembre s\u00e9ch\u00e9, prot\u00e9inate de zinc, suppl\u00e9ment de vitamine B12, carbonate de cobalt, acide folique, prot\u00e9inate de mangan\u00e8se, prot\u00e9inate de cuivre.<\/p>\n<p><strong>ANALYSES GARANTIES : <\/strong><\/p>\n<p>Prot\u00e9ines brutes 28 % min.,<br \/>\nmati\u00e8res grasses brutes 12 % min.,<br \/>\nfibres brutes 5 % max.,<br \/>\nhumidit\u00e9 10 % max.,<br \/>\ncendres 9 % max.,<br \/>\ncalcium 1 % min.,<br \/>\nphosphore 0,8 % min.,<br \/>\nmagn\u00e9sium 0,1 % max.,<br \/>\ntaurine 1700 mg\/kg,<br \/>\nvitamine A 34 000 UI\/kg min.,<br \/>\nvitamine D3 2000 UI\/kg min.,<br \/>\nvitamine E 150 UI\/kg min.,<br \/>\nmannaneoligosaccharides 1000 mg\/kg,<br \/>\nfructo-oligosaccharides 500 mg\/kg.<\/p>\n","protected":false},"excerpt":{"rendered":"<p>INGR\u00c9DIENTS : Patates douces, canard, prot\u00e9ine de riz, prot\u00e9ine de pois, huile v\u00e9g\u00e9tale, pulpe de betteraves, saveur naturelle, carbonate de<\/p>\n","protected":false},"featured_media":94978,"comment_status":"closed","ping_status":"closed","template":"","meta":{"_acf_changed":false,"_themeisle_gutenberg_block_has_review":false},"product_brand":[],"product_cat":[1092,1093,1094],"product_tag":[2328],"class_list":{"0":"post-64756","1":"product","2":"type-product","3":"status-publish","4":"has-post-thumbnail","6":"product_cat-produits-pour-chat","7":"product_cat-chat-nourriture","8":"product_cat-chat-nourriture-seche","9":"product_tag-1st-choice-fr","10":"pa_animal-cat-fr","11":"pa_format-1-8kg-fr","12":"pa_format-2-72-kg-fr","13":"pa_format-5-44kg","14":"pa_marque-1st-choice-fr","15":"has-subscription-plans","17":"first","18":"instock","19":"taxable","20":"shipping-taxable","21":"purchasable","22":"product-type-variable"},"acf":[],"_links":{"self":[{"href":"https:\/\/marketplace.petmobile.ca\/fr\/wp-json\/wp\/v2\/product\/64756","targetHints":{"allow":["GET"]}}],"collection":[{"href":"https:\/\/marketplace.petmobile.ca\/fr\/wp-json\/wp\/v2\/product"}],"about":[{"href":"https:\/\/marketplace.petmobile.ca\/fr\/wp-json\/wp\/v2\/types\/product"}],"replies":[{"embeddable":true,"href":"https:\/\/marketplace.petmobile.ca\/fr\/wp-json\/wp\/v2\/comments?post=64756"}],"wp:featuredmedia":[{"embeddable":true,"href":"https:\/\/marketplace.petmobile.ca\/fr\/wp-json\/wp\/v2\/media\/94978"}],"wp:attachment":[{"href":"https:\/\/marketplace.petmobile.ca\/fr\/wp-json\/wp\/v2\/media?parent=64756"}],"wp:term":[{"taxonomy":"product_brand","embeddable":true,"href":"https:\/\/marketplace.petmobile.ca\/fr\/wp-json\/wp\/v2\/product_brand?post=64756"},{"taxonomy":"product_cat","embeddable":true,"href":"https:\/\/marketplace.petmobile.ca\/fr\/wp-json\/wp\/v2\/product_cat?post=64756"},{"taxonomy":"product_tag","embeddable":true,"href":"https:\/\/marketplace.petmobile.ca\/fr\/wp-json\/wp\/v2\/product_tag?post=64756"}],"curies":[{"name":"wp","href":"https:\/\/api.w.org\/{rel}","templated":true}]}}