{"id":65100,"date":"2022-06-21T14:13:41","date_gmt":"2022-06-21T19:13:41","guid":{"rendered":"https:\/\/marketplace.petmobile.ca\/product\/fido-os-superflex\/"},"modified":"2025-10-16T12:36:32","modified_gmt":"2025-10-16T17:36:32","slug":"fido-os-superflex","status":"publish","type":"product","link":"https:\/\/marketplace.petmobile.ca\/fr\/produit\/fido-os-superflex\/","title":{"rendered":"FIDO &#8211; Os superflex"},"content":{"rendered":"<p>Les os \u00e0 m\u00e2cher Fido Superflex sont id\u00e9als pour r\u00e9pondre aux besoins de gruger des chiots et des chiens adultes moyennement grugeurs. De base ces os sont con\u00e7us pour nettoyer les dents et les garder en sant\u00e9s. Ils sont faits de polyur\u00e9thane. Disponible \u00e0 saveur de poulet ou b\u0153uf. **Cet os est fait pour \u00eatre grug\u00e9 et non mang\u00e9. Les mati\u00e8res utilis\u00e9es dans sa fabrication ne sont PAS toxiques<\/p>\n","protected":false},"excerpt":{"rendered":"<p>Les os \u00e0 m\u00e2cher Fido Superflex sont id\u00e9als pour r\u00e9pondre aux besoins de gruger des chiots et des chiens adultes<\/p>\n","protected":false},"featured_media":62844,"comment_status":"closed","ping_status":"closed","template":"","meta":{"_acf_changed":false,"_themeisle_gutenberg_block_has_review":false},"product_brand":[],"product_cat":[1109,1115,2000],"product_tag":[],"class_list":{"0":"post-65100","1":"product","2":"type-product","3":"status-publish","4":"has-post-thumbnail","6":"product_cat-nourriture-et-produits-pour-chien","7":"product_cat-chien-gateries","8":"product_cat-gateries-dentaire-chien","9":"pa_animal-dog-fr","10":"has-subscription-plans","12":"first","13":"instock","14":"taxable","15":"shipping-taxable","16":"purchasable","17":"product-type-simple"},"acf":[],"_links":{"self":[{"href":"https:\/\/marketplace.petmobile.ca\/fr\/wp-json\/wp\/v2\/product\/65100","targetHints":{"allow":["GET"]}}],"collection":[{"href":"https:\/\/marketplace.petmobile.ca\/fr\/wp-json\/wp\/v2\/product"}],"about":[{"href":"https:\/\/marketplace.petmobile.ca\/fr\/wp-json\/wp\/v2\/types\/product"}],"replies":[{"embeddable":true,"href":"https:\/\/marketplace.petmobile.ca\/fr\/wp-json\/wp\/v2\/comments?post=65100"}],"wp:featuredmedia":[{"embeddable":true,"href":"https:\/\/marketplace.petmobile.ca\/fr\/wp-json\/wp\/v2\/media\/62844"}],"wp:attachment":[{"href":"https:\/\/marketplace.petmobile.ca\/fr\/wp-json\/wp\/v2\/media?parent=65100"}],"wp:term":[{"taxonomy":"product_brand","embeddable":true,"href":"https:\/\/marketplace.petmobile.ca\/fr\/wp-json\/wp\/v2\/product_brand?post=65100"},{"taxonomy":"product_cat","embeddable":true,"href":"https:\/\/marketplace.petmobile.ca\/fr\/wp-json\/wp\/v2\/product_cat?post=65100"},{"taxonomy":"product_tag","embeddable":true,"href":"https:\/\/marketplace.petmobile.ca\/fr\/wp-json\/wp\/v2\/product_tag?post=65100"}],"curies":[{"name":"wp","href":"https:\/\/api.w.org\/{rel}","templated":true}]}}