{"id":65112,"date":"2022-06-23T13:25:32","date_gmt":"2022-06-23T18:25:32","guid":{"rendered":"https:\/\/marketplace.petmobile.ca\/product\/1st-choice-hypoallergene-2\/"},"modified":"2022-11-03T10:15:22","modified_gmt":"2022-11-03T15:15:22","slug":"1st-choice-hypoallergene-2","status":"publish","type":"product","link":"https:\/\/marketplace.petmobile.ca\/fr\/produit\/1st-choice-hypoallergene-2\/","title":{"rendered":"1st Choice <br> Hypoallerg\u00e8ne"},"content":{"rendered":"<p>Ingr\u00e9dients :<\/p>\n<p>Canard frais, farine de canard, lentilles, pois, patates douces, amidon de pois, fibre de pois, poudre de luzerne, huile v\u00e9g\u00e9tale, pulpe d\u2019agrumes s\u00e9ch\u00e9e, graines de lin, phosphate monocalcique, huile de poisson menhaden (une source d\u2019ADH), extrait de levure, l\u00e9cithine, DL m\u00e9thionine, extrait de chicor\u00e9e (une source d\u2019inuline), chlorure de chloride, sel, L-thr\u00e9onine, taurine, carbonate de calcium, L-lysine, ac\u00e9tate d\u2019alpha-tocoph\u00e9rol (une source de vitamine E), sulfate ferreux, tocoph\u00e9rols, oxyde de zinc, extrait de yucca schidigera, lactos\u00e9rum, oxyde manganeux, niacine, pantoth\u00e9nate de d-calcium, prot\u00e9inate de zinc, suppl\u00e9ment de vitamine A, chol\u00e9calcif\u00e9rol (une source de vitamine D3), mononitrate de thiamine, prot\u00e9inate de mangan\u00e8se, biotine, menthe s\u00e9ch\u00e9e, persil s\u00e9ch\u00e9, extrait de th\u00e9 vert, gingembre s\u00e9ch\u00e9, ananas s\u00e9ch\u00e9, s\u00e9l\u00e9nite de sodium, riboflavine, prot\u00e9inate de cuivre, chlorhydrate de pyridoxine, suppl\u00e9ment de vitamine B12, iodate de calcium, acide folique.<\/p>\n<p>Analyse garanties:<\/p>\n<p>Prot\u00e9ines brutes 22 % minimum,<br \/>\nmati\u00e8res grasses 12 % minimum,<br \/>\nfibres brutes 7,5 % maximum,<br \/>\nhumidit\u00e9 10 % maximum,<br \/>\ncendres 8 % maximum,<br \/>\nacide docosahexa\u00e9no\u00efque (DHA) 0,07 % minimum,<br \/>\nacide eicosapenta\u00e9no\u00efque (EPA) 0,08 % minimum,<br \/>\ncalcium 1,3 % minimum,<br \/>\nphosphore 0,9 % minimum,<br \/>\nsodium 0,2 % minimum,<br \/>\nvitamine A 18 000 UI\/kg minimum,<br \/>\nvitamine D3 1 700 UI\/kg minimum,<br \/>\nvitamine E 280 UI\/kg minimum.<\/p>\n","protected":false},"excerpt":{"rendered":"<p>La formule HYPOALLERG\u00c8NE \u00e0 base de canard a \u00e9t\u00e9 con\u00e7ue pour r\u00e9pondre aux besoins des chiens adultes qui ont des allergies, des intol\u00e9rances alimentaires ou qui doivent \u00e9viter les grains. Afin d\u2019obtenir une nourriture qui est douce pour leur estomac, notre \u00e9quipe d\u2019experts en nutrition animale s\u2019est assur\u00e9e de choisir des ingr\u00e9dients qui se dig\u00e8rent facilement et qui suscitent peu de r\u00e9actions allergiques. Le ratio de fibres solubles et insolubles favorise \u00e9galement la sant\u00e9 intestinale afin que les chiens se sentent bien et plein d\u2019\u00e9nergie !<\/p>\n","protected":false},"featured_media":71128,"comment_status":"closed","ping_status":"closed","template":"","meta":{"_acf_changed":false,"_themeisle_gutenberg_block_has_review":false},"product_brand":[],"product_cat":[1109,1110,1111],"product_tag":[2328],"class_list":{"0":"post-65112","1":"product","2":"type-product","3":"status-publish","4":"has-post-thumbnail","6":"product_cat-nourriture-et-produits-pour-chien","7":"product_cat-chien-nourriture","8":"product_cat-chien-nourriture-seche","9":"product_tag-1st-choice-fr","10":"pa_animal-dog-fr","11":"pa_format-11kg-fr","12":"pa_format-2kg","13":"pa_format-4-5kg-fr","14":"pa_marque-1st-choice-fr","15":"has-subscription-plans","17":"first","18":"instock","19":"taxable","20":"shipping-taxable","21":"purchasable","22":"product-type-variable"},"acf":[],"_links":{"self":[{"href":"https:\/\/marketplace.petmobile.ca\/fr\/wp-json\/wp\/v2\/product\/65112","targetHints":{"allow":["GET"]}}],"collection":[{"href":"https:\/\/marketplace.petmobile.ca\/fr\/wp-json\/wp\/v2\/product"}],"about":[{"href":"https:\/\/marketplace.petmobile.ca\/fr\/wp-json\/wp\/v2\/types\/product"}],"replies":[{"embeddable":true,"href":"https:\/\/marketplace.petmobile.ca\/fr\/wp-json\/wp\/v2\/comments?post=65112"}],"wp:featuredmedia":[{"embeddable":true,"href":"https:\/\/marketplace.petmobile.ca\/fr\/wp-json\/wp\/v2\/media\/71128"}],"wp:attachment":[{"href":"https:\/\/marketplace.petmobile.ca\/fr\/wp-json\/wp\/v2\/media?parent=65112"}],"wp:term":[{"taxonomy":"product_brand","embeddable":true,"href":"https:\/\/marketplace.petmobile.ca\/fr\/wp-json\/wp\/v2\/product_brand?post=65112"},{"taxonomy":"product_cat","embeddable":true,"href":"https:\/\/marketplace.petmobile.ca\/fr\/wp-json\/wp\/v2\/product_cat?post=65112"},{"taxonomy":"product_tag","embeddable":true,"href":"https:\/\/marketplace.petmobile.ca\/fr\/wp-json\/wp\/v2\/product_tag?post=65112"}],"curies":[{"name":"wp","href":"https:\/\/api.w.org\/{rel}","templated":true}]}}