{"id":65127,"date":"2022-06-29T13:25:03","date_gmt":"2022-06-29T18:13:26","guid":{"rendered":"https:\/\/marketplace.petmobile.ca\/product\/1st-choice-sante-dentaire\/"},"modified":"2022-08-05T06:08:19","modified_gmt":"2022-08-05T11:08:19","slug":"1st-choice-sante-dentaire","status":"publish","type":"product","link":"https:\/\/marketplace.petmobile.ca\/fr\/produit\/1st-choice-sante-dentaire\/","title":{"rendered":"1st Choice <br> Sant\u00e9 Dentaire"},"content":{"rendered":"<p><strong>Ingr\u00e9dients:<\/strong><\/p>\n<p>Poulet frais, farine de poulet, riz brun, orge, amidon de pois, huile de poisson menhaden, gras de poulet conserv\u00e9 avec un m\u00e9lange de tocoph\u00e9rols, prot\u00e9ine de patate, poudre de luzerne, pulpe d\u2019agrumes s\u00e9ch\u00e9e, fibre de pois, graines de lin, saveur naturelle, huile de saumon, l\u00e9cithine, bisulfate de sodium, hexametaphosphate de sodium, DL-m\u00e9thionine, chlorure de choline, taurine, extrait de levure, chlorure de potassium, sel, vitamine C (acide ascorbique), extrait de chicor\u00e9e (une source d\u2019inuline), sulfate ferreux, L-lysine, ac\u00e9tate d\u2019alpha-tocoph\u00e9rol (une source de vitamine E), oxyde de zinc, extrait de yucca schidigera, niacine, lactos\u00e9rum, L-carnitine, oxyde manganeux, pantoth\u00e9nate de d-calcium, prot\u00e9inate de zinc, mononitrate de thiamine, riboflavine, chlorhydrate de pyridoxine, suppl\u00e9ment de vitamine A, chol\u00e9calcif\u00e9rol (une source de vitamine D3), prot\u00e9inate de mangan\u00e8se, biotine, menthe s\u00e9ch\u00e9e, persil s\u00e9ch\u00e9, extrait de th\u00e9 vert, gingembre s\u00e9ch\u00e9, ananas s\u00e9ch\u00e9, s\u00e9l\u00e9nite de sodium, prot\u00e9inate de cuivre, suppl\u00e9ment de vitamine B12, iodate de calcium, acide folique.<\/p>\n<p><strong>ANALYSES GARANTIES:<\/strong><\/p>\n<p>Prot\u00e9ines brutes 30 % minimum,<br \/>\nmati\u00e8res grasses 15 % minimum,<br \/>\nfibres brutes 7 % maximum,<br \/>\nhumidit\u00e9 10 % maximum,<br \/>\ncendres 8,5 % maximum,<br \/>\ncalcium 1,45 % minimum,<br \/>\nphosphore 1,1 % minimum,<br \/>\nsodium 0,3 % minimum,<br \/>\nmagn\u00e9sium 0,12 % maximum,<br \/>\nvitamine A 18 000 UI\/kg minimum,<br \/>\nvitamine D3 1 700 UI\/kg minimum,<br \/>\nvitamine E 75 UI\/kg minimum.<\/p>\n","protected":false},"excerpt":{"rendered":"<p>LA SCIENCE AU COEUR DE LA NUTRITION<\/p>\n<p>La taille, la forme, la texture et la densit\u00e9 des croquettes ont \u00e9t\u00e9 judicieusement choisies par nos experts en nutrition afin qu\u2019elles nettoient la surface dentaire lors de la mastication. Le frottement obtenu lorsque la dent p\u00e9n\u00e8tre dans la croquette diminue la pr\u00e9sence de plaque et de tartre le long des gencives, r\u00e9duisant ainsi les risques de d\u00e9velopper la carie dentaire ou la maladie gingivale. Dans cette formule, des ingr\u00e9dients ayant un bon pouvoir antioxydant contribuent \u00e9galement \u00e0 ralentir la prolif\u00e9ration de bact\u00e9ries buccales nocives, tandis que les propri\u00e9t\u00e9s anti-infectieuses aident \u00e0 supporter la sant\u00e9 des gencives.<\/p>\n","protected":false},"featured_media":62872,"comment_status":"closed","ping_status":"closed","template":"","meta":{"_acf_changed":false,"_themeisle_gutenberg_block_has_review":false},"product_brand":[],"product_cat":[1092,1093,1094],"product_tag":[2328],"class_list":{"0":"post-65127","1":"product","2":"type-product","3":"status-publish","4":"has-post-thumbnail","6":"product_cat-produits-pour-chat","7":"product_cat-chat-nourriture","8":"product_cat-chat-nourriture-seche","9":"product_tag-1st-choice-fr","10":"pa_animal-cat-fr","11":"pa_format-1-80kg","12":"pa_format-4-kg","13":"pa_marque-1st-choice-fr","14":"has-subscription-plans","16":"first","17":"instock","18":"taxable","19":"shipping-taxable","20":"purchasable","21":"product-type-variable","22":"has-default-attributes"},"acf":[],"_links":{"self":[{"href":"https:\/\/marketplace.petmobile.ca\/fr\/wp-json\/wp\/v2\/product\/65127","targetHints":{"allow":["GET"]}}],"collection":[{"href":"https:\/\/marketplace.petmobile.ca\/fr\/wp-json\/wp\/v2\/product"}],"about":[{"href":"https:\/\/marketplace.petmobile.ca\/fr\/wp-json\/wp\/v2\/types\/product"}],"replies":[{"embeddable":true,"href":"https:\/\/marketplace.petmobile.ca\/fr\/wp-json\/wp\/v2\/comments?post=65127"}],"wp:featuredmedia":[{"embeddable":true,"href":"https:\/\/marketplace.petmobile.ca\/fr\/wp-json\/wp\/v2\/media\/62872"}],"wp:attachment":[{"href":"https:\/\/marketplace.petmobile.ca\/fr\/wp-json\/wp\/v2\/media?parent=65127"}],"wp:term":[{"taxonomy":"product_brand","embeddable":true,"href":"https:\/\/marketplace.petmobile.ca\/fr\/wp-json\/wp\/v2\/product_brand?post=65127"},{"taxonomy":"product_cat","embeddable":true,"href":"https:\/\/marketplace.petmobile.ca\/fr\/wp-json\/wp\/v2\/product_cat?post=65127"},{"taxonomy":"product_tag","embeddable":true,"href":"https:\/\/marketplace.petmobile.ca\/fr\/wp-json\/wp\/v2\/product_tag?post=65127"}],"curies":[{"name":"wp","href":"https:\/\/api.w.org\/{rel}","templated":true}]}}