{"id":65140,"date":"2022-07-25T19:17:21","date_gmt":"2022-07-26T00:17:21","guid":{"rendered":"https:\/\/marketplace.petmobile.ca\/product\/wahl-2-en-1-e-z-coupe-griffe-avec-lame-rotative\/"},"modified":"2022-11-03T10:12:35","modified_gmt":"2022-11-03T15:12:35","slug":"wahl-2-en-1-e-z-coupe-griffe-avec-lame-rotative","status":"publish","type":"product","link":"https:\/\/marketplace.petmobile.ca\/fr\/produit\/wahl-2-en-1-e-z-coupe-griffe-avec-lame-rotative\/","title":{"rendered":"WAHL &#8211; 2 en 1 E-Z coupe griffe avec lame rotative"},"content":{"rendered":"<ul class=\"a-unordered-list a-vertical a-spacing-mini\">\n<li><span class=\"a-list-item\">Utilisez le coupe-ongles de pr\u00e9cision pour couper les ongles<\/span><\/li>\n<li><span class=\"a-list-item\">Utilisez la lime \u00e0 ongles rotative pour fa\u00e7onner l&rsquo;ongle avec pr\u00e9cision et enlever les bords dentel\u00e9s et tranchants<\/span><\/li>\n<li><span class=\"a-list-item\">Fonctionnement \u00e0 piles pratique<\/span><\/li>\n<li><span class=\"a-list-item\">Poign\u00e9e douce au toucher pour une utilisation antid\u00e9rapante<\/span><\/li>\n<\/ul>\n","protected":false},"excerpt":{"rendered":"<p>Utilisez le coupe-ongles de pr\u00e9cision pour couper les ongles Utilisez la lime \u00e0 ongles rotative pour fa\u00e7onner l&rsquo;ongle avec pr\u00e9cision<\/p>\n","protected":false},"featured_media":62877,"comment_status":"closed","ping_status":"closed","template":"","meta":{"_acf_changed":false,"_themeisle_gutenberg_block_has_review":false},"product_brand":[],"product_cat":[1097,1117,2301,1092,1109,1122,2290,2313,2368,2833],"product_tag":[],"class_list":{"0":"post-65140","1":"product","2":"type-product","3":"status-publish","4":"has-post-thumbnail","6":"product_cat-chat-accessoires","7":"product_cat-chien-accessoires","8":"product_cat-chien-proprete-brossesetaccesoires","9":"product_cat-produits-pour-chat","10":"product_cat-nourriture-et-produits-pour-chien","11":"product_cat-chien-proprete","12":"product_cat-chien-soins","13":"product_cat-soins-chat","14":"product_cat-toilettage-soins-chat","15":"product_cat-toilettage-chien","16":"pa_animal-dog-fr","17":"has-subscription-plans","19":"first","20":"instock","21":"taxable","22":"shipping-taxable","23":"purchasable","24":"product-type-simple"},"acf":[],"_links":{"self":[{"href":"https:\/\/marketplace.petmobile.ca\/fr\/wp-json\/wp\/v2\/product\/65140","targetHints":{"allow":["GET"]}}],"collection":[{"href":"https:\/\/marketplace.petmobile.ca\/fr\/wp-json\/wp\/v2\/product"}],"about":[{"href":"https:\/\/marketplace.petmobile.ca\/fr\/wp-json\/wp\/v2\/types\/product"}],"replies":[{"embeddable":true,"href":"https:\/\/marketplace.petmobile.ca\/fr\/wp-json\/wp\/v2\/comments?post=65140"}],"wp:featuredmedia":[{"embeddable":true,"href":"https:\/\/marketplace.petmobile.ca\/fr\/wp-json\/wp\/v2\/media\/62877"}],"wp:attachment":[{"href":"https:\/\/marketplace.petmobile.ca\/fr\/wp-json\/wp\/v2\/media?parent=65140"}],"wp:term":[{"taxonomy":"product_brand","embeddable":true,"href":"https:\/\/marketplace.petmobile.ca\/fr\/wp-json\/wp\/v2\/product_brand?post=65140"},{"taxonomy":"product_cat","embeddable":true,"href":"https:\/\/marketplace.petmobile.ca\/fr\/wp-json\/wp\/v2\/product_cat?post=65140"},{"taxonomy":"product_tag","embeddable":true,"href":"https:\/\/marketplace.petmobile.ca\/fr\/wp-json\/wp\/v2\/product_tag?post=65140"}],"curies":[{"name":"wp","href":"https:\/\/api.w.org\/{rel}","templated":true}]}}