{"id":65172,"date":"2022-07-26T19:10:16","date_gmt":"2022-07-27T00:11:22","guid":{"rendered":"https:\/\/marketplace.petmobile.ca\/product\/kong-signature-corde-double-noeuds-22\/"},"modified":"2025-02-25T15:07:33","modified_gmt":"2025-02-25T20:07:33","slug":"kong-signature-corde-double-noeuds-22","status":"publish","type":"product","link":"https:\/\/marketplace.petmobile.ca\/fr\/produit\/kong-signature-corde-double-noeuds-22\/","title":{"rendered":"KONG Signature &#8211; Corde double noeuds 22\u00a0\u00bb"},"content":{"rendered":"<p>Le jouet KONG Signature Dual Knot Rope est une tresse unique faite de coton et de tissu molletonn\u00e9 pour le plus grand plaisir de votre chien, ce dernier pouvant en effet l\u2019\u00e9tirer \u00e0 volont\u00e9 sans se faire mal. Fabriqu\u00e9 \u00e0 partir d\u2019un mat\u00e9riau solide, le jouet r\u00e9compense encore davantage le comportement naturel de mastication de votre toutou tout en lui nettoyant les dents. Les deux n\u0153uds repr\u00e9sentent deux fois plus de plaisir pour tous les chiens car ils \u00e9veillent leurs instincts ludiques et les encouragent \u00e0 tirer dessus sans se lasser.<\/p>\n","protected":false},"excerpt":{"rendered":"<p>Le jouet KONG Signature Dual Knot Rope est une tresse unique faite de coton et de tissu molletonn\u00e9 pour le<\/p>\n","protected":false},"featured_media":62929,"comment_status":"closed","ping_status":"closed","template":"","meta":{"_acf_changed":false,"_themeisle_gutenberg_block_has_review":false},"product_brand":[],"product_cat":[1117,1109,2831],"product_tag":[2131],"class_list":{"0":"post-65172","1":"product","2":"type-product","3":"status-publish","4":"has-post-thumbnail","6":"product_cat-chien-accessoires","7":"product_cat-nourriture-et-produits-pour-chien","8":"product_cat-jouets","9":"product_tag-kong-fr","10":"pa_animal-dog-fr","11":"has-subscription-plans","13":"first","14":"instock","15":"taxable","16":"shipping-taxable","17":"purchasable","18":"product-type-simple"},"acf":[],"_links":{"self":[{"href":"https:\/\/marketplace.petmobile.ca\/fr\/wp-json\/wp\/v2\/product\/65172","targetHints":{"allow":["GET"]}}],"collection":[{"href":"https:\/\/marketplace.petmobile.ca\/fr\/wp-json\/wp\/v2\/product"}],"about":[{"href":"https:\/\/marketplace.petmobile.ca\/fr\/wp-json\/wp\/v2\/types\/product"}],"replies":[{"embeddable":true,"href":"https:\/\/marketplace.petmobile.ca\/fr\/wp-json\/wp\/v2\/comments?post=65172"}],"wp:featuredmedia":[{"embeddable":true,"href":"https:\/\/marketplace.petmobile.ca\/fr\/wp-json\/wp\/v2\/media\/62929"}],"wp:attachment":[{"href":"https:\/\/marketplace.petmobile.ca\/fr\/wp-json\/wp\/v2\/media?parent=65172"}],"wp:term":[{"taxonomy":"product_brand","embeddable":true,"href":"https:\/\/marketplace.petmobile.ca\/fr\/wp-json\/wp\/v2\/product_brand?post=65172"},{"taxonomy":"product_cat","embeddable":true,"href":"https:\/\/marketplace.petmobile.ca\/fr\/wp-json\/wp\/v2\/product_cat?post=65172"},{"taxonomy":"product_tag","embeddable":true,"href":"https:\/\/marketplace.petmobile.ca\/fr\/wp-json\/wp\/v2\/product_tag?post=65172"}],"curies":[{"name":"wp","href":"https:\/\/api.w.org\/{rel}","templated":true}]}}