{"id":68027,"date":"2019-01-25T20:55:17","date_gmt":"2019-01-26T01:55:17","guid":{"rendered":"https:\/\/marketplace.petmobile.ca\/product\/multi-menu-agneau-et-riz\/"},"modified":"2023-12-04T13:40:56","modified_gmt":"2023-12-04T18:40:56","slug":"multi-menu-agneau-et-riz","status":"publish","type":"product","link":"https:\/\/marketplace.petmobile.ca\/fr\/produit\/multi-menu-agneau-et-riz\/","title":{"rendered":"Multi Menu <br> Agneau et Riz"},"content":{"rendered":"<p>La formule AGNEAU ET RIZ est con\u00e7ue pour les chiens allergiques au poulet. Elle est formul\u00e9e en vue d&rsquo;une nutrition optimale, d&rsquo;une excellente digestibilit\u00e9 et d&rsquo;un go\u00fbt exceptionnel. Elle combine les excellentes prot\u00e9ines de l&rsquo;agneau deshydrat\u00e9 et du riz qui sont facilement assimil\u00e9es par l&rsquo;organisme ce qui en fait un choix id\u00e9al pour votre chien.<\/p>\n<ul>\n<li>Contient des vitamines A, B, C, D, E et K ainsi qu\u2019une gamme compl\u00e8te de min\u00e9raux dont du calcium, du potassium et du phosphore.<\/li>\n<li>Contient des acides de gras essentiels<\/li>\n<li>La vari\u00e9t\u00e9 et la qualit\u00e9 sup\u00e9rieure des ingr\u00e9dients utilis\u00e9s assurent \u00e0 votre animal une alimentation compl\u00e8te et \u00e9quilibr\u00e9e.<\/li>\n<li>Contient les \u00e9l\u00e9ments \u00e9nerg\u00e9tiques (lipides, glucides) et les vitamines permettant de maximiser la vitalit\u00e9 de votre animal.<\/li>\n<li>Contient des antioxydants tels la vitamine E et les tocoph\u00e9rols.<\/li>\n<\/ul>\n<p><strong>Analyse garantie<\/strong><\/p>\n<p>Prot\u00e9ines brutes min. 24,6%<br \/>\nMati\u00e8res grasses brutes min. 12,3%<br \/>\nFibres brutes max. 3,1%<br \/>\nHumidit\u00e9 max. 9%<\/p>\n<p><strong>Sulfate de glucosamine<\/strong><br \/>\n399 mg\/kg<\/p>\n<p><strong>Ingr\u00e9dients:<\/strong><\/p>\n<p>Agneau d\u00e9shydrat\u00e9, riz de brasserie, gluten de ma\u00efs d\u00e9shydrat\u00e9, ma\u00efs jaune moulu, farine de bl\u00e9 entier, gru de bl\u00e9, gras de poulet stabilis\u00e9 avec un m\u00e9lange de tocoph\u00e9rols (une source de vitamine E), pulpe de betteraves, digestat de foie de poulet, \u0153ufs entiers d\u00e9shydrat\u00e9s, l\u00e9cithine, chlorure de potassium, carbonate de calcium, propionate de calcium, chlorure de choline, sel, sulfate de glucosamine, sulfate de fer, oxyde de zinc, ac\u00e9tate de Dl-alpha-tocoph\u00e9rol (vitamine E), prot\u00e9inates (zinc, mangan\u00e8se, cuivre), probiotiques (produit de fermentation de Lactobacillus acidophillus d\u00e9shydrat\u00e9, produit de fermentation de Lactobacillus caseid\u00e9shydrat\u00e9, produit de fermentation de Bifidobacterium bifidium d\u00e9shydrat\u00e9, produit de fermentation de Streptococcus faecium d\u00e9shydrat\u00e9, produit de fermentation de Aspergillus oryzae d\u00e9shydrat\u00e9), s\u00e9l\u00e9nite de sodium, mononitrate de thiamine, sulfate de cuivre, iodate de calcium, chlorhydrate de pyridoxine, oxyde de mangan\u00e8se, acide nicotinique, d-pantoth\u00e9nate de calcium, ac\u00e9tate de r\u00e9tinol (vitamine A), col\u00e9calcif\u00e9rol (vitamine D3), acide folique, riboflavine, bisulfite de m\u00e9nadione nicotinamide (vitamine K3), biotine, suppl\u00e9ment de vitamine B12, carbonate de cobalt.<\/p>\n<\/p>\n<div class=\"table-2\">\n<table width=\"100%\">\n<thead>\n<tr>\n<th align=\"left\">Poids du chien<\/th>\n<th align=\"left\">Portion Journali\u00e8re<\/th>\n<\/tr>\n<\/thead>\n<\/table>\n<\/div>\n<p>\n<\/p>\n<div class=\"table-1\">\n<table width=\"100%\">\n<thead>\n<tr>\n<th align=\"left\">Lbs<\/th>\n<th align=\"left\">Kilogrammes<\/th>\n<th align=\"left\">Tasses<\/th>\n<th align=\"left\">Grammes<\/th>\n<\/tr>\n<\/thead>\n<tbody>\n<tr>\n<td align=\"left\">3 &#8211; 12<\/td>\n<td align=\"left\">1.5 -5.5<\/td>\n<td align=\"left\">3\/8 &#8211; 7\/8<\/td>\n<td align=\"left\">40 &#8211; 105<\/td>\n<\/tr>\n<tr>\n<td align=\"left\">12 &#8211; 20<\/td>\n<td align=\"left\">5.5 &#8211; 9.5<\/td>\n<td align=\"left\">7\/8 &#8211; 1 3\/8<\/td>\n<td align=\"left\">105 &#8211; 155<\/td>\n<\/tr>\n<tr>\n<td align=\"left\">20 &#8211; 35<\/td>\n<td align=\"left\">9.5 &#8211; 15.5<\/td>\n<td align=\"left\">1 3\/8 &#8211; 2<\/td>\n<td align=\"left\">155 &#8211; 225<\/td>\n<\/tr>\n<tr>\n<td align=\"left\">35 &#8211; 50<\/td>\n<td align=\"left\">15.5 &#8211; 22.5<\/td>\n<td align=\"left\">2 &#8211; 2 5\/8<\/td>\n<td align=\"left\">225 &#8211; 295<\/td>\n<\/tr>\n<tr>\n<td align=\"left\">50 &#8211; 75<\/td>\n<td align=\"left\">22.5 &#8211; 33.5<\/td>\n<td align=\"left\">2 5\/8 &#8211; 3 1\/2<\/td>\n<td align=\"left\">295 &#8211; 400<\/td>\n<\/tr>\n<tr>\n<td align=\"left\">75 &#8211; 100<\/td>\n<td align=\"left\">33.4 &#8211; 45.5<\/td>\n<td align=\"left\">3 1\/2 &#8211; 4 3\/8<\/td>\n<td align=\"left\">400 &#8211; 505<\/td>\n<\/tr>\n<tr>\n<td align=\"left\">100 +<\/td>\n<td align=\"left\">45.5 +<\/td>\n<td align=\"left\">4 3\/8+1\/2 par 10lbs<\/td>\n<td align=\"left\">505+95kg par 5kg<\/td>\n<\/tr>\n<\/tbody>\n<\/table>\n<\/div>\n<p>\n","protected":false},"excerpt":{"rendered":"<p>Pour les chiens souffrant d&rsquo;allergies.<\/p>\n","protected":false},"featured_media":93529,"comment_status":"closed","ping_status":"closed","template":"","meta":{"_acf_changed":false,"_themeisle_gutenberg_block_has_review":false},"product_brand":[],"product_cat":[1109,2353,2350,1110,1111],"product_tag":[1735],"class_list":{"0":"post-68027","1":"product","2":"type-product","3":"status-publish","4":"has-post-thumbnail","6":"product_cat-nourriture-et-produits-pour-chien","7":"product_cat-chien-avec-allergies","8":"product_cat-conseiller","9":"product_cat-chien-nourriture","10":"product_cat-chien-nourriture-seche","11":"product_tag-multi-menu","12":"pa_animal-dog-fr","13":"pa_format-multi-menu-lamb-and-rice-15-kg-fr","14":"pa_format-multi-menu-agneau-et-riz-4-kg-fr","15":"pa_format-multi-menu-agneau-et-riz-8-kg-fr","16":"pa_marque-multi-menu","17":"has-subscription-plans","19":"first","20":"instock","21":"taxable","22":"shipping-taxable","23":"purchasable","24":"product-type-variable"},"acf":[],"_links":{"self":[{"href":"https:\/\/marketplace.petmobile.ca\/fr\/wp-json\/wp\/v2\/product\/68027","targetHints":{"allow":["GET"]}}],"collection":[{"href":"https:\/\/marketplace.petmobile.ca\/fr\/wp-json\/wp\/v2\/product"}],"about":[{"href":"https:\/\/marketplace.petmobile.ca\/fr\/wp-json\/wp\/v2\/types\/product"}],"replies":[{"embeddable":true,"href":"https:\/\/marketplace.petmobile.ca\/fr\/wp-json\/wp\/v2\/comments?post=68027"}],"wp:featuredmedia":[{"embeddable":true,"href":"https:\/\/marketplace.petmobile.ca\/fr\/wp-json\/wp\/v2\/media\/93529"}],"wp:attachment":[{"href":"https:\/\/marketplace.petmobile.ca\/fr\/wp-json\/wp\/v2\/media?parent=68027"}],"wp:term":[{"taxonomy":"product_brand","embeddable":true,"href":"https:\/\/marketplace.petmobile.ca\/fr\/wp-json\/wp\/v2\/product_brand?post=68027"},{"taxonomy":"product_cat","embeddable":true,"href":"https:\/\/marketplace.petmobile.ca\/fr\/wp-json\/wp\/v2\/product_cat?post=68027"},{"taxonomy":"product_tag","embeddable":true,"href":"https:\/\/marketplace.petmobile.ca\/fr\/wp-json\/wp\/v2\/product_tag?post=68027"}],"curies":[{"name":"wp","href":"https:\/\/api.w.org\/{rel}","templated":true}]}}