{"id":68039,"date":"2019-01-25T20:55:30","date_gmt":"2019-01-26T01:55:30","guid":{"rendered":"https:\/\/marketplace.petmobile.ca\/product\/multi-menu-unique\/"},"modified":"2023-12-04T13:27:57","modified_gmt":"2023-12-04T18:27:57","slug":"multi-menu-unique","status":"publish","type":"product","link":"https:\/\/marketplace.petmobile.ca\/fr\/produit\/multi-menu-unique\/","title":{"rendered":"Multi Menu <br> Unique"},"content":{"rendered":"<p>La formule haute de gamme UNIQUE repr\u00e9sente un choix judicieux \u00e0 donner \u00e0 votre animal pendant les meilleures ann\u00e9es de sa vie. Elle est sp\u00e9cialement formul\u00e9e d&rsquo;ingr\u00e9dients de haute qualit\u00e9 et constitue un repas complet pour les chiens de toutes tailles et races qui ont un niveau d&rsquo;activit\u00e9 moyennement \u00e9lev\u00e9.<\/p>\n<ul>\n<li>Contient de la glucosamine et de la chondro\u00eftine.<\/li>\n<li>Le Phytozen, un ingr\u00e9dient issu de l&rsquo;huile d&rsquo;agrumes, aide \u00e0 calmer les troubles d&rsquo;anxi\u00e9t\u00e9. Cette recette est recommand\u00e9e pour tous chiens<br \/>\ndont les ma\u00eetres sont souvent absents de la maison.<\/li>\n<li>R\u00e9duit les troubles digestifs et am\u00e9liore l&rsquo;app\u00e9tit.<\/li>\n<li>Contient des acides gras essentiels Om\u00e9ga 3 et 6, de la l\u00e9cithine, du lin et du zinc.<\/li>\n<li>Contient des pommes d\u00e9shydrat\u00e9es qui fournissent calcium,<br \/>\nvitamine C ainsi que des canneberges d\u00e9shydrat\u00e9es pour r\u00e9duire les risques d&rsquo;infections urinaires.<\/li>\n<li>Contient des bleuets d\u00e9shydrat\u00e9s.<\/li>\n<\/ul>\n<p><strong>Analyse garantie<\/strong><\/p>\n<p>Prot\u00e9ines brutes min. 26%<br \/>\nMati\u00e8res grasses brutes min. 15%<br \/>\nFibres brutes max. 3,5%<br \/>\nHumidit\u00e9 max. 10%<\/p>\n<p><strong>Sulfate de glucosamine<\/strong><br \/>\n500 mg\/kg<\/p>\n<p><strong>Ingr\u00e9dients:<\/strong><\/p>\n<p>Dinde d\u00e9shydrat\u00e9e, riz brun, avoine moulue, gras de poulet stabilis\u00e9 avec un m\u00e9lange de tocoph\u00e9rols, pulpe de betteraves, \u0153ufs entiers d\u00e9shydrat\u00e9s, graines de lin (une source d\u2019acides gras om\u00e9ga-3), saveur naturelle de poulet, l\u00e9cithine,extrait d&rsquo;huile d&rsquo;agrumes, sel, chlorure de potassium, propionate de calcium (comme pr\u00e9servatif), chlorure de choline, extrait de levure (mannan oligosaccharides), carbonate de calcium, extrait de chicor\u00e9e (une source d\u2019inuline),pommes d\u00e9shydrat\u00e9es,sulfate de glucosamine,sulfate de chondroitine, sulfate ferreux, oxyde de zinc, ac\u00e9tate d\u2019alpha-tocoph\u00e9rol (une source de vitamine E), extrait de Yucca schidigera, ,canneberges d\u00e9shydrat\u00e9s,bleuets d\u00e9shydrar\u00e9s, oxyde de mangan\u00e8se, prot\u00e9inate de zinc,acide nicotinique, pantoth\u00e9nate de D-calcium, s\u00e9l\u00e9nite de sodium, prot\u00e9inate de manganese, graines d\u2019anis, gen\u00e9vrier, chardon de Marie, canelle, thym, griffe du diable, suppl\u00e9ment de vitamine A, chol\u00e9calcif\u00e9rol (une source de vitamine D3), mononitrate de thiamine, biotine, prot\u00e9inate de cuivre, riboflavine, chlorhydrate de pyridoxine, suppl\u00e9ment de vitamine B12, iodate de calcium, carbonate de cobalt, acide folique.<\/p>\n<\/p>\n<div class=\"table-2\">\n<table width=\"100%\">\n<thead>\n<tr>\n<th align=\"left\">Poids du chien<\/th>\n<th align=\"left\">Portion Journali\u00e8re<\/th>\n<\/tr>\n<\/thead>\n<\/table>\n<\/div>\n<p>\n<\/p>\n<div class=\"table-1\">\n<table width=\"100%\">\n<thead>\n<tr>\n<th align=\"left\">Lbs<\/th>\n<th align=\"left\">Kilogrammes<\/th>\n<th align=\"left\">Tasses<\/th>\n<th align=\"left\">Grammes<\/th>\n<\/tr>\n<\/thead>\n<tbody>\n<tr>\n<td align=\"left\">3 &#8211; 12<\/td>\n<td align=\"left\">1.5 -5.5<\/td>\n<td align=\"left\">3\/8 &#8211; 1<\/td>\n<td align=\"left\">40 &#8211; 100<\/td>\n<\/tr>\n<tr>\n<td align=\"left\">12 &#8211; 20<\/td>\n<td align=\"left\">5.5 &#8211; 9.5<\/td>\n<td align=\"left\">1 &#8211; 1 1\/2<\/td>\n<td align=\"left\">100 &#8211; 155<\/td>\n<\/tr>\n<tr>\n<td align=\"left\">20 &#8211; 35<\/td>\n<td align=\"left\">9.5 &#8211; 15.5<\/td>\n<td align=\"left\">1 1\/2 &#8211; 2 1\/8<\/td>\n<td align=\"left\">155 &#8211; 220<\/td>\n<\/tr>\n<tr>\n<td align=\"left\">35 &#8211; 50<\/td>\n<td align=\"left\">15.5 &#8211; 22.5<\/td>\n<td align=\"left\">2 1\/8 &#8211; 2 3\/4<\/td>\n<td align=\"left\">220 &#8211; 295<\/td>\n<\/tr>\n<tr>\n<td align=\"left\">50 &#8211; 75<\/td>\n<td align=\"left\">22.5 &#8211; 33.5<\/td>\n<td align=\"left\">2 3\/4 &#8211; 3 3\/4<\/td>\n<td align=\"left\">295 &#8211; 395<\/td>\n<\/tr>\n<tr>\n<td align=\"left\">75 &#8211; 100<\/td>\n<td align=\"left\">33.4 &#8211; 45.5<\/td>\n<td align=\"left\">3 3\/4 &#8211; 4 3\/4<\/td>\n<td align=\"left\">395 &#8211; 495<\/td>\n<\/tr>\n<tr>\n<td align=\"left\">100 +<\/td>\n<td align=\"left\">45.5 +<\/td>\n<td align=\"left\">4 3\/4+1\/4 per 10lbs<\/td>\n<td align=\"left\">495+50kg per 5kg<\/td>\n<\/tr>\n<\/tbody>\n<\/table>\n<\/div>\n<p>\n","protected":false},"excerpt":{"rendered":"<ul>\n<li>Am\u00e9liore l\u2019app\u00e9tit de votre animal<\/li>\n<li>Votre chien sera plus calme et plus sociable<\/li>\n<li>Diminue l\u2019anxi\u00e9t\u00e9 et le stress afin d&rsquo;avoir une vie meilleure!<\/li>\n<\/ul>\n","protected":false},"featured_media":93531,"comment_status":"closed","ping_status":"closed","template":"","meta":{"_acf_changed":false,"_themeisle_gutenberg_block_has_review":false},"product_brand":[],"product_cat":[1109,2353,2350,1110,1111],"product_tag":[1735],"class_list":{"0":"post-68039","1":"product","2":"type-product","3":"status-publish","4":"has-post-thumbnail","6":"product_cat-nourriture-et-produits-pour-chien","7":"product_cat-chien-avec-allergies","8":"product_cat-conseiller","9":"product_cat-chien-nourriture","10":"product_cat-chien-nourriture-seche","11":"product_tag-multi-menu","12":"pa_animal-dog-fr","13":"pa_format-multi-menu-unique-15kg","14":"pa_format-multi-menu-unique-4-kg","15":"pa_format-multi-menu-unique-8-kg","16":"pa_marque-multi-menu","17":"has-subscription-plans","19":"first","20":"instock","21":"taxable","22":"shipping-taxable","23":"purchasable","24":"product-type-variable"},"acf":[],"_links":{"self":[{"href":"https:\/\/marketplace.petmobile.ca\/fr\/wp-json\/wp\/v2\/product\/68039","targetHints":{"allow":["GET"]}}],"collection":[{"href":"https:\/\/marketplace.petmobile.ca\/fr\/wp-json\/wp\/v2\/product"}],"about":[{"href":"https:\/\/marketplace.petmobile.ca\/fr\/wp-json\/wp\/v2\/types\/product"}],"replies":[{"embeddable":true,"href":"https:\/\/marketplace.petmobile.ca\/fr\/wp-json\/wp\/v2\/comments?post=68039"}],"wp:featuredmedia":[{"embeddable":true,"href":"https:\/\/marketplace.petmobile.ca\/fr\/wp-json\/wp\/v2\/media\/93531"}],"wp:attachment":[{"href":"https:\/\/marketplace.petmobile.ca\/fr\/wp-json\/wp\/v2\/media?parent=68039"}],"wp:term":[{"taxonomy":"product_brand","embeddable":true,"href":"https:\/\/marketplace.petmobile.ca\/fr\/wp-json\/wp\/v2\/product_brand?post=68039"},{"taxonomy":"product_cat","embeddable":true,"href":"https:\/\/marketplace.petmobile.ca\/fr\/wp-json\/wp\/v2\/product_cat?post=68039"},{"taxonomy":"product_tag","embeddable":true,"href":"https:\/\/marketplace.petmobile.ca\/fr\/wp-json\/wp\/v2\/product_tag?post=68039"}],"curies":[{"name":"wp","href":"https:\/\/api.w.org\/{rel}","templated":true}]}}