{"id":68051,"date":"2019-01-25T20:55:43","date_gmt":"2019-01-26T01:55:43","guid":{"rendered":"https:\/\/marketplace.petmobile.ca\/product\/multi-menu-prevention\/"},"modified":"2024-05-07T09:22:58","modified_gmt":"2024-05-07T14:22:58","slug":"multi-menu-prevention","status":"publish","type":"product","link":"https:\/\/marketplace.petmobile.ca\/fr\/produit\/multi-menu-prevention\/","title":{"rendered":"Multi Menu <br> Pr\u00e9vention"},"content":{"rendered":"<p>La formule PR\u00c9VENTION est con\u00e7ue pour pr\u00e9venir les probl\u00e8mes urinaires chez les chats adultes, souvent moins actif, qui ont tendance \u00e0 l&rsquo;ob\u00e9site.<\/p>\n<ul>\n<li>Contient des vitamines A, B, D, E et K ainsi qu\u2019une gamme compl\u00e8te de min\u00e9raux dont du calcium, du potassium et du phosphore.<\/li>\n<li>Contient des acides gras essentiels tel que ses om\u00e9ga-3<\/li>\n<li>La vari\u00e9t\u00e9 et la qualit\u00e9 sup\u00e9rieure des ingr\u00e9dients utilis\u00e9s assurent \u00e0 votre animal une alimentation compl\u00e8te et \u00e9quilibr\u00e9e.<\/li>\n<li>Contient les \u00e9l\u00e9ments \u00e9nerg\u00e9tiques (lipides, glucides) et les vitamines permettant de maximiser la vitalit\u00e9 de votre animal.<\/li>\n<li>Contient du gluten de ma\u00efs, ce qui aide \u00e0 pr\u00e9venir les infections urinaires. Contient \u00e9galement des antioxydants tels la vitamine E et de la tocoph\u00e9rol<\/li>\n<\/ul>\n<p><strong>Analyse garantie<\/strong><\/p>\n<p>Prot\u00e9ines brutes min. 28%<br \/>\nMati\u00e8res grasses brutes min. 15%<br \/>\nFibres brutes max. 2%<br \/>\nHumidit\u00e9 max. 10%<br \/>\nMagn\u00e9sium 0.08%<\/p>\n<p><strong>Ingr\u00e9dients:<\/strong><\/p>\n<p>Gluten de ma\u00efs, ma\u00efs jaune moulu, poulet d\u00e9shydrat\u00e9, riz de brasserie, gras de poulet stabilis\u00e9 avec un m\u00e9lange de tocoph\u00e9rols, pulpe de betteraves, saveur naturelle de poulet, l\u00e9cithine, graines de lin enti\u00e8res (une source d&rsquo;Acides gras om\u00e9ga-3), chlorure de potassium, chlorure de choline, bisulfate de sodium, extrait de levure (source de mannanoligosaccharides), sel, propionate de calcium (pr\u00e9servatif), racine de chicor\u00e9 s\u00e9ch\u00e9e (une source d&rsquo;inuline), L-lysine, taurine, sulfate ferreux, extrait de Yucca schidigera, oxyde de zinc, ac\u00e9tate d&rsquo;al0pha-tocoph\u00e9rol (une source de vitamine E), acide nicotinique, s\u00e9l\u00e9nite de sodium, chlorhydrate de pyridoxine, sulfate de cuivre, acide folique, iodate de calcium, oxyde manganeux, suppl\u00e9ment de vitamine B12, chol\u00e9calcif\u00e9rol (une source de vitamine D3), carbonate de cobalt.<\/p>\n<\/p>\n<div class=\"table-2\">\n<table width=\"100%\">\n<thead>\n<tr>\n<th align=\"left\">Poids du chat<\/th>\n<th align=\"left\">Ration quotidienne<\/th>\n<\/tr>\n<\/thead>\n<\/table>\n<\/div>\n<p>\n<\/p>\n<div class=\"table-1\">\n<table width=\"100%\">\n<thead>\n<tr>\n<th align=\"left\">Lbs<\/th>\n<th align=\"left\">Tasse<\/th>\n<\/tr>\n<\/thead>\n<tbody>\n<tr>\n<td align=\"left\">4 &#8211; 6<\/td>\n<td align=\"left\">1\/4 &#8211; 1\/3<\/td>\n<\/tr>\n<tr>\n<td align=\"left\">6 &#8211; 11<\/td>\n<td align=\"left\">1\/3 &#8211; 1\/2<\/td>\n<\/tr>\n<tr>\n<td align=\"left\">11 &#8211; 13<\/td>\n<td align=\"left\">1\/2 &#8211; 5\/8<\/td>\n<\/tr>\n<tr>\n<td align=\"left\">13+<\/td>\n<td align=\"left\">+1\/8 par 2 lbs<\/td>\n<\/tr>\n<\/tbody>\n<\/table>\n<\/div>\n<p>\n","protected":false},"excerpt":{"rendered":"<p>prevention des pierres aux reins<\/p>\n","protected":false},"featured_media":94041,"comment_status":"closed","ping_status":"closed","template":"","meta":{"_acf_changed":false,"_themeisle_gutenberg_block_has_review":false},"product_brand":[],"product_cat":[1092,2352,2350,1093,1094],"product_tag":[1735],"class_list":{"0":"post-68051","1":"product","2":"type-product","3":"status-publish","4":"has-post-thumbnail","6":"product_cat-produits-pour-chat","7":"product_cat-chats-avec-problemes-immunitaires","8":"product_cat-conseiller","9":"product_cat-chat-nourriture","10":"product_cat-chat-nourriture-seche","11":"product_tag-multi-menu","12":"pa_animal-cat-fr","13":"pa_format-18kg-fr","14":"pa_format-5kg-fr","15":"pa_format-8kg-fr","16":"pa_marque-multi-menu","17":"has-subscription-plans","19":"first","20":"instock","21":"taxable","22":"shipping-taxable","23":"purchasable","24":"product-type-variable"},"acf":[],"_links":{"self":[{"href":"https:\/\/marketplace.petmobile.ca\/fr\/wp-json\/wp\/v2\/product\/68051","targetHints":{"allow":["GET"]}}],"collection":[{"href":"https:\/\/marketplace.petmobile.ca\/fr\/wp-json\/wp\/v2\/product"}],"about":[{"href":"https:\/\/marketplace.petmobile.ca\/fr\/wp-json\/wp\/v2\/types\/product"}],"replies":[{"embeddable":true,"href":"https:\/\/marketplace.petmobile.ca\/fr\/wp-json\/wp\/v2\/comments?post=68051"}],"wp:featuredmedia":[{"embeddable":true,"href":"https:\/\/marketplace.petmobile.ca\/fr\/wp-json\/wp\/v2\/media\/94041"}],"wp:attachment":[{"href":"https:\/\/marketplace.petmobile.ca\/fr\/wp-json\/wp\/v2\/media?parent=68051"}],"wp:term":[{"taxonomy":"product_brand","embeddable":true,"href":"https:\/\/marketplace.petmobile.ca\/fr\/wp-json\/wp\/v2\/product_brand?post=68051"},{"taxonomy":"product_cat","embeddable":true,"href":"https:\/\/marketplace.petmobile.ca\/fr\/wp-json\/wp\/v2\/product_cat?post=68051"},{"taxonomy":"product_tag","embeddable":true,"href":"https:\/\/marketplace.petmobile.ca\/fr\/wp-json\/wp\/v2\/product_tag?post=68051"}],"curies":[{"name":"wp","href":"https:\/\/api.w.org\/{rel}","templated":true}]}}