{"id":68057,"date":"2019-01-25T20:55:57","date_gmt":"2019-01-26T01:55:57","guid":{"rendered":"https:\/\/marketplace.petmobile.ca\/product\/multi-menu-festin-poisson\/"},"modified":"2024-05-07T09:29:33","modified_gmt":"2024-05-07T14:29:33","slug":"multi-menu-festin-poisson","status":"publish","type":"product","link":"https:\/\/marketplace.petmobile.ca\/fr\/produit\/multi-menu-festin-poisson\/","title":{"rendered":"Multi Menu <br> Festin Poisson"},"content":{"rendered":"<p>La formule FESTIN POISSON est une recette \u00e9quilibr\u00e9e et compl\u00e8te qui aide \u00e0 renforcer le syst\u00e8me immunitaire et qui favorise une meilleure digestion. Riche en vitamines, en acides gras essentiels, en antioxydants et en Om\u00e9ga-6, la recette convient \u00e0 tous types de chats.<\/p>\n<ul>\n<li>Contient des vitamines A, B, D, E et K ainsi qu\u2019une gamme compl\u00e8te de min\u00e9raux dont du calcium, du potassium et du phosphore.<\/li>\n<li>Contient des acides gras essentiels et om\u00e9ga-3<\/li>\n<li>La vari\u00e9t\u00e9 et la qualit\u00e9 sup\u00e9rieure des ingr\u00e9dients utilis\u00e9s assurent \u00e0 votre animal une alimentation compl\u00e8te et \u00e9quilibr\u00e9e.<\/li>\n<li>Contient les \u00e9l\u00e9ments \u00e9nerg\u00e9tiques (lipides, glucides) et les vitamines permettant de maximiser la vitalit\u00e9 de votre animal.<\/li>\n<li>Contient des antioxydants tels la vitamine E et de la tocoph\u00e9rol<\/li>\n<li>Contient du gluten de ma\u00efs, ce qui aide \u00e0 la pr\u00e9vention des infections urinaires.<\/li>\n<\/ul>\n<p><strong>Analyse garantie<\/strong><\/p>\n<p>Prot\u00e9ines brutes min. 30%<br \/>\nMati\u00e8res grasses brutes min. 15%<br \/>\nFibres brutes max. 3,5%<br \/>\nHumidit\u00e9 max. 10%<br \/>\nCendres brutes 8,5%<\/p>\n<p><strong>Ingr\u00e9dients:<\/strong><\/p>\n<p>Poisson d\u00e9shydrat\u00e9, riz de brasserie, ma\u00efs jaune moulu, farine de gluten de ma\u00efs, gras de poulet stabilis\u00e9 avec un m\u00e9lange de tocoph\u00e9rols (une source de vitamine E), \u00a0poulet deshydrat\u00e9, pulpe de betteraves, riz brun, saveur naturelle, graines de lin enti\u00e8res (une source d\u2019acides gras om\u00e9ga-3), huile de hareng, pur\u00e9e de tomates s\u00e9ch\u00e9es, culture de levure, l\u00e9cithine, chlorure de potassium, chlorure de choline, bisulfate de sodium, taurine, sel, mannan-oligosaccharides (pr\u00e9biotiques), carbonate de calcium, acide ascorbique (vitamine C), sulfate ferreux, oxyde de zinc, ac\u00e9tate d\u2019alpha-tocoph\u00e9rol (vitamine E), L-carnitine, extrait de Yucca schidigera, acide nicotinique, s\u00e9l\u00e9nite de sodium, chlorhydrate de pyridoxine, sulfate de cuivre, acide folique, iodate de calcium, oxyde de mangan\u00e8se, suppl\u00e9ment de vitamine A, d-pantoth\u00e9nate de calcium, mononitrate de thiamine, riboflavine, biotine, suppl\u00e9ment de vitamine B12, chol\u00e9calcif\u00e9rol (vitamine D3), carbonate de cobalt, complexe m\u00e9nadione bisulfite de sodium (une source d\u2019activit\u00e9 de vitamine K3).<\/p>\n<\/p>\n<div class=\"table-2\">\n<table width=\"100%\">\n<thead>\n<tr>\n<th align=\"left\">Poids du chat<\/th>\n<th align=\"left\">Quantit\u00e9 Quotidienne<\/th>\n<\/tr>\n<\/thead>\n<\/table>\n<\/div>\n<p>\n<\/p>\n<div class=\"table-1\">\n<table width=\"100%\">\n<thead>\n<tr>\n<th align=\"left\">Lbs<\/th>\n<th align=\"left\">Tasses<\/th>\n<\/tr>\n<\/thead>\n<tbody>\n<tr>\n<td align=\"left\">4 &#8211; 6<\/td>\n<td align=\"left\">1\/3 &#8211; 3\/8<\/td>\n<\/tr>\n<tr>\n<td align=\"left\">6 &#8211; 11<\/td>\n<td align=\"left\">3\/8 &#8211; 5\/8<\/td>\n<\/tr>\n<tr>\n<td align=\"left\">11 &#8211; 13<\/td>\n<td align=\"left\">5\/8 &#8211; 2\/3<\/td>\n<\/tr>\n<tr>\n<td align=\"left\">13+<\/td>\n<td align=\"left\">+1\/8 par 2 lbs<\/td>\n<\/tr>\n<\/tbody>\n<\/table>\n<\/div>\n<p>\n","protected":false},"excerpt":{"rendered":"<p>Procure un beau poil soyeux et lustr\u00e9 \u00e0 votre chat.<\/p>\n","protected":false},"featured_media":94039,"comment_status":"closed","ping_status":"closed","template":"","meta":{"_acf_changed":false,"_themeisle_gutenberg_block_has_review":false},"product_brand":[],"product_cat":[1092,1093,1094],"product_tag":[1735],"class_list":{"0":"post-68057","1":"product","2":"type-product","3":"status-publish","4":"has-post-thumbnail","6":"product_cat-produits-pour-chat","7":"product_cat-chat-nourriture","8":"product_cat-chat-nourriture-seche","9":"product_tag-multi-menu","10":"pa_animal-cat-fr","11":"pa_format-18kg-fr","12":"pa_format-5kg-fr","13":"pa_format-8kg-fr","14":"pa_marque-multi-menu","15":"has-subscription-plans","17":"first","18":"instock","19":"taxable","20":"shipping-taxable","21":"purchasable","22":"product-type-variable"},"acf":[],"_links":{"self":[{"href":"https:\/\/marketplace.petmobile.ca\/fr\/wp-json\/wp\/v2\/product\/68057","targetHints":{"allow":["GET"]}}],"collection":[{"href":"https:\/\/marketplace.petmobile.ca\/fr\/wp-json\/wp\/v2\/product"}],"about":[{"href":"https:\/\/marketplace.petmobile.ca\/fr\/wp-json\/wp\/v2\/types\/product"}],"replies":[{"embeddable":true,"href":"https:\/\/marketplace.petmobile.ca\/fr\/wp-json\/wp\/v2\/comments?post=68057"}],"wp:featuredmedia":[{"embeddable":true,"href":"https:\/\/marketplace.petmobile.ca\/fr\/wp-json\/wp\/v2\/media\/94039"}],"wp:attachment":[{"href":"https:\/\/marketplace.petmobile.ca\/fr\/wp-json\/wp\/v2\/media?parent=68057"}],"wp:term":[{"taxonomy":"product_brand","embeddable":true,"href":"https:\/\/marketplace.petmobile.ca\/fr\/wp-json\/wp\/v2\/product_brand?post=68057"},{"taxonomy":"product_cat","embeddable":true,"href":"https:\/\/marketplace.petmobile.ca\/fr\/wp-json\/wp\/v2\/product_cat?post=68057"},{"taxonomy":"product_tag","embeddable":true,"href":"https:\/\/marketplace.petmobile.ca\/fr\/wp-json\/wp\/v2\/product_tag?post=68057"}],"curies":[{"name":"wp","href":"https:\/\/api.w.org\/{rel}","templated":true}]}}