{"id":68060,"date":"2019-01-25T20:55:57","date_gmt":"2019-01-26T01:55:57","guid":{"rendered":"https:\/\/marketplace.petmobile.ca\/product\/multi-menu-felin\/"},"modified":"2024-05-07T08:55:39","modified_gmt":"2024-05-07T13:55:39","slug":"multi-menu-felin","status":"publish","type":"product","link":"https:\/\/marketplace.petmobile.ca\/fr\/produit\/multi-menu-felin\/","title":{"rendered":"Multi Menu <br> F\u00e9lin"},"content":{"rendered":"<p>La formule F\u00c9LIN est une d\u00e9monstration phare de notre pr\u00e9occupation pour des ingr\u00e9dients de qualit\u00e9 et nous garantissons que les besoins nutritifs de votre chat seront pleinement satisfaits, qu&rsquo;il s&rsquo;agisse de sa croissance ou du maintien de sa sant\u00e9.<\/p>\n<ul>\n<li>Contient des vitamines A, B, D, E et K , des om\u00e9ga-3 ainsi qu\u2019une gamme compl\u00e8te de min\u00e9raux dont du calcium, du potassium et du phosphore.<\/li>\n<li>Contient des acides de gras essentiels<\/li>\n<li>La vari\u00e9t\u00e9 et la qualit\u00e9 sup\u00e9rieure des ingr\u00e9dients utilis\u00e9s assurent \u00e0 votre animal une alimentation compl\u00e8te et \u00e9quilibr\u00e9e.<\/li>\n<li>Contient les \u00e9l\u00e9ments \u00e9nerg\u00e9tiques (lipides, glucides) et les vitamines permettant de maximiser la vitalit\u00e9 de votre animal.<\/li>\n<li>Contient de la cellulose, ce qui aide \u00e0 la digestion des boules de poils.<\/li>\n<li>Contient du gluten de ma\u00efs, ce qui aide \u00e0 pr\u00e9venir les infections urinaires.<\/li>\n<\/ul>\n<p><strong>Analyse garantie<\/strong><\/p>\n<p>Prot\u00e9ines brutes min. 30%<br \/>\nMati\u00e8res grasses brutes min. 18%<br \/>\nFibres brutes max. 6%<br \/>\nHumidit\u00e9 max. 10%<br \/>\nCendres brutes 9%<\/p>\n<p><strong>Ingr\u00e9dients:<\/strong><\/p>\n<p>Poulet d\u00e9shydrat\u00e9 (une source de sulfate de chondro\u00eftine), ma\u00efs jaune moulu, gru de bl\u00e9, gluten de ma\u00efs, gras de poulet conserv\u00e9 avec un m\u00e9lange naturel de tocoph\u00e9rols, pulpe de betteraves, fibre de pois, graines de lin enti\u00e8res, ar\u00f4me naturel, sel, carbonate de calcium, l\u00e9cithine, culture de levure, phosphate monocalcique, chlorure de choline, propionate de calcium (comme agent de conservation), bisulfate de sodium, chlorure de potassium, taurine, sulfate ferreux, extrait de Yucca schidigera, ac\u00e9tate de alpha-tocoph\u00e9rol (une source de vitamine E), oxyde de zinc, acide nicotinique, oxyde manganeux, pantoth\u00e9nate de D-calcium, mononitrate de thiamine, riboflavine, chlorhydrate de pyridoxine, suppl\u00e9ment de vitamine A, chol\u00e9calcif\u00e9rol (une source de vitamine D3), biotine, s\u00e9l\u00e9nite de sodium, suppl\u00e9ment de vitamine B12, iodate de calcium, acide folique.<\/p>\n<\/p>\n<div class=\"table-2\">\n<table width=\"100%\">\n<thead>\n<tr>\n<th align=\"left\">Poids du chat<\/th>\n<th align=\"left\">Portion Journali\u00e8re<\/th>\n<\/tr>\n<\/thead>\n<\/table>\n<\/div>\n<p>\n<\/p>\n<div class=\"table-1\">\n<table width=\"100%\">\n<thead>\n<tr>\n<th align=\"left\">Lbs<\/th>\n<th align=\"left\">Tasses<\/th>\n<\/tr>\n<\/thead>\n<tbody>\n<tr>\n<td align=\"left\">4.4 \u00e0 6.6<\/td>\n<td align=\"left\">1\/4 &#8211; 3\/8<\/td>\n<\/tr>\n<tr>\n<td align=\"left\">6.6 \u00e0 11<\/td>\n<td align=\"left\">3\/8 &#8211; 5\/8<\/td>\n<\/tr>\n<tr>\n<td align=\"left\">11 \u00e0 13<\/td>\n<td align=\"left\">5\/8 &#8211; 2\/3<\/td>\n<\/tr>\n<tr>\n<td align=\"left\">13+<\/td>\n<td align=\"left\">+1\/8 par 2.2 lb<\/td>\n<\/tr>\n<\/tbody>\n<\/table>\n<\/div>\n<p>\n","protected":false},"excerpt":{"rendered":"<p>Recette compl\u00e8te pour chat adulte.<\/p>\n","protected":false},"featured_media":94036,"comment_status":"closed","ping_status":"closed","template":"","meta":{"_acf_changed":false,"_themeisle_gutenberg_block_has_review":false},"product_brand":[],"product_cat":[1092,2351,2350,1093,1094],"product_tag":[1735],"class_list":{"0":"post-68060","1":"product","2":"type-product","3":"status-publish","4":"has-post-thumbnail","6":"product_cat-produits-pour-chat","7":"product_cat-chats-avec-boules-de-poils","8":"product_cat-conseiller","9":"product_cat-chat-nourriture","10":"product_cat-chat-nourriture-seche","11":"product_tag-multi-menu","12":"pa_animal-cat-fr","13":"pa_format-18kg-fr","14":"pa_format-5kg-fr","15":"pa_format-8kg-fr","16":"pa_marque-multi-menu","17":"has-subscription-plans","19":"first","20":"instock","21":"taxable","22":"shipping-taxable","23":"purchasable","24":"product-type-variable"},"acf":[],"_links":{"self":[{"href":"https:\/\/marketplace.petmobile.ca\/fr\/wp-json\/wp\/v2\/product\/68060","targetHints":{"allow":["GET"]}}],"collection":[{"href":"https:\/\/marketplace.petmobile.ca\/fr\/wp-json\/wp\/v2\/product"}],"about":[{"href":"https:\/\/marketplace.petmobile.ca\/fr\/wp-json\/wp\/v2\/types\/product"}],"replies":[{"embeddable":true,"href":"https:\/\/marketplace.petmobile.ca\/fr\/wp-json\/wp\/v2\/comments?post=68060"}],"wp:featuredmedia":[{"embeddable":true,"href":"https:\/\/marketplace.petmobile.ca\/fr\/wp-json\/wp\/v2\/media\/94036"}],"wp:attachment":[{"href":"https:\/\/marketplace.petmobile.ca\/fr\/wp-json\/wp\/v2\/media?parent=68060"}],"wp:term":[{"taxonomy":"product_brand","embeddable":true,"href":"https:\/\/marketplace.petmobile.ca\/fr\/wp-json\/wp\/v2\/product_brand?post=68060"},{"taxonomy":"product_cat","embeddable":true,"href":"https:\/\/marketplace.petmobile.ca\/fr\/wp-json\/wp\/v2\/product_cat?post=68060"},{"taxonomy":"product_tag","embeddable":true,"href":"https:\/\/marketplace.petmobile.ca\/fr\/wp-json\/wp\/v2\/product_tag?post=68060"}],"curies":[{"name":"wp","href":"https:\/\/api.w.org\/{rel}","templated":true}]}}