{"id":68063,"date":"2019-01-25T20:55:57","date_gmt":"2019-01-26T01:55:57","guid":{"rendered":"https:\/\/marketplace.petmobile.ca\/product\/multi-menu-supreme\/"},"modified":"2024-05-07T09:26:24","modified_gmt":"2024-05-07T14:26:24","slug":"multi-menu-supreme","status":"publish","type":"product","link":"https:\/\/marketplace.petmobile.ca\/fr\/produit\/multi-menu-supreme\/","title":{"rendered":"Multi Menu <br> Supr\u00eame"},"content":{"rendered":"<p>Supr\u00eame est la formule recommand\u00e9e pour les chats adultes avec un niveau d\u2019activit\u00e9 normal \u00e0 \u00e9lev\u00e9. Avec sa source \u00e9lev\u00e9e de prot\u00e9ines \u00e0 base de poulet et de saumon, elle saura satisfaire les besoins nutritionnels de votre chat.<\/p>\n<p>Sans bl\u00e9\/Sans ma\u00efs\/Sans soja<\/p>\n<ul>\n<li>Peau saine et pelage brillant \u00a0 Contient du gras de poulet et des graines de lins<\/li>\n<li>Complet et \u00e9quilibr\u00e9 \u00a0 \u00a0 \u00a0Prot\u00e9ine \u00e0 base de poulet et de saumon, contient des vitamines A, B, D, E et K ainsi qu\u2019une gamme compl\u00e8te \u00a0de min\u00e9raux dont du calcium, du potassium et du phosphore<\/li>\n<li>Pr\u00e9vention de la formation de calculs urinaires \u00a0 \u00a0Contr\u00f4le le pH urinaire<\/li>\n<li>Pr\u00e9vention des boules de poils \u00a0 \u00a0 \u00a0Contient de la cellulose<\/li>\n<li>Maintien d\u2019une bonne vision \u00a0 \u00a0 \u00a0 \u00a0Ajout de taurine<\/li>\n<li>Odeur des selles r\u00e9duites \u00a0 \u00a0 \u00a0Contient du Yucca Schidigera<\/li>\n<\/ul>\n<p>&nbsp;<\/p>\n<p><strong>Analyse garantie<\/strong><\/p>\n<p>Prot\u00e9ines brutes min. 32%<br \/>\nMati\u00e8res grasses brutes min. 19%<br \/>\nFibres brutes max. 4%<br \/>\nHumidit\u00e9 max. 10%<\/p>\n<p>&nbsp;<\/p>\n<p><strong>Ingr\u00e9dients:<\/strong><\/p>\n<p>Poulet d\u00e9shydrat\u00e9, saumon d\u00e9shydrat\u00e9, riz brun, orge perl\u00e9e, gras de poulet stabilis\u00e9 avec un m\u00e9lange de tocoph\u00e9rols (une source de vitamine E), patates douces, pulpe de betterave, luzerne moulue, graines de lin enti\u00e8res (une source d\u2019acides gras om\u00e9ga-3), ar\u00f4me naturel, huile de menhaden, culture de levure, chlorure de choline, propionate de calcium (comme agent de conservation), chlorure de potassium, bisulfate de sodium, extrait de chicor\u00e9e (une source d\u2019inuline), taurine, extrait de levure (une source de mannane-oligosaccharides), sulfate de ferreux, ac\u00e9tate de alpha-tocoph\u00e9rols (une source de vitamine E), extrait de Yucca schidigera, oxyde de zinc, probiotiques (produits de fermentation de Lactobacillus acidophillus d\u00e9shydrat\u00e9, produits de fermentation de Lactobacillus casei d\u00e9shydrat\u00e9, produits de fermentation de Bifidiobacterium bifidium d\u00e9shydrat\u00e9, produits de fermentation de Streptococcus faecium d\u00e9shydrat\u00e9, produits de fermentation Aspergillus oryzae d\u00e9shydrat\u00e9), prot\u00e9inates (cuivre, zinc, mangan\u00e8se), acide nicotinique, canneberge s\u00e9ch\u00e9e, pomme s\u00e9ch\u00e9e, varech s\u00e9ch\u00e9e, graine d\u2019anis, \u00e9pinard s\u00e9ch\u00e9, romarin s\u00e9ch\u00e9, poudre d\u2019ail, thym, chardon de Marie, bleuet s\u00e9ch\u00e9, extrait de baie de Genevi\u00e8ve, griffe du diable, s\u00e9l\u00e9nite de sodium, chlorhydrate de pyridoxine, sulfate de cuivre, acide folique, iodate de calcium, oxyde de mangan\u00e8se, ac\u00e9tate de r\u00e9tinol (vitamine A), d-pantoth\u00e9nate de calcium, mononitrate de thiamine, riboflavine, biotine, suppl\u00e9ment de vitamine B12, chol\u00e9calcif\u00e9rol (vitamine D3), carbonate de cobalt, bisulfate de m\u00e9nadione nicotinamide (vitamine K3).<\/p>\n<\/p>\n<div class=\"table-2\">\n<table width=\"100%\">\n<thead>\n<tr>\n<th align=\"left\">Poids du chat<\/th>\n<th align=\"left\">Quantit\u00e9 quotidienne<\/th>\n<\/tr>\n<\/thead>\n<\/table>\n<\/div>\n<p>\n<\/p>\n<div class=\"table-1\">\n<table width=\"100%\">\n<thead>\n<tr>\n<th align=\"left\">Lbs<\/th>\n<th align=\"left\">Tasse<\/th>\n<\/tr>\n<\/thead>\n<tbody>\n<tr>\n<td align=\"left\">4.4 &#8211; 6.6<\/td>\n<td align=\"left\">1\/4 &#8211; 3\/8<\/td>\n<\/tr>\n<tr>\n<td align=\"left\">6.6 &#8211; 11<\/td>\n<td align=\"left\">3\/8 &#8211; 1\/2<\/td>\n<\/tr>\n<tr>\n<td align=\"left\">11 &#8211; 13<\/td>\n<td align=\"left\">1\/2 &#8211; 5\/8<\/td>\n<\/tr>\n<tr>\n<td align=\"left\">13+<\/td>\n<td align=\"left\">+1\/8 par 2.2 lbs<\/td>\n<\/tr>\n<\/tbody>\n<\/table>\n<\/div>\n<p>\n","protected":false},"excerpt":{"rendered":"<p>Anti-boule de poil<\/p>\n","protected":false},"featured_media":94043,"comment_status":"closed","ping_status":"closed","template":"","meta":{"_acf_changed":false,"_themeisle_gutenberg_block_has_review":false},"product_brand":[],"product_cat":[1092,2351,2350,1093,1094],"product_tag":[1735],"class_list":{"0":"post-68063","1":"product","2":"type-product","3":"status-publish","4":"has-post-thumbnail","6":"product_cat-produits-pour-chat","7":"product_cat-chats-avec-boules-de-poils","8":"product_cat-conseiller","9":"product_cat-chat-nourriture","10":"product_cat-chat-nourriture-seche","11":"product_tag-multi-menu","12":"pa_animal-cat-fr","13":"pa_format-18kg-fr","14":"pa_format-5kg-fr","15":"pa_format-8kg-fr","16":"pa_marque-multi-menu","17":"has-subscription-plans","19":"first","20":"instock","21":"taxable","22":"shipping-taxable","23":"purchasable","24":"product-type-variable"},"acf":[],"_links":{"self":[{"href":"https:\/\/marketplace.petmobile.ca\/fr\/wp-json\/wp\/v2\/product\/68063","targetHints":{"allow":["GET"]}}],"collection":[{"href":"https:\/\/marketplace.petmobile.ca\/fr\/wp-json\/wp\/v2\/product"}],"about":[{"href":"https:\/\/marketplace.petmobile.ca\/fr\/wp-json\/wp\/v2\/types\/product"}],"replies":[{"embeddable":true,"href":"https:\/\/marketplace.petmobile.ca\/fr\/wp-json\/wp\/v2\/comments?post=68063"}],"wp:featuredmedia":[{"embeddable":true,"href":"https:\/\/marketplace.petmobile.ca\/fr\/wp-json\/wp\/v2\/media\/94043"}],"wp:attachment":[{"href":"https:\/\/marketplace.petmobile.ca\/fr\/wp-json\/wp\/v2\/media?parent=68063"}],"wp:term":[{"taxonomy":"product_brand","embeddable":true,"href":"https:\/\/marketplace.petmobile.ca\/fr\/wp-json\/wp\/v2\/product_brand?post=68063"},{"taxonomy":"product_cat","embeddable":true,"href":"https:\/\/marketplace.petmobile.ca\/fr\/wp-json\/wp\/v2\/product_cat?post=68063"},{"taxonomy":"product_tag","embeddable":true,"href":"https:\/\/marketplace.petmobile.ca\/fr\/wp-json\/wp\/v2\/product_tag?post=68063"}],"curies":[{"name":"wp","href":"https:\/\/api.w.org\/{rel}","templated":true}]}}