{"id":68118,"date":"2019-01-25T20:56:12","date_gmt":"2019-01-21T21:29:29","guid":{"rendered":"https:\/\/marketplace.petmobile.ca\/product\/amibouff-chaton\/"},"modified":"2024-05-07T09:36:18","modified_gmt":"2024-05-07T14:36:18","slug":"amibouff-chaton","status":"publish","type":"product","link":"https:\/\/marketplace.petmobile.ca\/fr\/produit\/amibouff-chaton\/","title":{"rendered":"Amibouff <br> Chaton"},"content":{"rendered":"<p>La nourriture pour chatons constitue le r\u00e9gime alimentaire id\u00e9al pour les chatons en croissance. Pr\u00e9vient les infections urinaires, emp\u00eache les boules de poils et aide au d\u00e9tartrage des dents de votre chat. Les chatons requi\u00e8rent un r\u00e9gime alimentaire \u00e0 base de viande de premi\u00e8re qualit\u00e9 afin de leur assurer une bonne sant\u00e9.<\/p>\n<ul>\n<li>Peau saine et pelage brillant &#8211; contient du gras de poulet et des graines de lins.<\/li>\n<li>Compl\u00e8te et \u00e9quilibr\u00e9e &#8211; prot\u00e9ine \u00e0 base de poulet et de saumon, contient des vitamines A, B, D, E et K ainsi qu\u2019une gamme compl\u00e8te de min\u00e9raux dont du calcium, du potassium et du phosphore.<\/li>\n<li>Pr\u00e9vention de la formation de calculs urinaires &#8211; contr\u00f4le de pH urinaire.<\/li>\n<li>Pr\u00e9vention des boules de poils, contient de la cellulose.<\/li>\n<li>Maintien d\u2019une bonne vision, ajout de taurine.<\/li>\n<li>Odeur des selles r\u00e9duites, contient du Yucca Schidigera.<\/li>\n<\/ul>\n<p><strong>Analyse garantie <\/strong><\/p>\n<p>Prot\u00e9ines brutes min. 32%<br \/>\nMati\u00e8res grasses brutes min. 19%<br \/>\nFibres brutes max. 4%<br \/>\nHumidit\u00e9 max. 10%<\/p>\n<p><strong>Ingr\u00e9dients:<\/strong><\/p>\n<p>Poulet d\u00e9shydrat\u00e9, saumon d\u00e9shydrat\u00e9, riz brun, orge perl\u00e9e, gras de poulet stabilis\u00e9 avec un m\u00e9lange de tocoph\u00e9rols (source de vitamine E), patates douces, pulpes de betterave, luzerne moulue, graines de lin enti\u00e8res (source d\u2019acides gras om\u00e9ga-3), ar\u00f4me naturel, huile de menhaden, culture de levure, chlorure de choline, propionate de calcium (agent de conservation), chlorure de potassium, bisulfate de sodium, extrait de chicor\u00e9e (source d\u2019inuline), taurine, extrait de levure (source de mannane-oligosaccharides), sulfate de ferreux, ac\u00e9tate de alpha-tocoph\u00e9rols (source de vitamine E), extrait de Yucca schidigera, oxyde de zinc, probiotiques (produit de fermentation de Lactobacillus acidophillus d\u00e9shydrat\u00e9, produit de fermentation de Lactobacillus casei d\u00e9shydrat\u00e9, produit de fermentation de Bifidiobacterium bifidium d\u00e9shydrat\u00e9, produit de fermentation de Streptococcus faecium d\u00e9shydrat\u00e9, produit de fermentation Aspergillus oryzae d\u00e9shydrat\u00e9), prot\u00e9inates (cuivre, zinc, mangan\u00e8se), acide nicotinique, canneberges s\u00e9ch\u00e9es, pommes s\u00e9ch\u00e9es, varech s\u00e9ch\u00e9e, graines d\u2019anis, \u00e9pinards s\u00e9ch\u00e9s, romarin s\u00e9ch\u00e9, poudre d\u2019ail, thym, chardon de Marie, bleuets s\u00e9ch\u00e9s, extrait de baie de Genevi\u00e8ve, griffe du diable, s\u00e9l\u00e9nite de sodium, chlorhydrate de pyridoxine, sulfate de cuivre, acide folique, iodate de calcium, oxyde de mangan\u00e8se, ac\u00e9tate de r\u00e9tinol (vitamine A), d-pantoth\u00e9nate de calcium, mononitrate de thiamine, riboflavine, biotine, suppl\u00e9ment de vitamine B12, chol\u00e9calcif\u00e9rol (vitamine D3), carbonate de cobalt, bisulfate de m\u00e9nadione nicotinamide (vitamine K3)<\/p>\n<\/p>\n<div class=\"table-2\">\n<table width=\"100%\">\n<thead>\n<tr>\n<th align=\"left\">Poids du chat<\/th>\n<th align=\"left\">Quantit\u00e9 Quotidienne<\/th>\n<\/tr>\n<\/thead>\n<\/table>\n<\/div>\n<p>\n<\/p>\n<div class=\"table-1\">\n<table width=\"100%\">\n<thead>\n<tr>\n<th align=\"left\">Lbs<\/th>\n<th align=\"left\">Tasse<\/th>\n<\/tr>\n<\/thead>\n<tbody>\n<tr>\n<td align=\"left\">4 &#8211; 6<\/td>\n<td align=\"left\">1\/4 &#8211; 3\/8<\/td>\n<\/tr>\n<tr>\n<td align=\"left\">6 &#8211; 11<\/td>\n<td align=\"left\">3\/8 &#8211; 1\/2<\/td>\n<\/tr>\n<tr>\n<td align=\"left\">11 &#8211; 13<\/td>\n<td align=\"left\">1\/2 &#8211; 5\/8<\/td>\n<\/tr>\n<tr>\n<td align=\"left\">13+<\/td>\n<td align=\"left\">+1\/8 par 2 lbs<\/td>\n<\/tr>\n<\/tbody>\n<\/table>\n<\/div>\n<p>\n","protected":false},"excerpt":{"rendered":"<p><span style=\"vertical-align: inherit;\"><span style=\"vertical-align: inherit;\"><span style=\"vertical-align: inherit;\"><span style=\"vertical-align: inherit;\">nourriture compl\u00e8te pour chaton<\/span><\/span><\/span><\/span><\/p>\n","protected":false},"featured_media":65733,"comment_status":"closed","ping_status":"closed","template":"","meta":{"_acf_changed":false,"_themeisle_gutenberg_block_has_review":false},"product_brand":[],"product_cat":[1092,1093,1094],"product_tag":[3543],"class_list":{"0":"post-68118","1":"product","2":"type-product","3":"status-publish","4":"has-post-thumbnail","6":"product_cat-produits-pour-chat","7":"product_cat-chat-nourriture","8":"product_cat-chat-nourriture-seche","9":"product_tag-amibouff-fr","10":"pa_animal-cat-fr","11":"pa_animal-chaton-fr","12":"pa_format-petmobile-kitten-fr","13":"pa_format-petmobile-chaton-18kg","14":"pa_format-petmobile-kitten-3-6-kg-fr","15":"pa_format-petmobile-kitten-6-kg-fr","16":"pa_marque-amibouff-fr","17":"has-subscription-plans","19":"first","20":"instock","21":"taxable","22":"shipping-taxable","23":"purchasable","24":"product-type-variable"},"acf":[],"_links":{"self":[{"href":"https:\/\/marketplace.petmobile.ca\/fr\/wp-json\/wp\/v2\/product\/68118","targetHints":{"allow":["GET"]}}],"collection":[{"href":"https:\/\/marketplace.petmobile.ca\/fr\/wp-json\/wp\/v2\/product"}],"about":[{"href":"https:\/\/marketplace.petmobile.ca\/fr\/wp-json\/wp\/v2\/types\/product"}],"replies":[{"embeddable":true,"href":"https:\/\/marketplace.petmobile.ca\/fr\/wp-json\/wp\/v2\/comments?post=68118"}],"wp:featuredmedia":[{"embeddable":true,"href":"https:\/\/marketplace.petmobile.ca\/fr\/wp-json\/wp\/v2\/media\/65733"}],"wp:attachment":[{"href":"https:\/\/marketplace.petmobile.ca\/fr\/wp-json\/wp\/v2\/media?parent=68118"}],"wp:term":[{"taxonomy":"product_brand","embeddable":true,"href":"https:\/\/marketplace.petmobile.ca\/fr\/wp-json\/wp\/v2\/product_brand?post=68118"},{"taxonomy":"product_cat","embeddable":true,"href":"https:\/\/marketplace.petmobile.ca\/fr\/wp-json\/wp\/v2\/product_cat?post=68118"},{"taxonomy":"product_tag","embeddable":true,"href":"https:\/\/marketplace.petmobile.ca\/fr\/wp-json\/wp\/v2\/product_tag?post=68118"}],"curies":[{"name":"wp","href":"https:\/\/api.w.org\/{rel}","templated":true}]}}