{"id":68147,"date":"2019-01-25T20:56:12","date_gmt":"2019-01-21T21:29:29","guid":{"rendered":"https:\/\/marketplace.petmobile.ca\/product\/amibouff-chat-adulte\/"},"modified":"2024-05-07T09:32:53","modified_gmt":"2024-05-07T14:32:53","slug":"amibouff-chat-adulte","status":"publish","type":"product","link":"https:\/\/marketplace.petmobile.ca\/fr\/produit\/amibouff-chat-adulte\/","title":{"rendered":"Amibouff <br> Chat Adulte"},"content":{"rendered":"<p>Chat adulte est une formule sp\u00e9cialement con\u00e7ue pour les chats adultes ayant un niveau normal d\u2019activit\u00e9. Elle contribue \u00e0 maintenir la vitalit\u00e9 de votre animal. Aide \u00e9galement \u00e0 pr\u00e9venir les boules de poils chez votre chat.<\/p>\n<ul>\n<li>Enrichie de vitamines et min\u00e9raux &#8211; contient des vitamines A, B, D, E et K , d&rsquo;om\u00e9ga-3 ainsi qu\u2019une gamme compl\u00e8te de min\u00e9raux dont du calcium, du potassium et du phosphore.<\/li>\n<li>Peau saine et pelage brillant &#8211; contient des acides, gras essentiels<\/li>\n<li>Compl\u00e8te et \u00e9quilibr\u00e9e &#8211; la vari\u00e9t\u00e9 et la qualit\u00e9 sup\u00e9rieure des ingr\u00e9dients utilis\u00e9s assurent \u00e0 votre animal une alimentation compl\u00e8te et \u00e9quilibr\u00e9e.<\/li>\n<li>Vitalit\u00e9 &#8211; contient les \u00e9l\u00e9ments \u00e9nerg\u00e9tiques (lipides, glucides) et les vitamines permettant de maximiser la vitalit\u00e9 de votre animal.<\/li>\n<li>Boules de poils &#8211; contient de la cellulose, ce qui aide \u00e0 la digestion des boules de poils.<\/li>\n<li>Syst\u00e8me immunitaire sain &#8211; contient du gluten de ma\u00efs, ce qui aide \u00e0 pr\u00e9venir les infections urinaires.<\/li>\n<\/ul>\n<p><strong>Analyse garantie<\/strong><\/p>\n<p>Prot\u00e9ines brutes min. 30%<br \/>\nMati\u00e8res grasses brutes min. 18%<br \/>\nFibres brutes max. 6%<br \/>\nHumidit\u00e9 max. 10%<br \/>\nCendres brutes 9%<\/p>\n<p><strong>Ingr\u00e9dients:<\/strong><\/p>\n<p>Poulet d\u00e9shydrat\u00e9 (source de sulfate de chondro\u00eftine), ma\u00efs jaune moulu, gru de bl\u00e9, gluten de ma\u00efs, gras de poulet conserv\u00e9 avec un m\u00e9lange naturel de tocoph\u00e9rols, pulpes de betteraves, fibre de pois, graines de lin enti\u00e8res, ar\u00f4me naturel, sel, carbonate de calcium, l\u00e9cithine, culture de levure, phosphate monocalcique, chlorure de choline, propionate de calcium (agent de conservation), bisulfate de sodium, chlorure de potassium, taurine, sulfate ferreux, extrait de Yucca schidigera, ac\u00e9tate de alpha-tocoph\u00e9rol (source de vitamine E), oxyde de zinc, acide nicotinique, oxyde manganeux, pantoth\u00e9nate de D-calcium, mononitrate de thiamine, riboflavine, chlorhydrate de pyridoxine, suppl\u00e9ment de vitamine A, chol\u00e9calcif\u00e9rol (source de vitamine D3), biotine, s\u00e9l\u00e9nite de sodium, suppl\u00e9ment de vitamine B12, iodate de calcium, acide folique<\/p>\n<\/p>\n<div class=\"table-2\">\n<table width=\"100%\">\n<thead>\n<tr>\n<th align=\"left\">Poids du chat<\/th>\n<th align=\"left\">Quantit\u00e9 Quotidienne<\/th>\n<\/tr>\n<\/thead>\n<\/table>\n<\/div>\n<p>\n<\/p>\n<div class=\"table-1\">\n<table width=\"100%\">\n<thead>\n<tr>\n<th align=\"left\">Lbs<\/th>\n<th align=\"left\">cup<\/th>\n<\/tr>\n<\/thead>\n<tbody>\n<tr>\n<td align=\"left\">4 &#8211; 6<\/td>\n<td align=\"left\">1\/4 &#8211; 3\/8<\/td>\n<\/tr>\n<tr>\n<td align=\"left\">6 &#8211; 11<\/td>\n<td align=\"left\">3\/8 &#8211; 5\/8<\/td>\n<\/tr>\n<tr>\n<td align=\"left\">11 &#8211; 13<\/td>\n<td align=\"left\">5\/8 &#8211; 2\/3<\/td>\n<\/tr>\n<tr>\n<td align=\"left\">13+<\/td>\n<td align=\"left\">+1\/8 par 2 lbs<\/td>\n<\/tr>\n<\/tbody>\n<\/table>\n<\/div>\n<p>\n","protected":false},"excerpt":{"rendered":"<p><span style=\"vertical-align: inherit;\"><span style=\"vertical-align: inherit;\"><span style=\"vertical-align: inherit;\"><span style=\"vertical-align: inherit;\"><span style=\"vertical-align: inherit;\"><span style=\"vertical-align: inherit;\"><span style=\"vertical-align: inherit;\"><span style=\"vertical-align: inherit;\"><span style=\"vertical-align: inherit;\"><span style=\"vertical-align: inherit;\">recette pour chat adulte complet<\/span><\/span><\/span><\/span><\/span><\/span><\/span><\/span><\/span><\/span><\/p>\n","protected":false},"featured_media":65776,"comment_status":"closed","ping_status":"closed","template":"","meta":{"_acf_changed":false,"_themeisle_gutenberg_block_has_review":false},"product_brand":[],"product_cat":[1092,2351,2350,1093,1094],"product_tag":[3543],"class_list":{"0":"post-68147","1":"product","2":"type-product","3":"status-publish","4":"has-post-thumbnail","6":"product_cat-produits-pour-chat","7":"product_cat-chats-avec-boules-de-poils","8":"product_cat-conseiller","9":"product_cat-chat-nourriture","10":"product_cat-chat-nourriture-seche","11":"product_tag-amibouff-fr","12":"pa_animal-cat-fr","13":"pa_format-petmobile-adult-cat-18-kg-fr","14":"pa_format-petmobile-chat-adulte-3-6-kg","15":"pa_format-petmobile-adult-cat-6-kg-fr","16":"pa_marque-amibouff-fr","17":"has-subscription-plans","19":"first","20":"instock","21":"taxable","22":"shipping-taxable","23":"purchasable","24":"product-type-variable"},"acf":[],"_links":{"self":[{"href":"https:\/\/marketplace.petmobile.ca\/fr\/wp-json\/wp\/v2\/product\/68147","targetHints":{"allow":["GET"]}}],"collection":[{"href":"https:\/\/marketplace.petmobile.ca\/fr\/wp-json\/wp\/v2\/product"}],"about":[{"href":"https:\/\/marketplace.petmobile.ca\/fr\/wp-json\/wp\/v2\/types\/product"}],"replies":[{"embeddable":true,"href":"https:\/\/marketplace.petmobile.ca\/fr\/wp-json\/wp\/v2\/comments?post=68147"}],"wp:featuredmedia":[{"embeddable":true,"href":"https:\/\/marketplace.petmobile.ca\/fr\/wp-json\/wp\/v2\/media\/65776"}],"wp:attachment":[{"href":"https:\/\/marketplace.petmobile.ca\/fr\/wp-json\/wp\/v2\/media?parent=68147"}],"wp:term":[{"taxonomy":"product_brand","embeddable":true,"href":"https:\/\/marketplace.petmobile.ca\/fr\/wp-json\/wp\/v2\/product_brand?post=68147"},{"taxonomy":"product_cat","embeddable":true,"href":"https:\/\/marketplace.petmobile.ca\/fr\/wp-json\/wp\/v2\/product_cat?post=68147"},{"taxonomy":"product_tag","embeddable":true,"href":"https:\/\/marketplace.petmobile.ca\/fr\/wp-json\/wp\/v2\/product_tag?post=68147"}],"curies":[{"name":"wp","href":"https:\/\/api.w.org\/{rel}","templated":true}]}}