{"id":68183,"date":"2019-01-25T20:56:55","date_gmt":"2019-03-18T21:29:58","guid":{"rendered":"https:\/\/marketplace.petmobile.ca\/product\/amibouff-grandes-races\/"},"modified":"2024-05-08T08:33:35","modified_gmt":"2024-05-08T13:33:35","slug":"amibouff-grandes-races","status":"publish","type":"product","link":"https:\/\/marketplace.petmobile.ca\/fr\/produit\/amibouff-grandes-races\/","title":{"rendered":"AMIBOUFF <br> Grande Race"},"content":{"rendered":"<p>Grande race est une formule sp\u00e9cialement con\u00e7ue pour les chiens adultes de grande race de 75 livres et plus ayant un niveau normal d\u2019activit\u00e9. Elle contribue \u00e0 maintenir la vitalit\u00e9 de votre animal.<\/p>\n<ul>\n<li>Compl\u00e8te et \u00e9quilibr\u00e9 &#8211; prot\u00e9ines \u00e0 base de poulet de haute qualit\u00e9, contient des vitamines A, B, D, E et K ainsi qu\u2019une gamme compl\u00e8te de min\u00e9raux dont du calcium, du potassium et du phosphore<\/li>\n<li>Peau saine et pelage brillant &#8211; continent du gras de poulet et des graines de lins, des acides gras essentiels, d&rsquo;Om\u00e9ga 3 et 6, de la l\u00e9cithine et du zinc<\/li>\n<li>Os en sant\u00e9 &#8211; ajout de glucosamine et de chondro\u00eftine<\/li>\n<li>Dents en sant\u00e9 &#8211; contient des fibres de cellulose<\/li>\n<li>Odeur des selles diminu\u00e9es &#8211; contient du Yucca schidigera<\/li>\n<\/ul>\n<p><strong>Analyse garantie <\/strong><\/p>\n<p>Prot\u00e9ines brutes min. 24%<br \/>\nMati\u00e8res grasses brutes min. 14%<br \/>\nFibres brutes max. 4%<br \/>\nHumidit\u00e9 max. 10%<\/p>\n<p><strong>Sulfate de glucosamine<\/strong><br \/>\n500 mg\/kg<\/p>\n<p><strong>Sulfate de chondo\u00eftine<\/strong><br \/>\n250 mg\/kg<\/p>\n<p><strong>Ingr\u00e9dients:<\/strong><\/p>\n<p>Poulet d\u00e9shydrat\u00e9, ma\u00efs jaune moulu, riz de brasserie, gras de poulet stabilis\u00e9 avec un m\u00e9lange de tocoph\u00e9rols, poisson d\u00e9shydrat\u00e9, fibre de pois, pulpes de betteraves, pur\u00e9e de tomates s\u00e9ch\u00e9es, graines de lin enti\u00e8res (source d\u2019acides gras om\u00e9ga-3), saveur naturelle de poulet, l\u00e9cithine, chlorure de potassium, sel, chlorure de choline, \u0153ufs entiers d\u00e9shydrat\u00e9s, propionate de calcium ( pr\u00e9servatif), sulfate de glucosamine, carbonate de calcium, sulfate de chondro\u00eftine, L-acide ascorbique (vitamine C), sulfate ferreux, oxyde de zinc, ac\u00e9tate d\u2019alpha-tocoph\u00e9rol (source de vitamine E), extrait de Yucca schidigera, oxyde de mangan\u00e8se, prot\u00e9inate de zinc, acide nicotinique, pantoth\u00e9nate de D-calcium, s\u00e9l\u00e9nite de sodium, algues d\u00e9shydrat\u00e9es, graines d\u2019anis, cannelle, thym, poudre d\u2019ail, baies suppl\u00e9ment de gen\u00e9vrier, chardon-Marie, racine de chicor\u00e9e, griffe du diable, prot\u00e9inate de mangan\u00e8se, suppl\u00e9ment de vitamine A, chol\u00e9calcif\u00e9rol (source de vitamine D3), mononitrate de thiamine, biotine, prot\u00e9inate de cuivre, riboflavine, chlorhydrate de pyridoxine, suppl\u00e9ment de vitamine B12, iodate de calcium, carbonate de cobalt, acide folique.<\/p>\n<\/p>\n<div class=\"table-2\">\n<table width=\"100%\">\n<thead>\n<tr>\n<th align=\"left\">Poids du chien<\/th>\n<th align=\"left\">Portion Journali\u00e8re<\/th>\n<\/tr>\n<\/thead>\n<\/table>\n<\/div>\n<p>\n<\/p>\n<div class=\"table-1\">\n<table width=\"100%\">\n<thead>\n<tr>\n<th align=\"left\">Lbs<\/th>\n<th align=\"left\">Kilogrammes<\/th>\n<th align=\"left\">Tasses<\/th>\n<th align=\"left\">Grammes<\/th>\n<\/tr>\n<\/thead>\n<tbody>\n<tr>\n<td align=\"left\">3 &#8211; 12<\/td>\n<td align=\"left\">1.5 -5.5<\/td>\n<td align=\"left\">1\/3 &#8211; 7\/8<\/td>\n<td align=\"left\">40 &#8211; 100<\/td>\n<\/tr>\n<tr>\n<td align=\"left\">12 &#8211; 20<\/td>\n<td align=\"left\">5.5 &#8211; 9.5<\/td>\n<td align=\"left\">7\/8 &#8211; 1 1\/3<\/td>\n<td align=\"left\">100 &#8211; 150<\/td>\n<\/tr>\n<tr>\n<td align=\"left\">20 &#8211; 35<\/td>\n<td align=\"left\">9.5 &#8211; 15.5<\/td>\n<td align=\"left\">1 1\/3 &#8211; 1 7\/8<\/td>\n<td align=\"left\">150 &#8211; 215<\/td>\n<\/tr>\n<tr>\n<td align=\"left\">35 &#8211; 50<\/td>\n<td align=\"left\">15.5 &#8211; 22.5<\/td>\n<td align=\"left\">1 7\/8 &#8211; 2 1\/2<\/td>\n<td align=\"left\">215 &#8211; 285<\/td>\n<\/tr>\n<tr>\n<td align=\"left\">50 &#8211; 75<\/td>\n<td align=\"left\">22.5 &#8211; 33.5<\/td>\n<td align=\"left\">2 1\/2 &#8211; 3 1\/3<\/td>\n<td align=\"left\">285 &#8211; 380<\/td>\n<\/tr>\n<tr>\n<td align=\"left\">75 &#8211; 100<\/td>\n<td align=\"left\">33.4 &#8211; 45.5<\/td>\n<td align=\"left\">3 1\/3 &#8211; 4 1\/8<\/td>\n<td align=\"left\">\u00a0380- 480<\/td>\n<\/tr>\n<tr>\n<td align=\"left\">100 +<\/td>\n<td align=\"left\">45.5 +<\/td>\n<td align=\"left\">4 1\/8+1\/2 par 10lbs<\/td>\n<td align=\"left\">480+40kg par 5kg<\/td>\n<\/tr>\n<\/tbody>\n<\/table>\n<\/div>\n<p>\n","protected":false},"excerpt":{"rendered":"<p>Grande Race est une formule sp\u00e9cialement con\u00e7ue pour les chiens adultes de grande race de 75 livres et plus ayant un niveau normal d\u2019activit\u00e9. Elle contribue \u00e0 maintenir la vitalit\u00e9 de votre animal.<\/p>\n","protected":false},"featured_media":65812,"comment_status":"closed","ping_status":"closed","template":"","meta":{"_acf_changed":false,"_themeisle_gutenberg_block_has_review":false},"product_brand":[],"product_cat":[1109,1110,1111],"product_tag":[3543],"class_list":{"0":"post-68183","1":"product","2":"type-product","3":"status-publish","4":"has-post-thumbnail","6":"product_cat-nourriture-et-produits-pour-chien","7":"product_cat-chien-nourriture","8":"product_cat-chien-nourriture-seche","9":"product_tag-amibouff-fr","10":"pa_animal-dog-fr","11":"pa_format-petmobile-large-breed-fr","12":"pa_format-petmobile-large-breed-15-kg-fr","13":"pa_format-petmobile-large-breed-6-kg-fr","14":"pa_marque-amibouff-fr","15":"has-subscription-plans","17":"first","18":"instock","19":"taxable","20":"shipping-taxable","21":"purchasable","22":"product-type-variable"},"acf":[],"_links":{"self":[{"href":"https:\/\/marketplace.petmobile.ca\/fr\/wp-json\/wp\/v2\/product\/68183","targetHints":{"allow":["GET"]}}],"collection":[{"href":"https:\/\/marketplace.petmobile.ca\/fr\/wp-json\/wp\/v2\/product"}],"about":[{"href":"https:\/\/marketplace.petmobile.ca\/fr\/wp-json\/wp\/v2\/types\/product"}],"replies":[{"embeddable":true,"href":"https:\/\/marketplace.petmobile.ca\/fr\/wp-json\/wp\/v2\/comments?post=68183"}],"wp:featuredmedia":[{"embeddable":true,"href":"https:\/\/marketplace.petmobile.ca\/fr\/wp-json\/wp\/v2\/media\/65812"}],"wp:attachment":[{"href":"https:\/\/marketplace.petmobile.ca\/fr\/wp-json\/wp\/v2\/media?parent=68183"}],"wp:term":[{"taxonomy":"product_brand","embeddable":true,"href":"https:\/\/marketplace.petmobile.ca\/fr\/wp-json\/wp\/v2\/product_brand?post=68183"},{"taxonomy":"product_cat","embeddable":true,"href":"https:\/\/marketplace.petmobile.ca\/fr\/wp-json\/wp\/v2\/product_cat?post=68183"},{"taxonomy":"product_tag","embeddable":true,"href":"https:\/\/marketplace.petmobile.ca\/fr\/wp-json\/wp\/v2\/product_tag?post=68183"}],"curies":[{"name":"wp","href":"https:\/\/api.w.org\/{rel}","templated":true}]}}