{"id":68186,"date":"2019-01-25T20:56:55","date_gmt":"2019-01-21T21:29:58","guid":{"rendered":"https:\/\/marketplace.petmobile.ca\/product\/amibouff-maintenance-15-kg\/"},"modified":"2023-08-25T10:18:14","modified_gmt":"2023-08-25T15:18:14","slug":"petmobile-maintenance-15-kg","status":"publish","type":"product","link":"https:\/\/marketplace.petmobile.ca\/fr\/produit\/petmobile-maintenance-15-kg\/","title":{"rendered":"Amibouff <br> Maintenance"},"content":{"rendered":"<p>La formule Maintenance est sp\u00e9cialement con\u00e7ue pour les chiens normalement actifs. Elle contribuera \u00e0 maintenir la vitalit\u00e9 de votre animal.<\/p>\n<ul>\n<li>Compl\u00e8te et \u00e9quilibr\u00e9e, la vari\u00e9t\u00e9 des ingr\u00e9dients utilis\u00e9s assurent \u00e0 votre animal une alimentation sant\u00e9.<\/li>\n<li>Vitalit\u00e9 &#8211; contient les \u00e9l\u00e9ments \u00e9nerg\u00e9tiques (lipides, glucides) et les vitamines permettant de maximiser la vitalit\u00e9 de votre animal.<\/li>\n<li>Syst\u00e8me immunitaire sain &#8211; contient des antioxydants tels la vitamine E et les tocoph\u00e9rols.<\/li>\n<li>Enrichie de vitamines et min\u00e9raux, contient des vitamines A, B, C, D, E et K ainsi qu\u2019une gamme compl\u00e8te de min\u00e9raux dont du calcium, du potassium et du phosphore.<\/li>\n<\/ul>\n<p><strong>Analyse garantie<\/strong><\/p>\n<p>Prot\u00e9ines brutes min. 22%<br \/>\nMati\u00e8res grasses brutes min. 10%<br \/>\nFibres brutes max. 5%<br \/>\nHumidit\u00e9 max. 10 %<\/p>\n<p><strong>Ingr\u00e9dients:<\/strong><\/p>\n<p>Gru de bl\u00e9, ma\u00efs jaune moulu, poulet d\u00e9shydrat\u00e9 (source de sulfate de chondro\u00eftinel), tourteau de soya, gras de poulet conserv\u00e9 avec un m\u00e9lange naturel de tocoph\u00e9rols, carbonate de calcium, ar\u00f4me naturel, sel, propionate de calcium (agent de conservation), phosphate monocalcique, chlorure de choline, sulfate ferreux, ac\u00e9tate de alpha-tocoph\u00e9rol (source de vitamine E), extrait de Yucca schidigera, oxyde de zinc, oxyde manganeux, acide nicotinique, pantoth\u00e9nate de D-calcium, suppl\u00e9ment de vitamine A, chol\u00e9calcif\u00e9rol (source de vitamine D3), mono nitrate de thiamine, biotine, s\u00e9l\u00e9nite de sodium, riboflavine, chlorhydrate de pyridoxine, suppl\u00e9ment de vitamine B12, iodate de calcium, acide folique.<\/p>\n<\/p>\n<div class=\"table-2\">\n<table width=\"100%\">\n<thead>\n<tr>\n<th align=\"left\">Poids du chien<\/th>\n<th align=\"left\">Portion Journali\u00e8re<\/th>\n<\/tr>\n<\/thead>\n<\/table>\n<\/div>\n<p>\n<\/p>\n<div class=\"table-1\">\n<table width=\"100%\">\n<thead>\n<tr>\n<th align=\"left\">Lbs<\/th>\n<th align=\"left\">Kilogrammes<\/th>\n<th align=\"left\">Tasses<\/th>\n<th align=\"left\">Grammes<\/th>\n<\/tr>\n<\/thead>\n<tbody>\n<tr>\n<td align=\"left\">3 &#8211; 12<\/td>\n<td align=\"left\">1.5 -5.5<\/td>\n<td align=\"left\">3\/8 &#8211; 7\/8<\/td>\n<td align=\"left\">40 &#8211; 105<\/td>\n<\/tr>\n<tr>\n<td align=\"left\">12 &#8211; 20<\/td>\n<td align=\"left\">5.5 &#8211; 9.5<\/td>\n<td align=\"left\">7\/8 &#8211; 1 3\/8<\/td>\n<td align=\"left\">105 &#8211; 155<\/td>\n<\/tr>\n<tr>\n<td align=\"left\">20 &#8211; 35<\/td>\n<td align=\"left\">9.5 &#8211; 15.5<\/td>\n<td align=\"left\">1 3\/8 &#8211; 2<\/td>\n<td align=\"left\">155 &#8211; 225<\/td>\n<\/tr>\n<tr>\n<td align=\"left\">35 &#8211; 50<\/td>\n<td align=\"left\">15.5 &#8211; 22.5<\/td>\n<td align=\"left\">2 &#8211; 2 5\/8<\/td>\n<td align=\"left\">225 &#8211; 295<\/td>\n<\/tr>\n<tr>\n<td align=\"left\">50 &#8211; 75<\/td>\n<td align=\"left\">22.5 &#8211; 33.5<\/td>\n<td align=\"left\">2 5\/8 &#8211; 3 1\/2<\/td>\n<td align=\"left\">295 &#8211; 400<\/td>\n<\/tr>\n<tr>\n<td align=\"left\">75 &#8211; 100<\/td>\n<td align=\"left\">33.4 &#8211; 45.5<\/td>\n<td align=\"left\">3 1\/2 &#8211; 4 3\/8<\/td>\n<td align=\"left\">400 &#8211; 505<\/td>\n<\/tr>\n<tr>\n<td align=\"left\">100 +<\/td>\n<td align=\"left\">45.5 +<\/td>\n<td align=\"left\">4 3\/8+1\/2 per 10lbs<\/td>\n<td align=\"left\">505+95kg per 5kg<\/td>\n<\/tr>\n<\/tbody>\n<\/table>\n<\/div>\n<p>\n","protected":false},"excerpt":{"rendered":"<p>formule compl\u00e8te<\/p>\n","protected":false},"featured_media":65816,"comment_status":"closed","ping_status":"closed","template":"","meta":{"_acf_changed":false,"_themeisle_gutenberg_block_has_review":false},"product_brand":[],"product_cat":[1109,1110,1111],"product_tag":[3543],"class_list":{"0":"post-68186","1":"product","2":"type-product","3":"status-publish","4":"has-post-thumbnail","6":"product_cat-nourriture-et-produits-pour-chien","7":"product_cat-chien-nourriture","8":"product_cat-chien-nourriture-seche","9":"product_tag-amibouff-fr","10":"pa_animal-dog-fr","11":"pa_format-petmobile-maintenance-15-kg-fr","12":"pa_marque-amibouff-fr","13":"has-subscription-plans","15":"first","16":"instock","17":"taxable","18":"shipping-taxable","19":"purchasable","20":"product-type-simple"},"acf":[],"_links":{"self":[{"href":"https:\/\/marketplace.petmobile.ca\/fr\/wp-json\/wp\/v2\/product\/68186","targetHints":{"allow":["GET"]}}],"collection":[{"href":"https:\/\/marketplace.petmobile.ca\/fr\/wp-json\/wp\/v2\/product"}],"about":[{"href":"https:\/\/marketplace.petmobile.ca\/fr\/wp-json\/wp\/v2\/types\/product"}],"replies":[{"embeddable":true,"href":"https:\/\/marketplace.petmobile.ca\/fr\/wp-json\/wp\/v2\/comments?post=68186"}],"wp:featuredmedia":[{"embeddable":true,"href":"https:\/\/marketplace.petmobile.ca\/fr\/wp-json\/wp\/v2\/media\/65816"}],"wp:attachment":[{"href":"https:\/\/marketplace.petmobile.ca\/fr\/wp-json\/wp\/v2\/media?parent=68186"}],"wp:term":[{"taxonomy":"product_brand","embeddable":true,"href":"https:\/\/marketplace.petmobile.ca\/fr\/wp-json\/wp\/v2\/product_brand?post=68186"},{"taxonomy":"product_cat","embeddable":true,"href":"https:\/\/marketplace.petmobile.ca\/fr\/wp-json\/wp\/v2\/product_cat?post=68186"},{"taxonomy":"product_tag","embeddable":true,"href":"https:\/\/marketplace.petmobile.ca\/fr\/wp-json\/wp\/v2\/product_tag?post=68186"}],"curies":[{"name":"wp","href":"https:\/\/api.w.org\/{rel}","templated":true}]}}