{"id":68195,"date":"2019-01-25T20:56:55","date_gmt":"2019-01-21T21:29:58","guid":{"rendered":"https:\/\/marketplace.petmobile.ca\/product\/amibouff-petites-bouchees\/"},"modified":"2025-01-08T13:34:33","modified_gmt":"2025-01-08T18:34:33","slug":"amibouff-petites-bouchees","status":"publish","type":"product","link":"https:\/\/marketplace.petmobile.ca\/fr\/produit\/amibouff-petites-bouchees\/","title":{"rendered":"Amibouff <br> Petites Bouch\u00e9es"},"content":{"rendered":"<p>La formule Petite Bouch\u00e9es est une recette compl\u00e8te pour les chiens actifs de toutes races et toutes grandeurs.<\/p>\n<ul>\n<li>Contient de la glucosamine et de la chondro\u00eftine pour des articulations en sant\u00e9<\/li>\n<li>Haut taux de prot\u00e9ines pour les chiens actifs<\/li>\n<li>Contient des graines de lin pour la beaut\u00e9 du pelage<\/li>\n<\/ul>\n<p><strong>Analyse garantie <\/strong><\/p>\n<p>Prot\u00e9ines brutes 27% (min.)<br \/>\nMati\u00e8res grasses brutes 13% (min.)<br \/>\nHumidit\u00e9 10% (max.)<br \/>\nFibres brutes 4,5% (max.)<\/p>\n<p><strong>Chlorhydrate de glucosamine<\/strong><br \/>\n200 mg\/kg<\/p>\n<p><strong>Sulfate de chondro\u00eftine<\/strong><br \/>\n100mg\/kg<\/p>\n<p><strong>Ingr\u00e9dients: <\/strong><\/p>\n<p>Poulet d\u00e9shydrat\u00e9, Ma\u00efs jaune moulu, gru de bl\u00e9, Gras de poulet (conserv\u00e9 avec un m\u00e9lange de tocoph\u00e9rols), Farine de gluten de ma\u00efs, Pulpe de betterave, Graine de lin, Saveur naturelle, Sel, Chlorure de choline, Extrait de Yucca Schidigera, Sulfate de zinc, Sulfate ferreux, suppl\u00e9ment de vitamine E, Chlorhydrate de glucosamine, sulfate de chondro\u00eftine, sulfate de cuivre, sulfate de mangan\u00e8se, niacine, pantoth\u00e9nate de calcium, suppl\u00e9ment de vitamine A, riboflavine, suppl\u00e9ment de vitamine B12, mononitrate de thiamine, s\u00e9l\u00e9nite de sodium, iodate de calcium, chlorhydrate de pyridoxine, Suppl\u00e9ment de vitamine D3, acide folique.<\/p>\n<\/p>\n<div class=\"table-2\">\n<table width=\"100%\">\n<thead>\n<tr>\n<th align=\"left\">Poids du chien<\/th>\n<th align=\"left\">Portion Journali\u00e8re<\/th>\n<\/tr>\n<\/thead>\n<\/table>\n<\/div>\n<p>\n<\/p>\n<div class=\"table-1\">\n<table width=\"100%\">\n<thead>\n<tr>\n<th align=\"left\">Lbs<\/th>\n<th align=\"left\">Kilogrammes<\/th>\n<th align=\"left\">Tasses<\/th>\n<th align=\"left\">Grammes<\/th>\n<\/tr>\n<\/thead>\n<tbody>\n<tr>\n<td align=\"left\">3 &#8211; 12<\/td>\n<td align=\"left\">1.5 -5.5<\/td>\n<td align=\"left\">3\/8 &#8211; 7\/8<\/td>\n<td align=\"left\">40 &#8211; 105<\/td>\n<\/tr>\n<tr>\n<td align=\"left\">12 &#8211; 20<\/td>\n<td align=\"left\">5.5 &#8211; 9.5<\/td>\n<td align=\"left\">7\/8 &#8211; 1 3\/8<\/td>\n<td align=\"left\">105 &#8211; 155<\/td>\n<\/tr>\n<tr>\n<td align=\"left\">20 &#8211; 35<\/td>\n<td align=\"left\">9.5 &#8211; 15.5<\/td>\n<td align=\"left\">1 3\/8 &#8211; 1 7\/8<\/td>\n<td align=\"left\">155 &#8211; 225<\/td>\n<\/tr>\n<tr>\n<td align=\"left\">35 &#8211; 50<\/td>\n<td align=\"left\">15.5 &#8211; 22.5<\/td>\n<td align=\"left\">1 7\/8 &#8211; 2 1\/2<\/td>\n<td align=\"left\">225 &#8211; 295<\/td>\n<\/tr>\n<tr>\n<td align=\"left\">50 &#8211; 75<\/td>\n<td align=\"left\">22.5 &#8211; 33.5<\/td>\n<td align=\"left\">2 1\/2 &#8211; 3 3\/8<\/td>\n<td align=\"left\">295 &#8211; 400<\/td>\n<\/tr>\n<tr>\n<td align=\"left\">75 &#8211; 100<\/td>\n<td align=\"left\">33.4 &#8211; 45.5<\/td>\n<td align=\"left\">3 3\/8 &#8211; 4 3\/8<\/td>\n<td align=\"left\">400 &#8211; 500<\/td>\n<\/tr>\n<tr>\n<td align=\"left\">100 +<\/td>\n<td align=\"left\">45.5 +<\/td>\n<td align=\"left\">4 3\/8+3\/8 par 10lbs<\/td>\n<td align=\"left\">500+40kg par 5kg<\/td>\n<\/tr>\n<\/tbody>\n<\/table>\n<\/div>\n<p>\n<p>&nbsp;<\/p>\n","protected":false},"excerpt":{"rendered":"<p>sans bl\u00e9, sans ma\u00efs, sans soya<\/p>\n","protected":false},"featured_media":65828,"comment_status":"closed","ping_status":"closed","template":"","meta":{"_acf_changed":false,"_themeisle_gutenberg_block_has_review":false},"product_brand":[],"product_cat":[1109,2874,2350,1110,1111],"product_tag":[3543],"class_list":{"0":"post-68195","1":"product","2":"type-product","3":"status-publish","4":"has-post-thumbnail","6":"product_cat-nourriture-et-produits-pour-chien","7":"product_cat-chiens-avec-problemes-de-digestion","8":"product_cat-conseiller","9":"product_cat-chien-nourriture","10":"product_cat-chien-nourriture-seche","11":"product_tag-amibouff-fr","12":"pa_animal-dog-fr","13":"pa_format-petmobile-small-bite-fr","14":"pa_format-petmobile-small-bite-15-kg-fr","15":"pa_format-petmobile-small-bite-3-kg-fr","16":"pa_format-petmobile-small-bite-6-kg-fr","17":"pa_marque-amibouff-fr","18":"has-subscription-plans","20":"first","21":"instock","22":"taxable","23":"shipping-taxable","24":"purchasable","25":"product-type-variable"},"acf":[],"_links":{"self":[{"href":"https:\/\/marketplace.petmobile.ca\/fr\/wp-json\/wp\/v2\/product\/68195","targetHints":{"allow":["GET"]}}],"collection":[{"href":"https:\/\/marketplace.petmobile.ca\/fr\/wp-json\/wp\/v2\/product"}],"about":[{"href":"https:\/\/marketplace.petmobile.ca\/fr\/wp-json\/wp\/v2\/types\/product"}],"replies":[{"embeddable":true,"href":"https:\/\/marketplace.petmobile.ca\/fr\/wp-json\/wp\/v2\/comments?post=68195"}],"wp:featuredmedia":[{"embeddable":true,"href":"https:\/\/marketplace.petmobile.ca\/fr\/wp-json\/wp\/v2\/media\/65828"}],"wp:attachment":[{"href":"https:\/\/marketplace.petmobile.ca\/fr\/wp-json\/wp\/v2\/media?parent=68195"}],"wp:term":[{"taxonomy":"product_brand","embeddable":true,"href":"https:\/\/marketplace.petmobile.ca\/fr\/wp-json\/wp\/v2\/product_brand?post=68195"},{"taxonomy":"product_cat","embeddable":true,"href":"https:\/\/marketplace.petmobile.ca\/fr\/wp-json\/wp\/v2\/product_cat?post=68195"},{"taxonomy":"product_tag","embeddable":true,"href":"https:\/\/marketplace.petmobile.ca\/fr\/wp-json\/wp\/v2\/product_tag?post=68195"}],"curies":[{"name":"wp","href":"https:\/\/api.w.org\/{rel}","templated":true}]}}