{"id":68198,"date":"2019-01-25T20:57:12","date_gmt":"2019-03-10T21:30:09","guid":{"rendered":"https:\/\/marketplace.petmobile.ca\/product\/amibouff-senior\/"},"modified":"2023-08-25T11:37:49","modified_gmt":"2023-08-25T16:37:49","slug":"amibouff-senior","status":"publish","type":"product","link":"https:\/\/marketplace.petmobile.ca\/fr\/produit\/amibouff-senior\/","title":{"rendered":"AMIBOUFF <br> S\u00e9nior"},"content":{"rendered":"<p>S\u00e9nior est une formule con\u00e7ue pour les chiens plus \u00e2g\u00e9s (8 ans et plus) ou encore pour les chiens moins actifs. Elle contient des taux de prot\u00e9ines et de mati\u00e8res grasses inf\u00e9rieurs aux recettes r\u00e9guli\u00e8res pour chiens adultes de la majorit\u00e9 des comp\u00e9titeurs.<\/p>\n<ul>\n<li>Articulations saines &#8211; contient de la glucosamine et de la chondro\u00eftine<\/li>\n<li>Vitalit\u00e9 &#8211; contient les \u00e9l\u00e9ments \u00e9nerg\u00e9tiques (lipides, glucides) et les vitamines permettant de maximiser la vitalit\u00e9 de votre animal<\/li>\n<li>Peau saine et pelage brillant &#8211; contient des acides, gras essentiels, Om\u00e9ga 3 et 6, de la l\u00e9cithine, du lin et du zinc<\/li>\n<li>Enrichie de vitamines et min\u00e9raux &#8211; contient des vitamines A, B, C, D, E et K ainsi qu\u2019une gamme compl\u00e8te de min\u00e9raux dont du calcium, du potassium et du phosphore<\/li>\n<li>Haute digestibilit\u00e9 &#8211; fabriqu\u00e9e avec des ingr\u00e9dients de la plus haute qualit\u00e9<\/li>\n<li>Syst\u00e8me immunitaire sain &#8211; contient des antioxydants tels la lut\u00e9ine, la vitamine E et des tocoph\u00e9rols<\/li>\n<\/ul>\n<p><strong>Analyse garantie<\/strong><\/p>\n<p>Prot\u00e9ines brutes min. 21%<br \/>\nMati\u00e8res grasses brutes min. 8%<br \/>\nFibres brutes max. 5%<br \/>\nHumidit\u00e9 max. 10 %<\/p>\n<p><strong>Sulfate de glucosamine<\/strong><br \/>\n1010 mg\/kg<\/p>\n<p><strong>Sulfate de chondrotine<\/strong><br \/>\n220 mg\/kg<\/p>\n<p><strong>Ingr\u00e9dients:<\/strong><\/p>\n<p>Riz de brasserie, poulet d\u00e9shydrat\u00e9 (source de sulfate de chondro\u00eftine), ma\u00efs jaune moulu, gru de bl\u00e9, gras de poulet conserv\u00e9 naturellement avec un m\u00e9lange de tocoph\u00e9rols, cellulose en poudre, pulpes de betteraves, pur\u00e9e de tomates s\u00e9ch\u00e9e, saveur naturelle, graines de lin enti\u00e8res, sel, \u0153ufs entiers d\u00e9shydrat\u00e9s, chlorure de potassium, carbonate de calcium, propionate de calcium (agent de conservation), chlorure de choline, carbonate de calcium, acide ascorbique (vitamine C), graines d\u2019anis biologique, cannelle biologique, poudre d\u2019ail, thym biologique, baies de geni\u00e8vre, chardon-Marie, racine de chicor\u00e9e, griffe du diable, sulfate de fer, sulfate de glucosamine, oxyde de zinc, ac\u00e9tate de alpha-tocoph\u00e9ryl (source de vitamine E), extrait de Yucca schidigera, prot\u00e9inate de zinc, oxyde de mangan\u00e8se, acide nicotinique, pantoth\u00e9nate de calcium, s\u00e9l\u00e9nite de sodium, prot\u00e9inate de mangan\u00e8se, suppl\u00e9ment de vitamine A, chol\u00e9calcif\u00e9rol (source de vitamine D3), mononitrate de thiamine, biotine, prot\u00e9inate de cuivre, riboflavine, hydrochlorure de pyridoxine, suppl\u00e9ment de vitamine B12, iodate de calcium, carbonate de cobalt, acide folique.<\/p>\n<\/p>\n<div class=\"table-2\">\n<table width=\"100%\">\n<thead>\n<tr>\n<th align=\"left\">Poids du chien<\/th>\n<th align=\"left\">Portion Journali\u00e8re<\/th>\n<\/tr>\n<\/thead>\n<\/table>\n<\/div>\n<p>\n<\/p>\n<div class=\"table-1\">\n<table width=\"100%\">\n<thead>\n<tr>\n<th align=\"left\">Lbs<\/th>\n<th align=\"left\">Kilogrammes<\/th>\n<th align=\"left\">Tasses<\/th>\n<th align=\"left\">Grammes<\/th>\n<\/tr>\n<\/thead>\n<tbody>\n<tr>\n<td align=\"left\">3 &#8211; 12<\/td>\n<td align=\"left\">1.5 -5.5<\/td>\n<td align=\"left\">1\/3 &#8211; 1<\/td>\n<td align=\"left\">35 &#8211; 100<\/td>\n<\/tr>\n<tr>\n<td align=\"left\">12 &#8211; 20<\/td>\n<td align=\"left\">5.5 &#8211; 9.5<\/td>\n<td align=\"left\">1 &#8211; 1 1\/2<\/td>\n<td align=\"left\">100 &#8211; 150<\/td>\n<\/tr>\n<tr>\n<td align=\"left\">20 &#8211; 35<\/td>\n<td align=\"left\">9.5 &#8211; 15.5<\/td>\n<td align=\"left\">1 1\/2 &#8211; 2 1\/8<\/td>\n<td align=\"left\">150 &#8211; 210<\/td>\n<\/tr>\n<tr>\n<td align=\"left\">35 &#8211; 50<\/td>\n<td align=\"left\">15.5 &#8211; 22.5<\/td>\n<td align=\"left\">2 1\/8 &#8211; 2 4\/5<\/td>\n<td align=\"left\">210 &#8211; 280<\/td>\n<\/tr>\n<tr>\n<td align=\"left\">50 &#8211; 75<\/td>\n<td align=\"left\">22.5 &#8211; 33.5<\/td>\n<td align=\"left\">2 4\/5 &#8211; 3 4\/5<\/td>\n<td align=\"left\">280 &#8211; 380<\/td>\n<\/tr>\n<tr>\n<td align=\"left\">75 &#8211; 100<\/td>\n<td align=\"left\">33.4 &#8211; 45.5<\/td>\n<td align=\"left\">3 4\/5 &#8211; 4 3\/4<\/td>\n<td align=\"left\">380 &#8211; 475<\/td>\n<\/tr>\n<tr>\n<td align=\"left\">100 +<\/td>\n<td align=\"left\">45.5 +<\/td>\n<td align=\"left\">4 3\/4+1\/2 par 10lbs<\/td>\n<td align=\"left\">475+50kg par 5kg<\/td>\n<\/tr>\n<\/tbody>\n<\/table>\n<\/div>\n<p>\n","protected":false},"excerpt":{"rendered":"<p>Glucosamine ajout\u00e9e pour chien plus \u00e2g\u00e9<\/p>\n","protected":false},"featured_media":65832,"comment_status":"closed","ping_status":"closed","template":"","meta":{"_acf_changed":false,"_themeisle_gutenberg_block_has_review":false},"product_brand":[],"product_cat":[1109,2876,2350,1110,1111],"product_tag":[3543],"class_list":{"0":"post-68198","1":"product","2":"type-product","3":"status-publish","4":"has-post-thumbnail","6":"product_cat-nourriture-et-produits-pour-chien","7":"product_cat-chiens-avec-surpoids","8":"product_cat-conseiller","9":"product_cat-chien-nourriture","10":"product_cat-chien-nourriture-seche","11":"product_tag-amibouff-fr","12":"pa_animal-dog-fr","13":"pa_format-15kg-fr","14":"pa_format-3kg-fr","15":"pa_format-6kg-2","16":"pa_marque-amibouff-fr","17":"has-subscription-plans","19":"first","20":"instock","21":"taxable","22":"shipping-taxable","23":"purchasable","24":"product-type-variable"},"acf":[],"_links":{"self":[{"href":"https:\/\/marketplace.petmobile.ca\/fr\/wp-json\/wp\/v2\/product\/68198","targetHints":{"allow":["GET"]}}],"collection":[{"href":"https:\/\/marketplace.petmobile.ca\/fr\/wp-json\/wp\/v2\/product"}],"about":[{"href":"https:\/\/marketplace.petmobile.ca\/fr\/wp-json\/wp\/v2\/types\/product"}],"replies":[{"embeddable":true,"href":"https:\/\/marketplace.petmobile.ca\/fr\/wp-json\/wp\/v2\/comments?post=68198"}],"wp:featuredmedia":[{"embeddable":true,"href":"https:\/\/marketplace.petmobile.ca\/fr\/wp-json\/wp\/v2\/media\/65832"}],"wp:attachment":[{"href":"https:\/\/marketplace.petmobile.ca\/fr\/wp-json\/wp\/v2\/media?parent=68198"}],"wp:term":[{"taxonomy":"product_brand","embeddable":true,"href":"https:\/\/marketplace.petmobile.ca\/fr\/wp-json\/wp\/v2\/product_brand?post=68198"},{"taxonomy":"product_cat","embeddable":true,"href":"https:\/\/marketplace.petmobile.ca\/fr\/wp-json\/wp\/v2\/product_cat?post=68198"},{"taxonomy":"product_tag","embeddable":true,"href":"https:\/\/marketplace.petmobile.ca\/fr\/wp-json\/wp\/v2\/product_tag?post=68198"}],"curies":[{"name":"wp","href":"https:\/\/api.w.org\/{rel}","templated":true}]}}