{"id":68216,"date":"2019-03-15T15:41:54","date_gmt":"2019-03-15T20:41:54","guid":{"rendered":"https:\/\/marketplace.petmobile.ca\/product\/enviro-magic-poudre-bebe-18kg\/"},"modified":"2022-11-03T10:11:15","modified_gmt":"2022-11-03T15:11:15","slug":"enviro-magic-baby-powder-18kg","status":"publish","type":"product","link":"https:\/\/marketplace.petmobile.ca\/fr\/produit\/enviro-magic-baby-powder-18kg\/","title":{"rendered":"Enviro-Magic <br> Poudre de B\u00e9b\u00e9"},"content":{"rendered":"<p>Enviro-Magic Poudre B\u00e9b\u00e9 15kg<\/p>\n","protected":false},"excerpt":{"rendered":"<p>Enviro-Magic Poudre B\u00e9b\u00e9 15kg<\/p>\n","protected":false},"featured_media":65856,"comment_status":"closed","ping_status":"closed","template":"","meta":{"_acf_changed":false,"_themeisle_gutenberg_block_has_review":false},"product_brand":[],"product_cat":[1092,1106,1098],"product_tag":[1855],"class_list":{"0":"post-68216","1":"product","2":"type-product","3":"status-publish","4":"has-post-thumbnail","6":"product_cat-produits-pour-chat","7":"product_cat-chat-proprete-litiere","8":"product_cat-chat-proprete","9":"product_tag-environ-magic","10":"pa_animal-cat-fr","11":"pa_marque-enviro-magic","12":"has-subscription-plans","14":"first","15":"instock","16":"taxable","17":"shipping-taxable","18":"purchasable","19":"product-type-simple"},"acf":[],"_links":{"self":[{"href":"https:\/\/marketplace.petmobile.ca\/fr\/wp-json\/wp\/v2\/product\/68216","targetHints":{"allow":["GET"]}}],"collection":[{"href":"https:\/\/marketplace.petmobile.ca\/fr\/wp-json\/wp\/v2\/product"}],"about":[{"href":"https:\/\/marketplace.petmobile.ca\/fr\/wp-json\/wp\/v2\/types\/product"}],"replies":[{"embeddable":true,"href":"https:\/\/marketplace.petmobile.ca\/fr\/wp-json\/wp\/v2\/comments?post=68216"}],"wp:featuredmedia":[{"embeddable":true,"href":"https:\/\/marketplace.petmobile.ca\/fr\/wp-json\/wp\/v2\/media\/65856"}],"wp:attachment":[{"href":"https:\/\/marketplace.petmobile.ca\/fr\/wp-json\/wp\/v2\/media?parent=68216"}],"wp:term":[{"taxonomy":"product_brand","embeddable":true,"href":"https:\/\/marketplace.petmobile.ca\/fr\/wp-json\/wp\/v2\/product_brand?post=68216"},{"taxonomy":"product_cat","embeddable":true,"href":"https:\/\/marketplace.petmobile.ca\/fr\/wp-json\/wp\/v2\/product_cat?post=68216"},{"taxonomy":"product_tag","embeddable":true,"href":"https:\/\/marketplace.petmobile.ca\/fr\/wp-json\/wp\/v2\/product_tag?post=68216"}],"curies":[{"name":"wp","href":"https:\/\/api.w.org\/{rel}","templated":true}]}}