{"id":68580,"date":"2019-07-12T16:39:12","date_gmt":"2019-07-12T21:51:07","guid":{"rendered":"https:\/\/marketplace.petmobile.ca\/product\/purebites-boeuf-et-foie-120g-2\/"},"modified":"2023-10-06T10:50:01","modified_gmt":"2023-10-06T15:50:01","slug":"purebites-boeuf-et-foie-120g-2","status":"publish","type":"product","link":"https:\/\/marketplace.petmobile.ca\/fr\/produit\/purebites-boeuf-et-foie-120g-2\/","title":{"rendered":"PUREBITES <br> Foie de boeuf"},"content":{"rendered":"<ul class=\"fusion-responsive-typography-calculated\">\n<li>Les g\u00e2teries PureBites contiennent 1 seul ingr\u00e9dient; de foie de boeuf de qualit\u00e9 humaine \u00e9lev\u00e9 aux \u00c9tats-Unis pur et naturel \u00e0 100%.<\/li>\n<li>Teneur \u00e9lev\u00e9e en prot\u00e9ine et environ 34 calories par g\u00e2terie d\u00e9shydrat\u00e9e.<\/li>\n<li>\u00c9lev\u00e9e en prot\u00e9ine et environ 5 calories par g\u00e2terie.<\/li>\n<li>Id\u00e9al pour les chiens ayant des probl\u00e8mes de sant\u00e9 telle que: l\u2019embonpoint, le diab\u00e8te, des allergies, des troubles gastro-intestinaux ainsi que la di\u00e8te restreinte.<\/li>\n<li>Le s\u00e9chage \u00e0 froid est une proc\u00e9dure d\u00e9licate qui pr\u00e9serve la nutrition et la fra\u00eecheur naturelle de la nourriture crue. Seulement l\u2019eau est enlev\u00e9e, ce qui aide \u00e0 pr\u00e9server la valeur nutritive de foie de boeuf cru de qualit\u00e9 humaine.<\/li>\n<\/ul>\n<h3 class=\"my-3\">Analyse Garantie<\/h3>\n<table class=\"analysisTable\">\n<tbody>\n<tr>\n<td>Prot\u00e9ines brutes<\/td>\n<td>64% min<\/td>\n<\/tr>\n<tr>\n<td>Mati\u00e8res grasses brutes<\/td>\n<td>5% min<\/td>\n<\/tr>\n<tr>\n<td>Fibres brutes<\/td>\n<td>1% max<\/td>\n<\/tr>\n<tr>\n<td>Humidit\u00e9<\/td>\n<td>5% max<\/td>\n<\/tr>\n<tr>\n<td class=\"noBorder\" colspan=\"2\">CONTENU CALORIQUE (Calcul\u00e9)<\/td>\n<\/tr>\n<tr>\n<td>\u00c9nergie m\u00e9tabolisable<\/td>\n<td>3613 kcal\/kg<\/td>\n<\/tr>\n<tr>\n<td class=\"calPerTreat\" colspan=\"2\">Environ 5 calories par g\u00e2terie<\/td>\n<\/tr>\n<\/tbody>\n<\/table>\n","protected":false},"excerpt":{"rendered":"<p>Les g\u00e2teries PureBites contiennent 1 seul ingr\u00e9dient; de foie de boeuf de qualit\u00e9 humaine \u00e9lev\u00e9 aux \u00c9tats-Unis pur et naturel<\/p>\n","protected":false},"featured_media":65615,"comment_status":"closed","ping_status":"closed","template":"","meta":{"_acf_changed":false,"_themeisle_gutenberg_block_has_review":false},"product_brand":[],"product_cat":[1109,1115,1998],"product_tag":[1871],"class_list":{"0":"post-68580","1":"product","2":"type-product","3":"status-publish","4":"has-post-thumbnail","6":"product_cat-nourriture-et-produits-pour-chien","7":"product_cat-chien-gateries","8":"product_cat-chien-gateries-deshydratees","9":"product_tag-pure-bites","10":"pa_animal-dog-fr","11":"pa_format-120g-fr","12":"pa_format-250g-fr","13":"pa_format-470g-fr","14":"pa_format-57g-fr","15":"has-subscription-plans","17":"first","18":"instock","19":"taxable","20":"shipping-taxable","21":"purchasable","22":"product-type-variable"},"acf":[],"_links":{"self":[{"href":"https:\/\/marketplace.petmobile.ca\/fr\/wp-json\/wp\/v2\/product\/68580","targetHints":{"allow":["GET"]}}],"collection":[{"href":"https:\/\/marketplace.petmobile.ca\/fr\/wp-json\/wp\/v2\/product"}],"about":[{"href":"https:\/\/marketplace.petmobile.ca\/fr\/wp-json\/wp\/v2\/types\/product"}],"replies":[{"embeddable":true,"href":"https:\/\/marketplace.petmobile.ca\/fr\/wp-json\/wp\/v2\/comments?post=68580"}],"wp:featuredmedia":[{"embeddable":true,"href":"https:\/\/marketplace.petmobile.ca\/fr\/wp-json\/wp\/v2\/media\/65615"}],"wp:attachment":[{"href":"https:\/\/marketplace.petmobile.ca\/fr\/wp-json\/wp\/v2\/media?parent=68580"}],"wp:term":[{"taxonomy":"product_brand","embeddable":true,"href":"https:\/\/marketplace.petmobile.ca\/fr\/wp-json\/wp\/v2\/product_brand?post=68580"},{"taxonomy":"product_cat","embeddable":true,"href":"https:\/\/marketplace.petmobile.ca\/fr\/wp-json\/wp\/v2\/product_cat?post=68580"},{"taxonomy":"product_tag","embeddable":true,"href":"https:\/\/marketplace.petmobile.ca\/fr\/wp-json\/wp\/v2\/product_tag?post=68580"}],"curies":[{"name":"wp","href":"https:\/\/api.w.org\/{rel}","templated":true}]}}