{"id":68640,"date":"2019-07-12T16:52:13","date_gmt":"2019-07-12T21:52:13","guid":{"rendered":"https:\/\/marketplace.petmobile.ca\/product\/uber-white-36l\/"},"modified":"2022-11-03T10:13:34","modified_gmt":"2022-11-03T15:13:34","slug":"uber-white-36l","status":"publish","type":"product","link":"https:\/\/marketplace.petmobile.ca\/fr\/produit\/uber-white-36l\/","title":{"rendered":"Litti\u00e8re douce en papier \u00dcber white 72L"},"content":{"rendered":"<p>Litti\u00e8re douce en papier \u00dcber white 72L<\/p>\n","protected":false},"excerpt":{"rendered":"<p>Litti\u00e8re douce en papier \u00dcber white 72L<\/p>\n","protected":false},"featured_media":66129,"comment_status":"closed","ping_status":"closed","template":"","meta":{"_acf_changed":false,"_themeisle_gutenberg_block_has_review":false},"product_brand":[],"product_cat":[1136,1132,1133],"product_tag":[2149],"class_list":{"0":"post-68640","1":"product","2":"type-product","3":"status-publish","4":"has-post-thumbnail","6":"product_cat-autre-animal-petit-accessoires-et-cages","7":"product_cat-produits-pour-petit-animal","8":"product_cat-autre-animal-petit-animal","9":"product_tag-premier-pet","10":"has-subscription-plans","12":"first","13":"instock","14":"taxable","15":"shipping-taxable","16":"purchasable","17":"product-type-simple"},"acf":[],"_links":{"self":[{"href":"https:\/\/marketplace.petmobile.ca\/fr\/wp-json\/wp\/v2\/product\/68640","targetHints":{"allow":["GET"]}}],"collection":[{"href":"https:\/\/marketplace.petmobile.ca\/fr\/wp-json\/wp\/v2\/product"}],"about":[{"href":"https:\/\/marketplace.petmobile.ca\/fr\/wp-json\/wp\/v2\/types\/product"}],"replies":[{"embeddable":true,"href":"https:\/\/marketplace.petmobile.ca\/fr\/wp-json\/wp\/v2\/comments?post=68640"}],"wp:featuredmedia":[{"embeddable":true,"href":"https:\/\/marketplace.petmobile.ca\/fr\/wp-json\/wp\/v2\/media\/66129"}],"wp:attachment":[{"href":"https:\/\/marketplace.petmobile.ca\/fr\/wp-json\/wp\/v2\/media?parent=68640"}],"wp:term":[{"taxonomy":"product_brand","embeddable":true,"href":"https:\/\/marketplace.petmobile.ca\/fr\/wp-json\/wp\/v2\/product_brand?post=68640"},{"taxonomy":"product_cat","embeddable":true,"href":"https:\/\/marketplace.petmobile.ca\/fr\/wp-json\/wp\/v2\/product_cat?post=68640"},{"taxonomy":"product_tag","embeddable":true,"href":"https:\/\/marketplace.petmobile.ca\/fr\/wp-json\/wp\/v2\/product_tag?post=68640"}],"curies":[{"name":"wp","href":"https:\/\/api.w.org\/{rel}","templated":true}]}}