{"id":68656,"date":"2019-07-12T16:52:13","date_gmt":"2019-07-12T21:52:13","guid":{"rendered":"https:\/\/marketplace.petmobile.ca\/product\/zanimo-zenvet-30ml\/"},"modified":"2026-02-09T17:44:29","modified_gmt":"2026-02-09T22:44:29","slug":"zanimo-zenvet-30ml","status":"publish","type":"product","link":"https:\/\/marketplace.petmobile.ca\/fr\/produit\/zanimo-zenvet-30ml\/","title":{"rendered":"ZANIMO Attitude Zen 30ml"},"content":{"rendered":"<h3 class=\"fusion-woocommerce-tab-title fusion-responsive-typography-calculated\" data-fontsize=\"20\" data-lineheight=\"24px\">Description<\/h3>\n<h4 class=\"h4 name_details fusion-responsive-typography-calculated\" data-fontsize=\"15\" data-lineheight=\"18px\">ATTITUDE ZEN<\/h4>\n<p>contribue au bon fonctionnement du syst\u00e8me nerveux.<\/p>\n<div class=\"elementor elementor-76030201\" data-elementor-type=\"post\" data-elementor-id=\"76030201\" data-elementor-settings=\"[]\">\n<div class=\"elementor-inner\">\n<div class=\"elementor-section-wrap\">\n<section class=\"elementor-element elementor-element-63681699 elementor-section-full_width elementor-section-height-default elementor-section-height-default elementor-section elementor-top-section\" data-id=\"63681699\" data-element_type=\"section\">\n<div class=\"elementor-container elementor-column-gap-default\">\n<div class=\"elementor-row\">\n<div class=\"elementor-element elementor-element-603a7daa elementor-column elementor-col-100 elementor-top-column\" data-id=\"603a7daa\" data-element_type=\"column\">\n<div class=\"elementor-column-wrap elementor-element-populated\">\n<div class=\"elementor-widget-wrap\">\n<div class=\"elementor-element elementor-element-5adc83d2 elementor-widget elementor-widget-text-editor\" data-id=\"5adc83d2\" data-element_type=\"widget\" data-widget_type=\"text-editor.default\">\n<div class=\"elementor-widget-container\">\n<div class=\"elementor-text-editor elementor-clearfix\">\n<p>Ce rem\u00e8de hom\u00e9opathique contribue au bon fonctionnement du syst\u00e8me nerveux. Il apporte une solution naturelle pour diminuer les probl\u00e8mes de comportement tels que : domination, agressivit\u00e9, tentative de morsures, peur, soumission, jappement excessif, fugue et le marquage chez le chat.<\/p>\n<p>Il a \u00e9t\u00e9 d\u00e9velopp\u00e9 par des experts en hom\u00e9opathie, selon les normes rigoureuses de fabrication. Il est con\u00e7u avec une base de glyc\u00e9rine et ne contient pas d\u2019alcool pour le bien-\u00eatre de votre animal.<\/p>\n<p>Il convient \u00e0 toutes les races de chiens et de chats, \u00e0 partir de 2 mois d\u2019\u00e2ge.<\/p>\n<p><strong>Mode d\u2019emploi :<\/strong>\u00a0agiter la bouteille avant utilisation. \u00c0 l\u2019aide de la pipette, donner 5 ou 10 gouttes selon le poids de l\u2019animal. Facile \u00e0 administrer, les gouttes se mettent directement dans la gueule sur le c\u00f4t\u00e9 de la joue. Ne pas ajouter dans son bol d\u2019eau.<\/p>\n<p>Donner 3 fois par jour durant 30 jours et diminuer \u00e0 1 ou 2 fois par jour d\u00e8s qu\u2019il y a une am\u00e9lioration. Minimum de 4 heures entre les doses. Ne pas d\u00e9passer 30 jours.<\/p>\n<\/div>\n<\/div>\n<\/div>\n<\/div>\n<\/div>\n<\/div>\n<\/div>\n<\/div>\n<\/section>\n<section class=\"elementor-element elementor-element-2943ed5b elementor-section-full_width elementor-section-height-default elementor-section-height-default elementor-section elementor-top-section\" data-id=\"2943ed5b\" data-element_type=\"section\">\n<div class=\"elementor-container elementor-column-gap-default\">\n<div class=\"elementor-row\">\n<div class=\"elementor-element elementor-element-629df484 elementor-column elementor-col-100 elementor-top-column\" data-id=\"629df484\" data-element_type=\"column\">\n<div class=\"elementor-column-wrap elementor-element-populated\">\n<div class=\"elementor-widget-wrap\">\n<div class=\"elementor-element elementor-element-be1e987 elementor-widget elementor-widget-spacer\" data-id=\"be1e987\" data-element_type=\"widget\" data-widget_type=\"spacer.default\">\n<div class=\"elementor-widget-container\">\n<div class=\"elementor-spacer\">\n<div class=\"elementor-spacer-inner\"><\/div>\n<\/div>\n<\/div>\n<\/div>\n<div class=\"elementor-element elementor-element-23ad5ba9 elementor-widget elementor-widget-text-editor\" data-id=\"23ad5ba9\" data-element_type=\"widget\" data-widget_type=\"text-editor.default\">\n<div class=\"elementor-widget-container\">\n<div class=\"elementor-text-editor elementor-clearfix\">\n<table border=\"1\" cellspacing=\"0\" cellpadding=\"0\">\n<thead>\n<tr>\n<td width=\"115\">\n<p align=\"center\">Moins de 10 kg \/ 20 lb<\/p>\n<\/td>\n<td valign=\"top\" width=\"115\">\n<p align=\"center\">Plus de 10 kg \/ 20 lb<\/p>\n<\/td>\n<\/tr>\n<\/thead>\n<caption><strong>QUANTIT\u00c9S SELON LE POIDS<\/strong><\/caption>\n<tbody>\n<tr>\n<td width=\"115\">\n<p align=\"center\">5 gouttes<\/p>\n<\/td>\n<td valign=\"top\" width=\"115\">\n<p align=\"center\">10 gouttes<\/p>\n<\/td>\n<\/tr>\n<\/tbody>\n<\/table>\n<p>&nbsp;<\/p>\n<\/div>\n<\/div>\n<\/div>\n<\/div>\n<\/div>\n<\/div>\n<\/div>\n<\/div>\n<\/section>\n<section class=\"elementor-element elementor-element-15b689e2 elementor-section-full_width elementor-section-height-default elementor-section-height-default elementor-section elementor-top-section\" data-id=\"15b689e2\" data-element_type=\"section\">\n<div class=\"elementor-container elementor-column-gap-default\">\n<div class=\"elementor-row\">\n<div class=\"elementor-element elementor-element-6fa0fbf8 elementor-column elementor-col-100 elementor-top-column\" data-id=\"6fa0fbf8\" data-element_type=\"column\">\n<div class=\"elementor-column-wrap elementor-element-populated\">\n<div class=\"elementor-widget-wrap\">\n<div class=\"elementor-element elementor-element-1a96abdd elementor-widget elementor-widget-spacer\" data-id=\"1a96abdd\" data-element_type=\"widget\" data-widget_type=\"spacer.default\">\n<div class=\"elementor-widget-container\">\n<div class=\"elementor-spacer\">\n<div class=\"elementor-spacer-inner\"><\/div>\n<\/div>\n<\/div>\n<\/div>\n<div class=\"elementor-element elementor-element-686b8e55 elementor-widget elementor-widget-text-editor\" data-id=\"686b8e55\" data-element_type=\"widget\" data-widget_type=\"text-editor.default\">\n<div class=\"elementor-widget-container\">\n<div class=\"elementor-text-editor elementor-clearfix\">\n<p><strong>Mise en garde :<\/strong>\u00a0si des effets ind\u00e9sirables se manifestent ou que la sant\u00e9 se d\u00e9t\u00e9riore, consulter un v\u00e9t\u00e9rinaire. Ne pas utiliser chez les femelles gestantes ou allaitantes, sauf sur l\u2019avis d\u2019un v\u00e9t\u00e9rinaire. Ne pas utiliser si le sceau de s\u00e9curit\u00e9 est bris\u00e9. Garder hors de la port\u00e9e des enfants. Conserver \u00e0 temp\u00e9rature ambiante.<\/p>\n<\/div>\n<dl class=\"data-sheet\">\n<dd class=\"value\"><\/dd>\n<dt class=\"name\">Proble\u0301matiques:<\/dt>\n<dt class=\"name\">Troubles de comportement<\/dt>\n<dt><\/dt>\n<dd><\/dd>\n<dt class=\"name\">Ingr\u00e9dients m\u00e9dicinaux:<\/dt>\n<dt class=\"name\">Argentum nitricum 9CH, Cantharis 9CH, Hyoscyamus niger 9CH, Ignatia 9CH, Lac caninum 9CH<\/dt>\n<dt><\/dt>\n<dd><\/dd>\n<dt class=\"name\">Ingr\u00e9dients non m\u00e9dicinaux:<\/dt>\n<dt class=\"name\">Eau purifi\u00e9e, Glyc\u00e9rine v\u00e9g\u00e9tale, Sorbate de potassium 0,2%, Benzoate de sodium 0,06%<\/dt>\n<dt><\/dt>\n<dd><\/dd>\n<dt class=\"name\">Autres:<\/dt>\n<dt class=\"name\">Sans colorant \/ sans sucre \/ sans saveur<\/dt>\n<\/dl>\n<\/div>\n<\/div>\n<\/div>\n<\/div>\n<\/div>\n<\/div>\n<\/div>\n<\/section>\n<\/div>\n<\/div>\n<\/div>\n","protected":false},"excerpt":{"rendered":"<p>Description ATTITUDE ZEN contribue au bon fonctionnement du syst\u00e8me nerveux. Ce rem\u00e8de hom\u00e9opathique contribue au bon fonctionnement du syst\u00e8me nerveux.<\/p>\n","protected":false},"featured_media":94398,"comment_status":"closed","ping_status":"closed","template":"","meta":{"_acf_changed":false,"_themeisle_gutenberg_block_has_review":false},"product_brand":[],"product_cat":[1109],"product_tag":[2134],"class_list":{"0":"post-68656","1":"product","2":"type-product","3":"status-publish","4":"has-post-thumbnail","6":"product_cat-nourriture-et-produits-pour-chien","7":"product_tag-zanimo","8":"has-subscription-plans","10":"first","11":"instock","12":"taxable","13":"shipping-taxable","14":"purchasable","15":"product-type-simple"},"acf":[],"_links":{"self":[{"href":"https:\/\/marketplace.petmobile.ca\/fr\/wp-json\/wp\/v2\/product\/68656","targetHints":{"allow":["GET"]}}],"collection":[{"href":"https:\/\/marketplace.petmobile.ca\/fr\/wp-json\/wp\/v2\/product"}],"about":[{"href":"https:\/\/marketplace.petmobile.ca\/fr\/wp-json\/wp\/v2\/types\/product"}],"replies":[{"embeddable":true,"href":"https:\/\/marketplace.petmobile.ca\/fr\/wp-json\/wp\/v2\/comments?post=68656"}],"wp:featuredmedia":[{"embeddable":true,"href":"https:\/\/marketplace.petmobile.ca\/fr\/wp-json\/wp\/v2\/media\/94398"}],"wp:attachment":[{"href":"https:\/\/marketplace.petmobile.ca\/fr\/wp-json\/wp\/v2\/media?parent=68656"}],"wp:term":[{"taxonomy":"product_brand","embeddable":true,"href":"https:\/\/marketplace.petmobile.ca\/fr\/wp-json\/wp\/v2\/product_brand?post=68656"},{"taxonomy":"product_cat","embeddable":true,"href":"https:\/\/marketplace.petmobile.ca\/fr\/wp-json\/wp\/v2\/product_cat?post=68656"},{"taxonomy":"product_tag","embeddable":true,"href":"https:\/\/marketplace.petmobile.ca\/fr\/wp-json\/wp\/v2\/product_tag?post=68656"}],"curies":[{"name":"wp","href":"https:\/\/api.w.org\/{rel}","templated":true}]}}