{"id":68660,"date":"2019-07-12T16:42:07","date_gmt":"2019-07-12T21:42:07","guid":{"rendered":"https:\/\/marketplace.petmobile.ca\/product\/litterlocker-design-carre\/"},"modified":"2026-02-12T13:36:13","modified_gmt":"2026-02-12T18:36:13","slug":"litterlocker-design-carre","status":"publish","type":"product","link":"https:\/\/marketplace.petmobile.ca\/fr\/produit\/litterlocker-design-carre\/","title":{"rendered":"Poubelle \u00e0 liti\u00e8re LitterLocker"},"content":{"rendered":"<p>Le syst\u00e8me d&rsquo;\u00e9limination de la liti\u00e8re pour chats LitterLocker Design est un syst\u00e8me unique qui rend le nettoyage de la liti\u00e8re vraiment plus simple ! Ramassez! Jetez! Scellez! L&rsquo;ouverture carr\u00e9e facilite le d\u00e9p\u00f4t de la liti\u00e8re dans la poubelle, tandis que notre technologie Air-Seal garantit que les odeurs et les bact\u00e9ries restent \u00e0 l&rsquo;int\u00e9rieur de la poubelle. C\u2019est si facile de nettoyer la liti\u00e8re. Profitez des bons moments avec votre animal de compagnie, LitterLocker s\u2019occupe des besoins de votre chat!<\/p>\n<p>Caract\u00e9ristiques:<\/p>\n<ul>\n<li>Utilise la recharge carr\u00e9e avec technologie Air-Seal<\/li>\n<li>Emprisonne odeurs et bact\u00e9ries<\/li>\n<li>Chaque recharge peut durer jusqu\u2019\u00e0 2 mois pour 1 chat<\/li>\n<li>Pratique &amp; hygi\u00e9nique<\/li>\n<li>Syst\u00e8me facile \u00e0 utiliser et \u00e0 vider<\/li>\n<li>Compatible avec les recharges carr\u00e9es standard des marques Litter Genie et LitterLocker<\/li>\n<\/ul>\n","protected":false},"excerpt":{"rendered":"<p>Le syst\u00e8me d&rsquo;\u00e9limination de la liti\u00e8re pour chats LitterLocker Design est un syst\u00e8me unique qui rend le nettoyage de la<\/p>\n","protected":false},"featured_media":66153,"comment_status":"closed","ping_status":"closed","template":"","meta":{"_acf_changed":false,"_themeisle_gutenberg_block_has_review":false},"product_brand":[],"product_cat":[1107,1092,1098],"product_tag":[2118],"class_list":{"0":"post-68660","1":"product","2":"type-product","3":"status-publish","4":"has-post-thumbnail","6":"product_cat-chat-proprete-accessoires-et-nettoyants","7":"product_cat-produits-pour-chat","8":"product_cat-chat-proprete","9":"product_tag-litterlocker","10":"has-subscription-plans","12":"first","13":"instock","14":"taxable","15":"shipping-taxable","16":"purchasable","17":"product-type-simple"},"acf":[],"_links":{"self":[{"href":"https:\/\/marketplace.petmobile.ca\/fr\/wp-json\/wp\/v2\/product\/68660","targetHints":{"allow":["GET"]}}],"collection":[{"href":"https:\/\/marketplace.petmobile.ca\/fr\/wp-json\/wp\/v2\/product"}],"about":[{"href":"https:\/\/marketplace.petmobile.ca\/fr\/wp-json\/wp\/v2\/types\/product"}],"replies":[{"embeddable":true,"href":"https:\/\/marketplace.petmobile.ca\/fr\/wp-json\/wp\/v2\/comments?post=68660"}],"wp:featuredmedia":[{"embeddable":true,"href":"https:\/\/marketplace.petmobile.ca\/fr\/wp-json\/wp\/v2\/media\/66153"}],"wp:attachment":[{"href":"https:\/\/marketplace.petmobile.ca\/fr\/wp-json\/wp\/v2\/media?parent=68660"}],"wp:term":[{"taxonomy":"product_brand","embeddable":true,"href":"https:\/\/marketplace.petmobile.ca\/fr\/wp-json\/wp\/v2\/product_brand?post=68660"},{"taxonomy":"product_cat","embeddable":true,"href":"https:\/\/marketplace.petmobile.ca\/fr\/wp-json\/wp\/v2\/product_cat?post=68660"},{"taxonomy":"product_tag","embeddable":true,"href":"https:\/\/marketplace.petmobile.ca\/fr\/wp-json\/wp\/v2\/product_tag?post=68660"}],"curies":[{"name":"wp","href":"https:\/\/api.w.org\/{rel}","templated":true}]}}