{"id":68707,"date":"2019-07-12T16:42:59","date_gmt":"2019-07-12T21:52:39","guid":{"rendered":"https:\/\/marketplace.petmobile.ca\/product\/zanimo-articulation-supreme-100ml-2\/"},"modified":"2022-09-09T19:36:30","modified_gmt":"2022-09-10T00:36:30","slug":"zanimo-articulation-supreme-100ml-2","status":"publish","type":"product","link":"https:\/\/marketplace.petmobile.ca\/fr\/produit\/zanimo-articulation-supreme-100ml-2\/","title":{"rendered":"ZANIMO <br> Articulation supr\u00eame"},"content":{"rendered":"<p>Formule naturelle qui aide \u00e0 am\u00e9liorer la sant\u00e9 des articulations, des os et des cartilages. Le collag\u00e8ne favorise le bon fonctionnement des ligaments, des tendons et des muscles. Maintient la souplesse des articulations, contribue \u00e0 la vitalit\u00e9 et au bien-\u00eatre de votre animal. Assure une meilleure qualit\u00e9 de vie au quotidien.<\/p>\n","protected":false},"excerpt":{"rendered":"<p>Formule naturelle qui aide \u00e0 am\u00e9liorer la sant\u00e9 des articulations, des os et des cartilages. Le collag\u00e8ne favorise le bon<\/p>\n","protected":false},"featured_media":66226,"comment_status":"closed","ping_status":"closed","template":"","meta":{"_acf_changed":false,"_themeisle_gutenberg_block_has_review":false},"product_brand":[],"product_cat":[1092,1109,2290,2313,2858],"product_tag":[2134],"class_list":{"0":"post-68707","1":"product","2":"type-product","3":"status-publish","4":"has-post-thumbnail","6":"product_cat-produits-pour-chat","7":"product_cat-nourriture-et-produits-pour-chien","8":"product_cat-chien-soins","9":"product_cat-soins-chat","10":"product_cat-traitement","11":"product_tag-zanimo","12":"pa_animal-cat-fr","13":"pa_animal-dog-fr","14":"pa_format-100ml-fr","15":"pa_format-250ml","16":"pa_format-500ml-fr","17":"has-subscription-plans","19":"first","20":"instock","21":"taxable","22":"shipping-taxable","23":"purchasable","24":"product-type-variable"},"acf":[],"_links":{"self":[{"href":"https:\/\/marketplace.petmobile.ca\/fr\/wp-json\/wp\/v2\/product\/68707","targetHints":{"allow":["GET"]}}],"collection":[{"href":"https:\/\/marketplace.petmobile.ca\/fr\/wp-json\/wp\/v2\/product"}],"about":[{"href":"https:\/\/marketplace.petmobile.ca\/fr\/wp-json\/wp\/v2\/types\/product"}],"replies":[{"embeddable":true,"href":"https:\/\/marketplace.petmobile.ca\/fr\/wp-json\/wp\/v2\/comments?post=68707"}],"wp:featuredmedia":[{"embeddable":true,"href":"https:\/\/marketplace.petmobile.ca\/fr\/wp-json\/wp\/v2\/media\/66226"}],"wp:attachment":[{"href":"https:\/\/marketplace.petmobile.ca\/fr\/wp-json\/wp\/v2\/media?parent=68707"}],"wp:term":[{"taxonomy":"product_brand","embeddable":true,"href":"https:\/\/marketplace.petmobile.ca\/fr\/wp-json\/wp\/v2\/product_brand?post=68707"},{"taxonomy":"product_cat","embeddable":true,"href":"https:\/\/marketplace.petmobile.ca\/fr\/wp-json\/wp\/v2\/product_cat?post=68707"},{"taxonomy":"product_tag","embeddable":true,"href":"https:\/\/marketplace.petmobile.ca\/fr\/wp-json\/wp\/v2\/product_tag?post=68707"}],"curies":[{"name":"wp","href":"https:\/\/api.w.org\/{rel}","templated":true}]}}