{"id":68760,"date":"2019-10-21T15:52:55","date_gmt":"2019-10-21T20:52:55","guid":{"rendered":"https:\/\/marketplace.petmobile.ca\/product\/amibouff-super-chiot-2-2\/"},"modified":"2023-08-25T11:10:25","modified_gmt":"2023-08-25T16:10:25","slug":"amibouff-super-chiot-2-2","status":"publish","type":"product","link":"https:\/\/marketplace.petmobile.ca\/fr\/produit\/amibouff-super-chiot-2-2\/","title":{"rendered":"Amibouff <br> Super Chiot"},"content":{"rendered":"<p>Super chiot constitue l\u2019alimentation optimale durant la premi\u00e8re ann\u00e9e si importante de la vie de votre chiot. Le d\u00e9veloppement durant cette ann\u00e9e correspond \u00e0 la croissance d\u2019un \u00eatre humain jusqu\u2019\u00e0 la fin de l\u2019adolescence. Cette formule est mise au point de mani\u00e8re scientifique pour assurer les concentrations de prot\u00e9ines<br \/>\net d\u2019acides gras dont ont besoins les chiots pour une croissance et un d\u00e9veloppement optimal.<\/p>\n<ul>\n<li>Enrichie de vitamines et min\u00e9raux Contient des vitamines ainsi qu\u2019une gamme compl\u00e8te de min\u00e9raux dont du calcium, du potassium et du phosphore.<\/li>\n<li>D\u00e9veloppement des os Enrichie d\u2019une gamme compl\u00e8te de min\u00e9raux.<\/li>\n<li>Peau saine et pelage brillant Contient des acides gras essentiels.<\/li>\n<li>Vitalit\u00e9 Contient les \u00e9l\u00e9ments \u00e9nerg\u00e9tiques (lipides, glucides) et les vitamines permettant de maximiser la vitalit\u00e9 de votre animal.<\/li>\n<li>D\u00e9veloppement des muscles Contient des prot\u00e9ines de haute qualit\u00e9 provenant du poulet.<\/li>\n<li>Syst\u00e8me digestif sain Contient des enzymes, des probiotiques, des acides organiques, de l\u2019extrait de thym et de la pulpe de betterave.<\/li>\n<\/ul>\n<p><strong>Analyse garantie<\/strong><\/p>\n<p>Prot\u00e9ines brutes min. 28%<br \/>\nMati\u00e8res grasses brutes min. 14%<br \/>\nFibres brutes max. 5,5%<br \/>\nHumidit\u00e9 max. 10%<\/p>\n<p><strong>Ingr\u00e9dients:<\/strong><\/p>\n<p>Poulet d\u00e9shydrat\u00e9 (une source de sulfate de chondro\u00eftine), ma\u00efs jaune moulu, gru de bl\u00e9, gluten de ma\u00efs, gras de poulet conserv\u00e9 avec un m\u00e9lange naturel de tocoph\u00e9rols, pulpe de betteraves, farine de luzerne d\u00e9shydrat\u00e9e, graines de lin enti\u00e8res, carbonate de calcium, phosphate monocalcique, sel, ar\u00f4me naturel, propionate de calcium (comme agent de conservation), chlorure de potas-sium, chlorure de choline, sulfate ferreux, extrait de chicor\u00e9e (une source d&rsquo;inuline), sulfate de glucosamine, ac\u00e9tate de alpha-tocoph\u00e9rol (une source de vitamine E), oxyde de zinc, extrait de Yucca schidigera, extrait de levure (une source de mannan-oligosaccharides), oxyde manganeux, acide nicotinique, pantoth\u00e9nate de D-calcium, suppl\u00e9ment de vitamine A, chol\u00e9calcif\u00e9rol (une source de vitamine D3), mononitrate de thiamine, prot\u00e9inate de zinc, biotine, s\u00e9l\u00e9nite de sodium, riboflavine, prot\u00e9inate de mangan\u00e8se, chlorhydrate de pyridoxine, suppl\u00e9ment de vitamine B12, iodate de calcium, prot\u00e9inate de cuivre, acide folique.<\/p>\n<\/p>\n<div class=\"table-2\">\n<table width=\"100%\">\n<thead>\n<tr>\n<th align=\"left\">Poids du chien<\/th>\n<th align=\"left\">Portion Journali\u00e8re<\/th>\n<\/tr>\n<\/thead>\n<\/table>\n<\/div>\n<p>\n<\/p>\n<div class=\"table-1\">\n<table width=\"100%\">\n<thead>\n<tr>\n<th align=\"left\">Lbs<\/th>\n<th align=\"left\">Kilogrammes<\/th>\n<th align=\"left\">Tasses<\/th>\n<th align=\"left\">Grammes<\/th>\n<\/tr>\n<\/thead>\n<tbody>\n<tr>\n<td align=\"left\">3 &#8211; 12<\/td>\n<td align=\"left\">1.5 -5.5<\/td>\n<td align=\"left\">3\/4 &#8211; 2 1\/8<\/td>\n<td align=\"left\">85 &#8211; 230<\/td>\n<\/tr>\n<tr>\n<td align=\"left\">12 &#8211; 20<\/td>\n<td align=\"left\">5.5 &#8211; 9.5<\/td>\n<td align=\"left\">2 1\/8 &#8211; 3 1\/4<\/td>\n<td align=\"left\">230 &#8211; 350<\/td>\n<\/tr>\n<tr>\n<td align=\"left\">20 &#8211; 35<\/td>\n<td align=\"left\">9.5 &#8211; 15.5<\/td>\n<td align=\"left\">3 1\/4 &#8211; 4 5\/8<\/td>\n<td align=\"left\">350 &#8211; 505<\/td>\n<\/tr>\n<tr>\n<td align=\"left\">35 &#8211; 50<\/td>\n<td align=\"left\">15.5 &#8211; 22.5<\/td>\n<td align=\"left\">4 5\/8 &#8211; 6 1\/8<\/td>\n<td align=\"left\">505 &#8211; 665<\/td>\n<\/tr>\n<tr>\n<td align=\"left\">50 &#8211; 75<\/td>\n<td align=\"left\">22.5 &#8211; 33.5<\/td>\n<td align=\"left\">6 1\/8 &#8211; 8 1\/4<\/td>\n<td align=\"left\">665 &#8211; 895<\/td>\n<\/tr>\n<tr>\n<td align=\"left\">75 &#8211; 100<\/td>\n<td align=\"left\">33.4 &#8211; 45.5<\/td>\n<td align=\"left\">8 1\/4 &#8211; 10 3\/8<\/td>\n<td align=\"left\">895 &#8211; 1130<\/td>\n<\/tr>\n<tr>\n<td align=\"left\">100 +<\/td>\n<td align=\"left\">45.5 +<\/td>\n<td align=\"left\">10 3\/8+7\/8 per 10lbs<\/td>\n<td align=\"left\">1130+95kg per 5kg<\/td>\n<\/tr>\n<\/tbody>\n<\/table>\n<\/div>\n<p>\n","protected":false},"excerpt":{"rendered":"<p>Super chiot constitue l\u2019alimentation optimale durant la premi\u00e8re ann\u00e9e si importante de la vie de votre chiot. Le d\u00e9veloppement durant<\/p>\n","protected":false},"featured_media":66432,"comment_status":"closed","ping_status":"closed","template":"","meta":{"_acf_changed":false,"_themeisle_gutenberg_block_has_review":false},"product_brand":[],"product_cat":[1109,1110,1111],"product_tag":[3543],"class_list":{"0":"post-68760","1":"product","2":"type-product","3":"status-publish","4":"has-post-thumbnail","6":"product_cat-nourriture-et-produits-pour-chien","7":"product_cat-chien-nourriture","8":"product_cat-chien-nourriture-seche","9":"product_tag-amibouff-fr","10":"pa_animal-puppy","11":"pa_format-15kg-fr","12":"pa_format-18kg-fr","13":"pa_format-36kg","14":"pa_format-6kg-2","15":"pa_marque-amibouff-fr","16":"has-subscription-plans","18":"first","19":"instock","20":"taxable","21":"shipping-taxable","22":"purchasable","23":"product-type-variable"},"acf":[],"_links":{"self":[{"href":"https:\/\/marketplace.petmobile.ca\/fr\/wp-json\/wp\/v2\/product\/68760","targetHints":{"allow":["GET"]}}],"collection":[{"href":"https:\/\/marketplace.petmobile.ca\/fr\/wp-json\/wp\/v2\/product"}],"about":[{"href":"https:\/\/marketplace.petmobile.ca\/fr\/wp-json\/wp\/v2\/types\/product"}],"replies":[{"embeddable":true,"href":"https:\/\/marketplace.petmobile.ca\/fr\/wp-json\/wp\/v2\/comments?post=68760"}],"wp:featuredmedia":[{"embeddable":true,"href":"https:\/\/marketplace.petmobile.ca\/fr\/wp-json\/wp\/v2\/media\/66432"}],"wp:attachment":[{"href":"https:\/\/marketplace.petmobile.ca\/fr\/wp-json\/wp\/v2\/media?parent=68760"}],"wp:term":[{"taxonomy":"product_brand","embeddable":true,"href":"https:\/\/marketplace.petmobile.ca\/fr\/wp-json\/wp\/v2\/product_brand?post=68760"},{"taxonomy":"product_cat","embeddable":true,"href":"https:\/\/marketplace.petmobile.ca\/fr\/wp-json\/wp\/v2\/product_cat?post=68760"},{"taxonomy":"product_tag","embeddable":true,"href":"https:\/\/marketplace.petmobile.ca\/fr\/wp-json\/wp\/v2\/product_tag?post=68760"}],"curies":[{"name":"wp","href":"https:\/\/api.w.org\/{rel}","templated":true}]}}