{"id":68838,"date":"2019-10-29T18:48:43","date_gmt":"2019-10-29T23:35:04","guid":{"rendered":"https:\/\/marketplace.petmobile.ca\/product\/advantage-saumon-pois\/"},"modified":"2022-12-16T18:05:36","modified_gmt":"2022-12-16T23:05:36","slug":"advantage-salmon-pea","status":"publish","type":"product","link":"https:\/\/marketplace.petmobile.ca\/fr\/produit\/advantage-salmon-pea\/","title":{"rendered":"Advantage <br> Saumon et pois"},"content":{"rendered":"<p>INGR\u00c9DIENTS:<\/p>\n<p>Saumon, pois, farine de sous-produits de volaille, farine de porc, gras de volaille (conserv\u00e9 avec un m\u00e9lange de tocoph\u00e9rols), orge entier moulu, graines de lin, pulpes de bettraves d\u00e9shydrat\u00e9es, ar\u00f4mes naturels, huile de saumon, pommes enti\u00e8res s\u00e8ches, carottes enti\u00e8res s\u00e8ches, canneberges enti\u00e8res s\u00e8ches, \u00e9pinards entiers secs, patates douces enti\u00e8res s\u00e8ches, tomates enti\u00e8res s\u00e8ches, min\u00e9raux ch\u00e9lat\u00e9s<\/p>\n<p>GA:<\/p>\n<p>CRUDE PROTEIN (MINIMUM) 26%<br \/>\nCRUDE FAT (MINIMUM) 16%<br \/>\nCRUDE FIBER (MAXIMUM) 4%<br \/>\nMOISTURE (MAXIMUM) 10%<\/p>\n","protected":false},"excerpt":{"rendered":"<p>INGR\u00c9DIENTS: Saumon, pois, farine de sous-produits de volaille, farine de porc, gras de volaille (conserv\u00e9 avec un m\u00e9lange de tocoph\u00e9rols),<\/p>\n","protected":false},"featured_media":66481,"comment_status":"closed","ping_status":"closed","template":"","meta":{"_acf_changed":false,"_themeisle_gutenberg_block_has_review":false},"product_brand":[],"product_cat":[1109,1110,1111],"product_tag":[2124],"class_list":{"0":"post-68838","1":"product","2":"type-product","3":"status-publish","4":"has-post-thumbnail","6":"product_cat-nourriture-et-produits-pour-chien","7":"product_cat-chien-nourriture","8":"product_cat-chien-nourriture-seche","9":"product_tag-advantage-fr-2","10":"pa_animal-dog-fr","11":"pa_format-16kg-fr","12":"has-subscription-plans","14":"first","15":"instock","16":"taxable","17":"shipping-taxable","18":"purchasable","19":"product-type-variable"},"acf":[],"_links":{"self":[{"href":"https:\/\/marketplace.petmobile.ca\/fr\/wp-json\/wp\/v2\/product\/68838","targetHints":{"allow":["GET"]}}],"collection":[{"href":"https:\/\/marketplace.petmobile.ca\/fr\/wp-json\/wp\/v2\/product"}],"about":[{"href":"https:\/\/marketplace.petmobile.ca\/fr\/wp-json\/wp\/v2\/types\/product"}],"replies":[{"embeddable":true,"href":"https:\/\/marketplace.petmobile.ca\/fr\/wp-json\/wp\/v2\/comments?post=68838"}],"wp:featuredmedia":[{"embeddable":true,"href":"https:\/\/marketplace.petmobile.ca\/fr\/wp-json\/wp\/v2\/media\/66481"}],"wp:attachment":[{"href":"https:\/\/marketplace.petmobile.ca\/fr\/wp-json\/wp\/v2\/media?parent=68838"}],"wp:term":[{"taxonomy":"product_brand","embeddable":true,"href":"https:\/\/marketplace.petmobile.ca\/fr\/wp-json\/wp\/v2\/product_brand?post=68838"},{"taxonomy":"product_cat","embeddable":true,"href":"https:\/\/marketplace.petmobile.ca\/fr\/wp-json\/wp\/v2\/product_cat?post=68838"},{"taxonomy":"product_tag","embeddable":true,"href":"https:\/\/marketplace.petmobile.ca\/fr\/wp-json\/wp\/v2\/product_tag?post=68838"}],"curies":[{"name":"wp","href":"https:\/\/api.w.org\/{rel}","templated":true}]}}