{"id":68881,"date":"2019-12-14T16:45:25","date_gmt":"2019-12-14T21:50:23","guid":{"rendered":"https:\/\/marketplace.petmobile.ca\/product\/pronature-poulet-agneau-2\/"},"modified":"2022-09-09T19:40:09","modified_gmt":"2022-09-10T00:40:09","slug":"pronature-poulet-agneau-2","status":"publish","type":"product","link":"https:\/\/marketplace.petmobile.ca\/fr\/produit\/pronature-poulet-agneau-2\/","title":{"rendered":"Pronature Poulet &#038; Agneau"},"content":{"rendered":"<p>INGR\u00c9DIENTS :<\/p>\n<p>Farine de poulet, ma\u00efs, avoine, orge perl\u00e9, gras de poulet conserv\u00e9 naturellement avec un m\u00e9lange de tocoph\u00e9rols, pulpes de betteraves s\u00e9ch\u00e9es, agneau deshydrat\u00e9, saveur naturelle, l\u00e9cithine, fibre de pois, chlorure de choline, sel, graines de lin enti\u00e8res, bisulfate de sodium, chlorure de potassium, propionate de calcium (comme agent de conservation), DL-m\u00e9thionine, taurine, sulfate ferreux, ac\u00e9tate d\u2019alphatocoph\u00e9rol (une source de vitamine E), oxyde de zinc, extrait de Yucca schidigera, acide nicotinique, canneberges s\u00e9ch\u00e9es, extrait de romarin, oxyde manganeux, pantoth\u00e9nate de d-calcium, mononitrate de thiamine, riboflavine, chlorhydrate de pyridoxine, suppl\u00e9ment de vitamine A, chol\u00e9calcif\u00e9rol (une source de vitamine D3), biotine, s\u00e9l\u00e9nite de sodium, suppl\u00e9ment de vitamine B12, iodate de calcium, acide folique.<\/p>\n<p>ANALYSES GARANTIES :<\/p>\n<p>Prot\u00e9ines brutes 27 % minimum<br \/>\nmati\u00e8res grasses brutes 12 % minimum<br \/>\nfibres brutes 4 % maximum<br \/>\nhumidit\u00e9 10 % maximum<br \/>\ncendres 8 % maximum<br \/>\ncalcium 1,25 % minimum<br \/>\nphosphore 0,95 % minimum<br \/>\nsodium 0,28 % minimum<br \/>\nmagn\u00e9sium 0,12 % maximum<br \/>\nvitamine A 15 000 UI\/kg minimum<br \/>\nvitamine D3 1400 UI\/kg minimum<br \/>\nvitamine E 65 UI\/kg minimum<\/p>\n","protected":false},"excerpt":{"rendered":"<p>INGR\u00c9DIENTS : Farine de poulet, ma\u00efs, avoine, orge perl\u00e9, gras de poulet conserv\u00e9 naturellement avec un m\u00e9lange de tocoph\u00e9rols, pulpes<\/p>\n","protected":false},"featured_media":66568,"comment_status":"closed","ping_status":"closed","template":"","meta":{"_acf_changed":false,"_themeisle_gutenberg_block_has_review":false},"product_brand":[],"product_cat":[1092,1093,1094],"product_tag":[2115],"class_list":{"0":"post-68881","1":"product","2":"type-product","3":"status-publish","4":"has-post-thumbnail","6":"product_cat-produits-pour-chat","7":"product_cat-chat-nourriture","8":"product_cat-chat-nourriture-seche","9":"product_tag-pronature-fr-2","10":"pa_animal-cat-fr","11":"pa_format-2-27kg","12":"pa_format-5kg","13":"pa_marque-pronature-fr","14":"has-subscription-plans","16":"first","17":"instock","18":"taxable","19":"shipping-taxable","20":"purchasable","21":"product-type-variable"},"acf":[],"_links":{"self":[{"href":"https:\/\/marketplace.petmobile.ca\/fr\/wp-json\/wp\/v2\/product\/68881","targetHints":{"allow":["GET"]}}],"collection":[{"href":"https:\/\/marketplace.petmobile.ca\/fr\/wp-json\/wp\/v2\/product"}],"about":[{"href":"https:\/\/marketplace.petmobile.ca\/fr\/wp-json\/wp\/v2\/types\/product"}],"replies":[{"embeddable":true,"href":"https:\/\/marketplace.petmobile.ca\/fr\/wp-json\/wp\/v2\/comments?post=68881"}],"wp:featuredmedia":[{"embeddable":true,"href":"https:\/\/marketplace.petmobile.ca\/fr\/wp-json\/wp\/v2\/media\/66568"}],"wp:attachment":[{"href":"https:\/\/marketplace.petmobile.ca\/fr\/wp-json\/wp\/v2\/media?parent=68881"}],"wp:term":[{"taxonomy":"product_brand","embeddable":true,"href":"https:\/\/marketplace.petmobile.ca\/fr\/wp-json\/wp\/v2\/product_brand?post=68881"},{"taxonomy":"product_cat","embeddable":true,"href":"https:\/\/marketplace.petmobile.ca\/fr\/wp-json\/wp\/v2\/product_cat?post=68881"},{"taxonomy":"product_tag","embeddable":true,"href":"https:\/\/marketplace.petmobile.ca\/fr\/wp-json\/wp\/v2\/product_tag?post=68881"}],"curies":[{"name":"wp","href":"https:\/\/api.w.org\/{rel}","templated":true}]}}