{"id":68891,"date":"2019-12-17T19:49:37","date_gmt":"2019-12-18T00:51:55","guid":{"rendered":"https:\/\/marketplace.petmobile.ca\/product\/pronature-poulet-et-avoine-grande-race\/"},"modified":"2025-05-29T10:23:55","modified_gmt":"2025-05-29T15:23:55","slug":"pronature-poulet-et-avoine-grande-race","status":"publish","type":"product","link":"https:\/\/marketplace.petmobile.ca\/fr\/produit\/pronature-poulet-et-avoine-grande-race\/","title":{"rendered":"Pronature Original <br> Recette Poulet &#8211; Grandes Races"},"content":{"rendered":"<p>INGR\u00c9DIENTS :<\/p>\n<p>Farine de poulet (une source de sulfate de chondro\u00eftine), ma\u00efs, avoine, gras de poulet conserv\u00e9 naturellement avec un m\u00e9lange de tocoph\u00e9rols, orge enti\u00e8re, pulpes de betteraves s\u00e9ch\u00e9es, saveur naturelle, carbonate de calcium, sel, phosphate monocalcique, graines de lin enti\u00e8res, chlorure de choline, propionate de calcium (comme agent de conservation), sulfate ferreux, ac\u00e9tate d\u2019alpha-tocoph\u00e9rol (une source de vitamine E), sulfate de glucosamine, oxyde de zinc, extrait de Yucca schidigera, extrait de romarin, oxyde manganeux, acide nicotinique, pantoth\u00e9nate de d-calcium, suppl\u00e9ment de vitamine A, chol\u00e9calcif\u00e9rol (une source de vitamine D3), mononitrate de thiamine, biotine, s\u00e9l\u00e9nite de sodium, riboflavine, chlorhydrate de pyridoxine, suppl\u00e9ment de vitamine B12, iodate de calcium, acide folique.<\/p>\n<p>ANALYSES GARANTIES :<\/p>\n<p>Prot\u00e9ines brutes 23 % minimum<br \/>\nmati\u00e8res grasses brutes 13 % minimum<br \/>\nfibres brutes 5 % maximum<br \/>\nhumidit\u00e9 10 % maximum<br \/>\ncendres 8 % maximum<br \/>\ncalcium 1,15 % minimum<br \/>\nphosphore 0,85 % minimum<br \/>\nsodium 0,25 % minimum<br \/>\nvitamine A 12 500 UI\/kg minimum<br \/>\nvitamine D3 1150 UI\/kg minimum<br \/>\nvitamine E 80 UI\/kg minimum<br \/>\nsulfate de glucosamine 110 mg\/kg minimum<br \/>\nsulfate de chondro\u00eftine 250 mg\/kg minimum<\/p>\n","protected":false},"excerpt":{"rendered":"<p>INGR\u00c9DIENTS : Farine de poulet (une source de sulfate de chondro\u00eftine), ma\u00efs, avoine, gras de poulet conserv\u00e9 naturellement avec un<\/p>\n","protected":false},"featured_media":88946,"comment_status":"closed","ping_status":"closed","template":"","meta":{"_acf_changed":false,"_themeisle_gutenberg_block_has_review":false},"product_brand":[],"product_cat":[1109,1110,1111],"product_tag":[2115],"class_list":{"0":"post-68891","1":"product","2":"type-product","3":"status-publish","4":"has-post-thumbnail","6":"product_cat-nourriture-et-produits-pour-chien","7":"product_cat-chien-nourriture","8":"product_cat-chien-nourriture-seche","9":"product_tag-pronature-fr-2","10":"pa_animal-dog-fr","11":"pa_format-15kg-fr","12":"pa_marque-pronature-fr","13":"has-subscription-plans","15":"first","16":"instock","17":"taxable","18":"shipping-taxable","19":"purchasable","20":"product-type-simple"},"acf":[],"_links":{"self":[{"href":"https:\/\/marketplace.petmobile.ca\/fr\/wp-json\/wp\/v2\/product\/68891","targetHints":{"allow":["GET"]}}],"collection":[{"href":"https:\/\/marketplace.petmobile.ca\/fr\/wp-json\/wp\/v2\/product"}],"about":[{"href":"https:\/\/marketplace.petmobile.ca\/fr\/wp-json\/wp\/v2\/types\/product"}],"replies":[{"embeddable":true,"href":"https:\/\/marketplace.petmobile.ca\/fr\/wp-json\/wp\/v2\/comments?post=68891"}],"wp:featuredmedia":[{"embeddable":true,"href":"https:\/\/marketplace.petmobile.ca\/fr\/wp-json\/wp\/v2\/media\/88946"}],"wp:attachment":[{"href":"https:\/\/marketplace.petmobile.ca\/fr\/wp-json\/wp\/v2\/media?parent=68891"}],"wp:term":[{"taxonomy":"product_brand","embeddable":true,"href":"https:\/\/marketplace.petmobile.ca\/fr\/wp-json\/wp\/v2\/product_brand?post=68891"},{"taxonomy":"product_cat","embeddable":true,"href":"https:\/\/marketplace.petmobile.ca\/fr\/wp-json\/wp\/v2\/product_cat?post=68891"},{"taxonomy":"product_tag","embeddable":true,"href":"https:\/\/marketplace.petmobile.ca\/fr\/wp-json\/wp\/v2\/product_tag?post=68891"}],"curies":[{"name":"wp","href":"https:\/\/api.w.org\/{rel}","templated":true}]}}