{"id":68925,"date":"2020-04-22T14:30:22","date_gmt":"2020-04-22T19:30:22","guid":{"rendered":"https:\/\/marketplace.petmobile.ca\/product\/zanimo-chute-de-poils-vitamines-2\/"},"modified":"2026-02-12T13:58:50","modified_gmt":"2026-02-12T18:58:50","slug":"zanimo-chute-de-poils-vitamines-2","status":"publish","type":"product","link":"https:\/\/marketplace.petmobile.ca\/fr\/produit\/zanimo-chute-de-poils-vitamines-2\/","title":{"rendered":"ZANIMO chute de poils vitamines Chien\/Chat"},"content":{"rendered":"<p>vitalit\u00e9, immunit\u00e9 &amp; chute de poils<\/p>\n<div class=\"elementor elementor-52030201\" data-elementor-type=\"post\" data-elementor-id=\"52030201\" data-elementor-settings=\"[]\">\n<div class=\"elementor-inner\">\n<div class=\"elementor-section-wrap\">\n<section class=\"elementor-element elementor-element-4aa876c1 elementor-section-full_width elementor-section-height-default elementor-section-height-default elementor-section elementor-top-section\" data-id=\"4aa876c1\" data-element_type=\"section\">\n<div class=\"elementor-container elementor-column-gap-default\">\n<div class=\"elementor-row\">\n<div class=\"elementor-element elementor-element-6c1830ab elementor-column elementor-col-100 elementor-top-column\" data-id=\"6c1830ab\" data-element_type=\"column\">\n<div class=\"elementor-column-wrap  elementor-element-populated\">\n<div class=\"elementor-widget-wrap\">\n<div class=\"elementor-element elementor-element-77184da3 elementor-widget elementor-widget-text-editor\" data-id=\"77184da3\" data-element_type=\"widget\" data-widget_type=\"text-editor.default\">\n<div class=\"elementor-widget-container\">\n<div class=\"elementor-text-editor elementor-clearfix\">\n<p>Chute de poil est un suppl\u00e9ment alimentaire qui aide \u00e0 diminuer jusqu\u2019\u00e0 80% la chute de poils abondante. Il donne un effet revitalisant au poil sec, m\u00eal\u00e9 ou statique et laisse un pelage hyper doux et brillant de sant\u00e9. Les pr\u00e9biotiques favorisent l\u2019\u00e9quilibre d\u2019une microflore intestinale saine. Cette formule contribue \u00e0 la sant\u00e9 du syst\u00e8me immunitaire, accro\u00eet l\u2019\u00e9nergie et stimule la vitalit\u00e9 chez les animaux seniors. Conseill\u00e9 chez les chiots et chatons, Chute de poils favorise leur croissance et aide \u00e0 combler les d\u00e9ficiences alimentaires.<\/p>\n<p>Il est con\u00e7u \u00e0 partir d\u2019ingr\u00e9dients d\u2019origine naturelle tels que : le foie de veau et des pr\u00e9biotiques provenant de la chicor\u00e9e.<\/p>\n<p>Le foie de veau est une source majeure de vitamines et de sels min\u00e9raux essentiels. Il est riche en vitamine A mais aussi en vitamines B1, B2, B5 (acide pantoth\u00e9nique), B9 (acide folique), B12, C, en fer, zinc, phosphore et potassium. Chaque comprim\u00e9 contient 500 mg de foie de veau d\u00e9shydrat\u00e9.<\/p>\n<p>Il convient \u00e0 toutes les races de chiens et de chats, \u00e0 partir de 2 mois d\u2019\u00e2ge.<\/p>\n<p><strong>Mode d\u2019emploi :<\/strong>\u00a0v\u00e9rifier le nombre de comprim\u00e9s \u00e0 donner selon le poids de l\u2019animal. Offrir comme g\u00e2terie ou \u00e9mietter et m\u00e9langer sur la nourriture s\u00e8che, en conserve ou crue pour plus de facilit\u00e9.<\/p>\n<\/div>\n<\/div>\n<\/div>\n<\/div>\n<\/div>\n<\/div>\n<\/div>\n<\/div>\n<\/section>\n<section class=\"elementor-element elementor-element-2bdd90ad elementor-section-full_width elementor-section-height-default elementor-section-height-default elementor-section elementor-top-section\" data-id=\"2bdd90ad\" data-element_type=\"section\">\n<div class=\"elementor-container elementor-column-gap-default\">\n<div class=\"elementor-row\">\n<div class=\"elementor-element elementor-element-43b730f9 elementor-column elementor-col-100 elementor-top-column\" data-id=\"43b730f9\" data-element_type=\"column\">\n<div class=\"elementor-column-wrap  elementor-element-populated\">\n<div class=\"elementor-widget-wrap\">\n<div class=\"elementor-element elementor-element-6a8893a5 elementor-widget elementor-widget-text-editor\" data-id=\"6a8893a5\" data-element_type=\"widget\" data-widget_type=\"text-editor.default\">\n<div class=\"elementor-widget-container\">\n<div class=\"elementor-text-editor elementor-clearfix\">\n<table border=\"1\" cellspacing=\"0\" cellpadding=\"0\">\n<thead>\n<tr>\n<th width=\"288\">\n<p align=\"center\"><strong><br \/>\nPR\u00c9VENTIF<\/strong><\/p>\n<\/th>\n<th width=\"288\">\n<p align=\"center\"><strong><br \/>\nINTENSIF<\/strong><\/p>\n<\/th>\n<\/tr>\n<\/thead>\n<caption><strong>PROGRAMME QUOTIDIEN POUR CHIEN ET CHAT<\/strong><\/caption>\n<tbody>\n<tr>\n<td width=\"288\">\n<p align=\"center\">Donner 1 fois par jour, 4 fois par semaine durant 3 mois ou selon le besoin.<\/p>\n<\/td>\n<td width=\"288\">\n<p align=\"center\">\nDonner 1 fois par jour, durant 1 mois<br \/>\nselon le besoin de votre animal.<\/p>\n<\/td>\n<\/tr>\n<\/tbody>\n<\/table>\n<p>&nbsp;<\/p>\n<table border=\"1\" cellspacing=\"0\" cellpadding=\"0\">\n<thead>\n<tr>\n<td width=\"115\">\n<p align=\"center\">1 \u00e0 22 lb<br \/>\n1 \u00e0 10 kg<\/p>\n<\/td>\n<td valign=\"top\" width=\"115\">\n<p align=\"center\">23 \u00e0 40 lb<br \/>\n11 \u00e0 18 kg<\/p>\n<\/td>\n<td valign=\"top\" width=\"115\">\n<p align=\"center\">41 \u00e0 60 lb<br \/>\n19 \u00e0 27 kg<\/p>\n<\/td>\n<td valign=\"top\" width=\"115\">\n<p align=\"center\">61 \u00e0 80 lb<br \/>\n28 \u00e0 36 kg<\/p>\n<\/td>\n<td valign=\"top\" width=\"115\">\n<p align=\"center\">81 \u00e0 99 lb<br \/>\n37 \u00e0 45 kg<\/p>\n<\/td>\n<td valign=\"top\" width=\"115\">\n<p align=\"center\">+ de 100 lb<br \/>\n+ de 45 kg<\/p>\n<\/td>\n<\/tr>\n<\/thead>\n<caption><strong>QUANTIT\u00c9S SELON LE POIDS<\/strong><\/caption>\n<tbody>\n<tr>\n<td width=\"115\">\n<p align=\"center\">1 comprim\u00e9<\/p>\n<\/td>\n<td valign=\"top\" width=\"115\">\n<p align=\"center\">2 comprim\u00e9s<\/p>\n<\/td>\n<td valign=\"top\" width=\"115\">\n<p align=\"center\">3 comprim\u00e9s<\/p>\n<\/td>\n<td valign=\"top\" width=\"115\">\n<p align=\"center\">4 comprim\u00e9s<\/p>\n<\/td>\n<td valign=\"top\" width=\"115\">\n<p align=\"center\">5 comprim\u00e9s<\/p>\n<\/td>\n<td valign=\"top\" width=\"115\">\n<p align=\"center\">6 comprim\u00e9s<\/p>\n<\/td>\n<\/tr>\n<\/tbody>\n<\/table>\n<p>&nbsp;<\/p>\n<\/div>\n<\/div>\n<\/div>\n<\/div>\n<\/div>\n<\/div>\n<\/div>\n<\/div>\n<\/section>\n<section class=\"elementor-element elementor-element-64b8ec52 elementor-section-full_width elementor-section-height-default elementor-section-height-default elementor-section elementor-top-section\" data-id=\"64b8ec52\" data-element_type=\"section\">\n<div class=\"elementor-container elementor-column-gap-default\">\n<div class=\"elementor-row\">\n<div class=\"elementor-element elementor-element-208cde04 elementor-column elementor-col-100 elementor-top-column\" data-id=\"208cde04\" data-element_type=\"column\">\n<div class=\"elementor-column-wrap  elementor-element-populated\">\n<div class=\"elementor-widget-wrap\">\n<div class=\"elementor-element elementor-element-148555cf elementor-widget elementor-widget-text-editor\" data-id=\"148555cf\" data-element_type=\"widget\" data-widget_type=\"text-editor.default\">\n<div class=\"elementor-widget-container\">\n<div class=\"elementor-text-editor elementor-clearfix\">\n<p><strong>Mise en garde :<\/strong>\u00a0Ne pas donner aux femelles en gestation ou qui allaitent. Si des effets ind\u00e9sirables se manifestent, consultez votre v\u00e9t\u00e9rinaire. Tenir hors de la port\u00e9e des enfants.<\/p>\n<\/div>\n<\/div>\n<\/div>\n<\/div>\n<\/div>\n<\/div>\n<\/div>\n<\/div>\n<\/section>\n<\/div>\n<\/div>\n<\/div>\n","protected":false},"excerpt":{"rendered":"<p>vitalit\u00e9, immunit\u00e9 &amp; chute de poils Chute de poil est un suppl\u00e9ment alimentaire qui aide \u00e0 diminuer jusqu\u2019\u00e0 80% la<\/p>\n","protected":false},"featured_media":66773,"comment_status":"closed","ping_status":"closed","template":"","meta":{"_acf_changed":false,"_themeisle_gutenberg_block_has_review":false},"product_brand":[],"product_cat":[1092,1109,2290,2313,2295,1780],"product_tag":[2134],"class_list":{"0":"post-68925","1":"product","2":"type-product","3":"status-publish","4":"has-post-thumbnail","6":"product_cat-produits-pour-chat","7":"product_cat-nourriture-et-produits-pour-chien","8":"product_cat-chien-soins","9":"product_cat-soins-chat","10":"product_cat-chien-soins-supplements","11":"product_cat-traitement-chat","12":"product_tag-zanimo","13":"pa_animal-dog-fr","14":"pa_format-120-comp","15":"pa_format-240-comp","16":"pa_format-40-comp","17":"has-subscription-plans","19":"first","20":"instock","21":"taxable","22":"shipping-taxable","23":"purchasable","24":"product-type-variable"},"acf":[],"_links":{"self":[{"href":"https:\/\/marketplace.petmobile.ca\/fr\/wp-json\/wp\/v2\/product\/68925","targetHints":{"allow":["GET"]}}],"collection":[{"href":"https:\/\/marketplace.petmobile.ca\/fr\/wp-json\/wp\/v2\/product"}],"about":[{"href":"https:\/\/marketplace.petmobile.ca\/fr\/wp-json\/wp\/v2\/types\/product"}],"replies":[{"embeddable":true,"href":"https:\/\/marketplace.petmobile.ca\/fr\/wp-json\/wp\/v2\/comments?post=68925"}],"wp:featuredmedia":[{"embeddable":true,"href":"https:\/\/marketplace.petmobile.ca\/fr\/wp-json\/wp\/v2\/media\/66773"}],"wp:attachment":[{"href":"https:\/\/marketplace.petmobile.ca\/fr\/wp-json\/wp\/v2\/media?parent=68925"}],"wp:term":[{"taxonomy":"product_brand","embeddable":true,"href":"https:\/\/marketplace.petmobile.ca\/fr\/wp-json\/wp\/v2\/product_brand?post=68925"},{"taxonomy":"product_cat","embeddable":true,"href":"https:\/\/marketplace.petmobile.ca\/fr\/wp-json\/wp\/v2\/product_cat?post=68925"},{"taxonomy":"product_tag","embeddable":true,"href":"https:\/\/marketplace.petmobile.ca\/fr\/wp-json\/wp\/v2\/product_tag?post=68925"}],"curies":[{"name":"wp","href":"https:\/\/api.w.org\/{rel}","templated":true}]}}