{"id":68958,"date":"2020-03-18T18:27:01","date_gmt":"2020-03-18T23:24:16","guid":{"rendered":"https:\/\/marketplace.petmobile.ca\/product\/citrobug-chasse-insectes-125-ml\/"},"modified":"2022-11-03T10:12:28","modified_gmt":"2022-11-03T15:12:28","slug":"citrobug-chasse-insectes-125-ml","status":"publish","type":"product","link":"https:\/\/marketplace.petmobile.ca\/fr\/produit\/citrobug-chasse-insectes-125-ml\/","title":{"rendered":"Citrobug chasse insectes 125 mL"},"content":{"rendered":"<p>Ce produit qu\u00e9b\u00e9cois est 100% naturel. Son parfum estival aux accents d&rsquo;agrumes est de loin l&rsquo;alternative naturelle la plus efficace pour repousser les insectes. Sa formule contient des huiles essentielles de citronnelle, de citron, de camphre, d&rsquo;eucalyptus, de g\u00e9ranium et de pin. Non-toxique et \u00e9cologique, ce produit est hypoallerg\u00e9nique et sans danger pour chiens et cheveaux.<\/p>\n","protected":false},"excerpt":{"rendered":"<p>Ce produit qu\u00e9b\u00e9cois est 100% naturel. Son parfum estival aux accents d&rsquo;agrumes est de loin l&rsquo;alternative naturelle la plus efficace<\/p>\n","protected":false},"featured_media":66679,"comment_status":"closed","ping_status":"closed","template":"","meta":{"_acf_changed":false,"_themeisle_gutenberg_block_has_review":false},"product_brand":[],"product_cat":[1109,2290,2858],"product_tag":[],"class_list":{"0":"post-68958","1":"product","2":"type-product","3":"status-publish","4":"has-post-thumbnail","6":"product_cat-nourriture-et-produits-pour-chien","7":"product_cat-chien-soins","8":"product_cat-traitement","9":"pa_animal-dog-fr","10":"has-subscription-plans","12":"first","13":"instock","14":"taxable","15":"shipping-taxable","16":"purchasable","17":"product-type-simple"},"acf":[],"_links":{"self":[{"href":"https:\/\/marketplace.petmobile.ca\/fr\/wp-json\/wp\/v2\/product\/68958","targetHints":{"allow":["GET"]}}],"collection":[{"href":"https:\/\/marketplace.petmobile.ca\/fr\/wp-json\/wp\/v2\/product"}],"about":[{"href":"https:\/\/marketplace.petmobile.ca\/fr\/wp-json\/wp\/v2\/types\/product"}],"replies":[{"embeddable":true,"href":"https:\/\/marketplace.petmobile.ca\/fr\/wp-json\/wp\/v2\/comments?post=68958"}],"wp:featuredmedia":[{"embeddable":true,"href":"https:\/\/marketplace.petmobile.ca\/fr\/wp-json\/wp\/v2\/media\/66679"}],"wp:attachment":[{"href":"https:\/\/marketplace.petmobile.ca\/fr\/wp-json\/wp\/v2\/media?parent=68958"}],"wp:term":[{"taxonomy":"product_brand","embeddable":true,"href":"https:\/\/marketplace.petmobile.ca\/fr\/wp-json\/wp\/v2\/product_brand?post=68958"},{"taxonomy":"product_cat","embeddable":true,"href":"https:\/\/marketplace.petmobile.ca\/fr\/wp-json\/wp\/v2\/product_cat?post=68958"},{"taxonomy":"product_tag","embeddable":true,"href":"https:\/\/marketplace.petmobile.ca\/fr\/wp-json\/wp\/v2\/product_tag?post=68958"}],"curies":[{"name":"wp","href":"https:\/\/api.w.org\/{rel}","templated":true}]}}