{"id":68963,"date":"2020-03-18T18:32:27","date_gmt":"2020-03-18T23:30:32","guid":{"rendered":"https:\/\/marketplace.petmobile.ca\/product\/filtre-a-carbone\/"},"modified":"2022-11-03T10:13:19","modified_gmt":"2022-11-03T15:13:19","slug":"filtre-a-carbone","status":"publish","type":"product","link":"https:\/\/marketplace.petmobile.ca\/fr\/produit\/filtre-a-carbone\/","title":{"rendered":"Filtre \u00e0 carbone"},"content":{"rendered":"<p>Ce filtre absorbe les odeurs d\u00e9sagr\u00e9ables de la liti\u00e8re efficacement.<\/p>\n","protected":false},"excerpt":{"rendered":"<p>Ce filtre absorbe les odeurs d\u00e9sagr\u00e9ables de la liti\u00e8re efficacement.<\/p>\n","protected":false},"featured_media":66686,"comment_status":"closed","ping_status":"closed","template":"","meta":{"_acf_changed":false,"_themeisle_gutenberg_block_has_review":false},"product_brand":[],"product_cat":[1107,1092,1098],"product_tag":[],"class_list":{"0":"post-68963","1":"product","2":"type-product","3":"status-publish","4":"has-post-thumbnail","6":"product_cat-chat-proprete-accessoires-et-nettoyants","7":"product_cat-produits-pour-chat","8":"product_cat-chat-proprete","9":"pa_animal-cat-fr","10":"has-subscription-plans","12":"first","13":"instock","14":"taxable","15":"shipping-taxable","16":"purchasable","17":"product-type-simple"},"acf":[],"_links":{"self":[{"href":"https:\/\/marketplace.petmobile.ca\/fr\/wp-json\/wp\/v2\/product\/68963","targetHints":{"allow":["GET"]}}],"collection":[{"href":"https:\/\/marketplace.petmobile.ca\/fr\/wp-json\/wp\/v2\/product"}],"about":[{"href":"https:\/\/marketplace.petmobile.ca\/fr\/wp-json\/wp\/v2\/types\/product"}],"replies":[{"embeddable":true,"href":"https:\/\/marketplace.petmobile.ca\/fr\/wp-json\/wp\/v2\/comments?post=68963"}],"wp:featuredmedia":[{"embeddable":true,"href":"https:\/\/marketplace.petmobile.ca\/fr\/wp-json\/wp\/v2\/media\/66686"}],"wp:attachment":[{"href":"https:\/\/marketplace.petmobile.ca\/fr\/wp-json\/wp\/v2\/media?parent=68963"}],"wp:term":[{"taxonomy":"product_brand","embeddable":true,"href":"https:\/\/marketplace.petmobile.ca\/fr\/wp-json\/wp\/v2\/product_brand?post=68963"},{"taxonomy":"product_cat","embeddable":true,"href":"https:\/\/marketplace.petmobile.ca\/fr\/wp-json\/wp\/v2\/product_cat?post=68963"},{"taxonomy":"product_tag","embeddable":true,"href":"https:\/\/marketplace.petmobile.ca\/fr\/wp-json\/wp\/v2\/product_tag?post=68963"}],"curies":[{"name":"wp","href":"https:\/\/api.w.org\/{rel}","templated":true}]}}