{"id":68995,"date":"2020-04-08T20:30:26","date_gmt":"2020-04-09T01:27:48","guid":{"rendered":"https:\/\/marketplace.petmobile.ca\/product\/sporn-harnais-facile-dajoutement-bleu\/"},"modified":"2023-10-06T15:54:52","modified_gmt":"2023-10-06T20:54:52","slug":"sporn-harnais-facile-dajoutement-bleu","status":"publish","type":"product","link":"https:\/\/marketplace.petmobile.ca\/fr\/produit\/sporn-harnais-facile-dajoutement-bleu\/","title":{"rendered":"SPORN harnais facile d&rsquo;ajustement bleu"},"content":{"rendered":"<p>Petit 10-25 lbs<br \/>\nP\u00e9rim\u00e8tre 46-58 cm<\/p>\n<p>M\u00e9dium 25-50 lbs<br \/>\nP\u00e9rim\u00e8tre 49-66 cm<\/p>\n<p>Grand 50-75 lbs<br \/>\nP\u00e9rim\u00e8tre 61-91 cm<\/p>\n<p>Tr\u00e8s grand 75-125 lbs<br \/>\nP\u00e9rim\u00e8tre 77-104 cm<\/p>\n<p>&nbsp;<\/p>\n","protected":false},"excerpt":{"rendered":"<p>Petit 10-25 lbs P\u00e9rim\u00e8tre 46-58 cm M\u00e9dium 25-50 lbs P\u00e9rim\u00e8tre 49-66 cm Grand 50-75 lbs P\u00e9rim\u00e8tre 61-91 cm Tr\u00e8s grand<\/p>\n","protected":false},"featured_media":63771,"comment_status":"closed","ping_status":"closed","template":"","meta":{"_acf_changed":false,"_themeisle_gutenberg_block_has_review":false},"product_brand":[],"product_cat":[1117,1109,1118],"product_tag":[2211],"class_list":{"0":"post-68995","1":"product","2":"type-product","3":"status-publish","4":"has-post-thumbnail","6":"product_cat-chien-accessoires","7":"product_cat-nourriture-et-produits-pour-chien","8":"product_cat-chien-accessoires-laisse-collier-harnais","9":"product_tag-sporn","10":"pa_animal-dog-fr","11":"pa_format-grand","12":"pa_format-moyen-fr","13":"pa_format-petit-fr","14":"pa_marque-sporn","15":"has-subscription-plans","17":"first","18":"instock","19":"taxable","20":"shipping-taxable","21":"purchasable","22":"product-type-variable"},"acf":[],"_links":{"self":[{"href":"https:\/\/marketplace.petmobile.ca\/fr\/wp-json\/wp\/v2\/product\/68995","targetHints":{"allow":["GET"]}}],"collection":[{"href":"https:\/\/marketplace.petmobile.ca\/fr\/wp-json\/wp\/v2\/product"}],"about":[{"href":"https:\/\/marketplace.petmobile.ca\/fr\/wp-json\/wp\/v2\/types\/product"}],"replies":[{"embeddable":true,"href":"https:\/\/marketplace.petmobile.ca\/fr\/wp-json\/wp\/v2\/comments?post=68995"}],"wp:featuredmedia":[{"embeddable":true,"href":"https:\/\/marketplace.petmobile.ca\/fr\/wp-json\/wp\/v2\/media\/63771"}],"wp:attachment":[{"href":"https:\/\/marketplace.petmobile.ca\/fr\/wp-json\/wp\/v2\/media?parent=68995"}],"wp:term":[{"taxonomy":"product_brand","embeddable":true,"href":"https:\/\/marketplace.petmobile.ca\/fr\/wp-json\/wp\/v2\/product_brand?post=68995"},{"taxonomy":"product_cat","embeddable":true,"href":"https:\/\/marketplace.petmobile.ca\/fr\/wp-json\/wp\/v2\/product_cat?post=68995"},{"taxonomy":"product_tag","embeddable":true,"href":"https:\/\/marketplace.petmobile.ca\/fr\/wp-json\/wp\/v2\/product_tag?post=68995"}],"curies":[{"name":"wp","href":"https:\/\/api.w.org\/{rel}","templated":true}]}}