{"id":69078,"date":"2020-04-30T19:04:08","date_gmt":"2020-05-01T00:04:08","guid":{"rendered":"https:\/\/marketplace.petmobile.ca\/product\/pig-ear\/"},"modified":"2025-03-13T13:19:57","modified_gmt":"2025-03-13T18:19:57","slug":"pig-ear","status":"publish","type":"product","link":"https:\/\/marketplace.petmobile.ca\/fr\/produit\/pig-ear\/","title":{"rendered":"Bellerive <br> Oreilles de porc"},"content":{"rendered":"<ul>\n<li>Am\u00e9liore la sant\u00e9 buccale en permettant l\u2019usure des plaques dentaires<\/li>\n<li>Se dig\u00e8re facilement<\/li>\n<li>L\u00e9g\u00e8rement r\u00f4ti pour une saveur savoureuse et une texture moelleuse<\/li>\n<li>Produit du Qu\u00e9bec<\/li>\n<\/ul>\n<p>10 par paquet.<\/p>\n","protected":false},"excerpt":{"rendered":"<p>Am\u00e9liore la sant\u00e9 buccale en permettant l\u2019usure des plaques dentaires Se dig\u00e8re facilement L\u00e9g\u00e8rement r\u00f4ti pour une saveur savoureuse et<\/p>\n","protected":false},"featured_media":66802,"comment_status":"closed","ping_status":"closed","template":"","meta":{"_acf_changed":false,"_themeisle_gutenberg_block_has_review":false},"product_brand":[],"product_cat":[1109,1115,1114],"product_tag":[2258],"class_list":{"0":"post-69078","1":"product","2":"type-product","3":"status-publish","4":"has-post-thumbnail","6":"product_cat-nourriture-et-produits-pour-chien","7":"product_cat-chien-gateries","8":"product_cat-chien-gateries-os-cuir-brut-parties-animales","9":"product_tag-produit-bellerive","10":"pa_animal-dog-fr","11":"pa_marque-produits-bellerive","12":"pa_type-de-produit-viande","13":"has-subscription-plans","15":"first","16":"instock","17":"taxable","18":"shipping-taxable","19":"purchasable","20":"product-type-simple"},"acf":[],"_links":{"self":[{"href":"https:\/\/marketplace.petmobile.ca\/fr\/wp-json\/wp\/v2\/product\/69078","targetHints":{"allow":["GET"]}}],"collection":[{"href":"https:\/\/marketplace.petmobile.ca\/fr\/wp-json\/wp\/v2\/product"}],"about":[{"href":"https:\/\/marketplace.petmobile.ca\/fr\/wp-json\/wp\/v2\/types\/product"}],"replies":[{"embeddable":true,"href":"https:\/\/marketplace.petmobile.ca\/fr\/wp-json\/wp\/v2\/comments?post=69078"}],"wp:featuredmedia":[{"embeddable":true,"href":"https:\/\/marketplace.petmobile.ca\/fr\/wp-json\/wp\/v2\/media\/66802"}],"wp:attachment":[{"href":"https:\/\/marketplace.petmobile.ca\/fr\/wp-json\/wp\/v2\/media?parent=69078"}],"wp:term":[{"taxonomy":"product_brand","embeddable":true,"href":"https:\/\/marketplace.petmobile.ca\/fr\/wp-json\/wp\/v2\/product_brand?post=69078"},{"taxonomy":"product_cat","embeddable":true,"href":"https:\/\/marketplace.petmobile.ca\/fr\/wp-json\/wp\/v2\/product_cat?post=69078"},{"taxonomy":"product_tag","embeddable":true,"href":"https:\/\/marketplace.petmobile.ca\/fr\/wp-json\/wp\/v2\/product_tag?post=69078"}],"curies":[{"name":"wp","href":"https:\/\/api.w.org\/{rel}","templated":true}]}}