{"id":69106,"date":"2020-06-06T16:36:28","date_gmt":"2020-06-06T21:40:12","guid":{"rendered":"https:\/\/marketplace.petmobile.ca\/product\/1st-choice-hypoallegene-sans-grains-formule-avec-canard-2\/"},"modified":"2022-12-11T15:11:03","modified_gmt":"2022-12-11T20:11:03","slug":"1st-choice-hypoallergenic-duck-no-grain","status":"publish","type":"product","link":"https:\/\/marketplace.petmobile.ca\/fr\/produit\/1st-choice-hypoallergenic-duck-no-grain\/","title":{"rendered":"1st Choice <br> Controle du Poids"},"content":{"rendered":"<p><strong>INGR\u00c9DIENTS: <\/strong><\/p>\n<p>Produits de pommes de terre s\u00e9ch\u00e9es, canard, farine de canard, pulpe de betterave s\u00e9ch\u00e9e, farine de poisson hydrolys\u00e9e, huile v\u00e9g\u00e9tale naturellement conserv\u00e9e avec un m\u00e9lange de tocoph\u00e9rols (une source de vitamine E), culture de levure, phosphate monocalcique, huile de hareng, hydrolysat de foie de poulet, graines de lin enti\u00e8res, l\u00e9cithine, sel, chlorure de potassium, propionate de calcium (comme conservateur), chlorure de choline, extrait de levure, acide ascorbique (vitamine C), taurine, extrait de chicor\u00e9e (une source d&rsquo;inuline), sulfate ferreux, sulfate de glucosamine, oxyde de zinc, ac\u00e9tate d&rsquo;alpha-tocoph\u00e9rol ( source de vitamine E), sulfate de chondro\u00eftine, extrait de yucca schidigera, prot\u00e9inate de fer, prot\u00e9inate de zinc, s\u00e9l\u00e9nite de sodium, mononitrate de thiamine, farine d&rsquo;algues s\u00e9ch\u00e9es, extrait de th\u00e9 vert, menthe verte s\u00e9ch\u00e9e, persil s\u00e9ch\u00e9, L-carnitine, extrait d&rsquo;huile de tournesol, L- cystine, sulfate de cuivre, iodate de calcium, chlorhydrate de pyridoxine, oxyde manganeux, prot\u00e9inate de mangan\u00e8se, extrait de gingembre, bleuets s\u00e9ch\u00e9s, brocoli s\u00e9ch\u00e9, chou-fleur, canneberges s\u00e9ch\u00e9es, pomme s\u00e9ch\u00e9e, quinoa, extrait de baies de gen\u00e9vrier, nic acide otinique, d-pantoth\u00e9nate de calcium, suppl\u00e9ment de vitamine A, prot\u00e9inate de cuivre, chol\u00e9calcif\u00e9rol (une source de vitamine D3), acide folique, riboflavine, biotine, suppl\u00e9ment de vitamine B12, carbonate de cobalt.<\/p>\n<p><strong>ANALYSES GARANTIES : <\/strong><\/p>\n<p>Crude protein 22% minimum,<br \/>\ncrude fat 12% minimum,<br \/>\ncrude fiber 3% maximum,<br \/>\nmoisture 10% maximum,<br \/>\nash 10% maximum,<br \/>\ncalcium 1% minimum,<br \/>\nphosphorus 0.7% minimum,<br \/>\nvitamin A 23 000 IU\/kg minimum,<br \/>\nvitamin D3 2000<\/p>\n","protected":false},"excerpt":{"rendered":"<p>INGR\u00c9DIENTS: Produits de pommes de terre s\u00e9ch\u00e9es, canard, farine de canard, pulpe de betterave s\u00e9ch\u00e9e, farine de poisson hydrolys\u00e9e, huile<\/p>\n","protected":false},"featured_media":63810,"comment_status":"closed","ping_status":"closed","template":"","meta":{"_acf_changed":false,"_themeisle_gutenberg_block_has_review":false},"product_brand":[],"product_cat":[1109,1110,1111],"product_tag":[2328],"class_list":{"0":"post-69106","1":"product","2":"type-product","3":"status-publish","4":"has-post-thumbnail","6":"product_cat-nourriture-et-produits-pour-chien","7":"product_cat-chien-nourriture","8":"product_cat-chien-nourriture-seche","9":"product_tag-1st-choice-fr","10":"pa_animal-dog-fr","11":"pa_format-10kg-fr","12":"pa_marque-1st-choice-fr","13":"has-subscription-plans","15":"first","16":"instock","17":"taxable","18":"shipping-taxable","19":"purchasable","20":"product-type-simple"},"acf":[],"_links":{"self":[{"href":"https:\/\/marketplace.petmobile.ca\/fr\/wp-json\/wp\/v2\/product\/69106","targetHints":{"allow":["GET"]}}],"collection":[{"href":"https:\/\/marketplace.petmobile.ca\/fr\/wp-json\/wp\/v2\/product"}],"about":[{"href":"https:\/\/marketplace.petmobile.ca\/fr\/wp-json\/wp\/v2\/types\/product"}],"replies":[{"embeddable":true,"href":"https:\/\/marketplace.petmobile.ca\/fr\/wp-json\/wp\/v2\/comments?post=69106"}],"wp:featuredmedia":[{"embeddable":true,"href":"https:\/\/marketplace.petmobile.ca\/fr\/wp-json\/wp\/v2\/media\/63810"}],"wp:attachment":[{"href":"https:\/\/marketplace.petmobile.ca\/fr\/wp-json\/wp\/v2\/media?parent=69106"}],"wp:term":[{"taxonomy":"product_brand","embeddable":true,"href":"https:\/\/marketplace.petmobile.ca\/fr\/wp-json\/wp\/v2\/product_brand?post=69106"},{"taxonomy":"product_cat","embeddable":true,"href":"https:\/\/marketplace.petmobile.ca\/fr\/wp-json\/wp\/v2\/product_cat?post=69106"},{"taxonomy":"product_tag","embeddable":true,"href":"https:\/\/marketplace.petmobile.ca\/fr\/wp-json\/wp\/v2\/product_tag?post=69106"}],"curies":[{"name":"wp","href":"https:\/\/api.w.org\/{rel}","templated":true}]}}