{"id":69114,"date":"2020-06-06T16:51:17","date_gmt":"2020-06-06T21:51:17","guid":{"rendered":"https:\/\/marketplace.petmobile.ca\/product\/pronature-life-infinity-recette-avec-saumon-desosse-2\/"},"modified":"2023-10-06T15:09:35","modified_gmt":"2023-10-06T20:09:35","slug":"pronature-life-infinity-recette-avec-saumon-desosse-2","status":"publish","type":"product","link":"https:\/\/marketplace.petmobile.ca\/fr\/produit\/pronature-life-infinity-recette-avec-saumon-desosse-2\/","title":{"rendered":"Pronature Life <br> Infinity &#8211; Recette avec Saumon d\u00e9soss\u00e9"},"content":{"rendered":"<p><strong>INGR\u00c9DIENTS<\/strong><\/p>\n<p>Farine de poulet, pois, avoine, gras de poulet conserv\u00e9 naturellement avec un m\u00e9lange de tocoph\u00e9rols, saumon d\u00e9soss\u00e9, pulpe de betteraves s\u00e9ch\u00e9e, orge d\u00e9cortiqu\u00e9e, luzerne s\u00e9ch\u00e9e, saveur naturelle, l\u00e9cithine, chlorure de choline, sel, bisulfate de sodium, DL-m\u00e9thionine, taurine, sulfate ferreux, canneberges s\u00e9ch\u00e9es, ac\u00e9tate d\u2019alpha-tocoph\u00e9rol (une source de vitamine E), oxyde de zinc, acide nicotinique, extrait de romarin, bleuets s\u00e9ch\u00e9s, extrait de baie de Geni\u00e8vre, varech s\u00e9ch\u00e9, curcuma, gingembre, poudre d\u2019olive, oxyde manganeux, prot\u00e9inate de zinc, pantoth\u00e9nate de d-calcium, mononitrate de thiamine, riboflavine, chlorhydrate de pyridoxine, suppl\u00e9ment de vitamine A, prot\u00e9inate de mangan\u00e8se, chol\u00e9calcif\u00e9rol (une source de vitamine D3), biotine, s\u00e9l\u00e9nite de sodium, prot\u00e9inate de cuivre, suppl\u00e9ment de vitamine B12, iodate de calcium, acide folique.<\/p>\n<p><strong>ANALYSES GARANTIES<\/strong><\/p>\n<p>Prot\u00e9ines brutes 28 % minimum,<br \/>\nmati\u00e8res grasses brutes 18 % minimum,<br \/>\nfibres brutes 5 % maximum,<br \/>\nhumidit\u00e9 10 % maximum,<br \/>\ncendres 8 % maximum,<br \/>\ncalcium 1,2 % minimum,<br \/>\nphosphore 0,9 % minimum,<br \/>\nsodium 0,28 % minimum,<br \/>\nmagn\u00e9sium 0,12 % maximum,<br \/>\nvitamine A 18 000 UI\/kg minimum,<br \/>\nvitamine D3 1700 UI\/kg minimum,<br \/>\nvitamine E 75 UI\/kg minimum.<\/p>\n","protected":false},"excerpt":{"rendered":"<p>INGR\u00c9DIENTS Farine de poulet, pois, avoine, gras de poulet conserv\u00e9 naturellement avec un m\u00e9lange de tocoph\u00e9rols, saumon d\u00e9soss\u00e9, pulpe de<\/p>\n","protected":false},"featured_media":66841,"comment_status":"closed","ping_status":"closed","template":"","meta":{"_acf_changed":false,"_themeisle_gutenberg_block_has_review":false},"product_brand":[],"product_cat":[1092,1093,1094],"product_tag":[2115],"class_list":{"0":"post-69114","1":"product","2":"type-product","3":"status-publish","4":"has-post-thumbnail","6":"product_cat-produits-pour-chat","7":"product_cat-chat-nourriture","8":"product_cat-chat-nourriture-seche","9":"product_tag-pronature-fr-2","10":"pa_animal-cat-fr","11":"pa_format-2-27kg","12":"pa_format-5kg","13":"pa_marque-pronature-fr","14":"has-subscription-plans","16":"first","17":"instock","18":"taxable","19":"shipping-taxable","20":"purchasable","21":"product-type-variable"},"acf":[],"_links":{"self":[{"href":"https:\/\/marketplace.petmobile.ca\/fr\/wp-json\/wp\/v2\/product\/69114","targetHints":{"allow":["GET"]}}],"collection":[{"href":"https:\/\/marketplace.petmobile.ca\/fr\/wp-json\/wp\/v2\/product"}],"about":[{"href":"https:\/\/marketplace.petmobile.ca\/fr\/wp-json\/wp\/v2\/types\/product"}],"replies":[{"embeddable":true,"href":"https:\/\/marketplace.petmobile.ca\/fr\/wp-json\/wp\/v2\/comments?post=69114"}],"wp:featuredmedia":[{"embeddable":true,"href":"https:\/\/marketplace.petmobile.ca\/fr\/wp-json\/wp\/v2\/media\/66841"}],"wp:attachment":[{"href":"https:\/\/marketplace.petmobile.ca\/fr\/wp-json\/wp\/v2\/media?parent=69114"}],"wp:term":[{"taxonomy":"product_brand","embeddable":true,"href":"https:\/\/marketplace.petmobile.ca\/fr\/wp-json\/wp\/v2\/product_brand?post=69114"},{"taxonomy":"product_cat","embeddable":true,"href":"https:\/\/marketplace.petmobile.ca\/fr\/wp-json\/wp\/v2\/product_cat?post=69114"},{"taxonomy":"product_tag","embeddable":true,"href":"https:\/\/marketplace.petmobile.ca\/fr\/wp-json\/wp\/v2\/product_tag?post=69114"}],"curies":[{"name":"wp","href":"https:\/\/api.w.org\/{rel}","templated":true}]}}