{"id":69382,"date":"2022-07-26T17:34:31","date_gmt":"2022-07-26T22:38:16","guid":{"rendered":"https:\/\/marketplace.petmobile.ca\/product\/kong-marathon-paquet-de-2-beurre-darachide\/"},"modified":"2022-11-03T10:12:30","modified_gmt":"2022-11-03T15:12:30","slug":"kong-marathon-paquet-de-2-beurre-darachide","status":"publish","type":"product","link":"https:\/\/marketplace.petmobile.ca\/fr\/produit\/kong-marathon-paquet-de-2-beurre-darachide\/","title":{"rendered":"KONG Marathon &#8211; Paquet de 2 &#8211; Beurre d&rsquo;arachide"},"content":{"rendered":"<p>La friandise KONG Marathon offre une solution stimulante au besoin de mastiquer.\u00a0 De taille parfaite pour les jouets en caoutchouc KONG Classic, cette friandise pratique et sans d\u00e9g\u00e2ts est remplie de plaisir. Pour commencer, les ar\u00f4mes \u00e9veillent les instincts naturels de mastication, ensuite l\u2019ext\u00e9rieur robuste prolonge l\u2019int\u00e9r\u00eat et enfin, les pinces comestibles incitent \u00e0 la recherche de nourriture quand qu\u2019elles tombent \u00e0 l\u2019int\u00e9rieur du jouet d\u00e8s que le chien a fini de manger l\u2019ext\u00e9rieur.\u00a0 Le KONG Marathon est un produit naturel, sans c\u00e9r\u00e9ales et fi\u00e8rement fabriqu\u00e9 aux \u00c9tats-Unis. Facile \u00e0 positionner dans un KONG, il suffit de l\u2019enfoncez puis de la tournez l\u00e9g\u00e8rement\u00a0 pour bien la bloquer dans le KONG et cr\u00e9er un festival de g\u00e2teries.<\/p>\n","protected":false},"excerpt":{"rendered":"<p>La friandise KONG Marathon offre une solution stimulante au besoin de mastiquer.\u00a0 De taille parfaite pour les jouets en caoutchouc<\/p>\n","protected":false},"featured_media":62906,"comment_status":"closed","ping_status":"closed","template":"","meta":{"_acf_changed":false,"_themeisle_gutenberg_block_has_review":false},"product_brand":[],"product_cat":[2871,1109,1115],"product_tag":[2131],"class_list":{"0":"post-69382","1":"product","2":"type-product","3":"status-publish","4":"has-post-thumbnail","6":"product_cat-chien-biscuits-et-autres","7":"product_cat-nourriture-et-produits-pour-chien","8":"product_cat-chien-gateries","9":"product_tag-kong-fr","10":"pa_animal-dog-fr","11":"has-subscription-plans","13":"first","14":"instock","15":"taxable","16":"shipping-taxable","17":"purchasable","18":"product-type-simple"},"acf":[],"_links":{"self":[{"href":"https:\/\/marketplace.petmobile.ca\/fr\/wp-json\/wp\/v2\/product\/69382","targetHints":{"allow":["GET"]}}],"collection":[{"href":"https:\/\/marketplace.petmobile.ca\/fr\/wp-json\/wp\/v2\/product"}],"about":[{"href":"https:\/\/marketplace.petmobile.ca\/fr\/wp-json\/wp\/v2\/types\/product"}],"replies":[{"embeddable":true,"href":"https:\/\/marketplace.petmobile.ca\/fr\/wp-json\/wp\/v2\/comments?post=69382"}],"wp:featuredmedia":[{"embeddable":true,"href":"https:\/\/marketplace.petmobile.ca\/fr\/wp-json\/wp\/v2\/media\/62906"}],"wp:attachment":[{"href":"https:\/\/marketplace.petmobile.ca\/fr\/wp-json\/wp\/v2\/media?parent=69382"}],"wp:term":[{"taxonomy":"product_brand","embeddable":true,"href":"https:\/\/marketplace.petmobile.ca\/fr\/wp-json\/wp\/v2\/product_brand?post=69382"},{"taxonomy":"product_cat","embeddable":true,"href":"https:\/\/marketplace.petmobile.ca\/fr\/wp-json\/wp\/v2\/product_cat?post=69382"},{"taxonomy":"product_tag","embeddable":true,"href":"https:\/\/marketplace.petmobile.ca\/fr\/wp-json\/wp\/v2\/product_tag?post=69382"}],"curies":[{"name":"wp","href":"https:\/\/api.w.org\/{rel}","templated":true}]}}